{"id":24824,"date":"2022-12-12T16:22:16","date_gmt":"2022-12-12T16:22:16","guid":{"rendered":"https:\/\/www.sevenjackpots.com\/?page_id=24824"},"modified":"2025-06-19T21:57:21","modified_gmt":"2025-06-19T21:57:21","slug":"sobre-nos","status":"publish","type":"page","link":"https:\/\/www.sevenjackpots.com\/br\/sobre-nos\/","title":{"rendered":"Sobre n\u00f3s"},"content":{"rendered":"<h2 id=\"1-o-que-fazemos\">O que fazemos<\/h2>\n<p>Desde 2018, fornecemos aos brasileiros an\u00e1lises independentes de cassinos e guias detalhados sobre como jogar e fazer apostas. Todos na equipe da SevenJackpots s\u00e3o apaixonados por jogos de azar, e a maioria de n\u00f3s tem experi\u00eancia de trabalho em algumas das maiores operadoras do mundo.<\/p>\n<p>Na SevenJackpots.com, combinamos conhecimento com experi\u00eancia para criar conte\u00fado de cassino relevante e honesto, especificamente para o mercado de apostas brasileiro. O resultado s\u00e3o an\u00e1lises imparciais de cassinos, guias detalhados, an\u00e1lises honestas de jogos e todas as \u00faltimas not\u00edcias sobre jogos de azar online no Brasil.<\/p>\n<h2 id=\"2-por-que-confiar-na-sevenjackpots-com\">Por que confiar na SevenJackpots.com?<\/h2>\n<p>Temos mais de uma d\u00e9cada de experi\u00eancia em apostas online. Tendo trabalhado nos bastidores de alguns dos maiores nomes do setor, usamos o conhecimento interno e a experi\u00eancia quando analisamos cassinos e criamos guias.<\/p>\n<p>A SevenJackpots tamb\u00e9m se compromete a trabalhar somente com operadores licenciados. Voc\u00ea n\u00e3o encontrar\u00e1 aqui nenhum cassino duvidoso, nenhuma estrat\u00e9gia de jogo que prometa mais do que pode oferecer e nenhuma promo\u00e7\u00e3o tendenciosa de produtos.<\/p>\n<p>Tudo o que voc\u00ea v\u00ea aqui \u00e9 honesto, imparcial e apoiado por dados e horas de pesquisa.<\/p>\n<div class=\"box-text\" style=\"\">\n<h2 id=\"3-conheca-a-equipe\">Conhe\u00e7a a equipe<\/h2>\n<div class=\"col\"><div class=\"col--1-3 \">\n<p><img decoding=\"async\" class=\"img-mobile-center aligncenter wp-image-13168 size-thumbnail\" src=\"https:\/\/www.sevenjackpots.com\/wp-content\/uploads\/2025\/06\/anand-sharma-hero.png\" alt=\"Retrato ilustrado de Felicia Wijkander para a mat\u00e9ria de Sobre N\u00f3s.\" width=\"150\" height=\"157\" \/><\/p>\n<p style=\"text-align: center;\"><strong>Editor-Chefe <a href=\"https:\/\/www.sevenjackpots.com\/br\/sobre-nos\/anand-s\/\">Anand Sharma<\/a><\/strong><\/p>\n<\/div> <div class=\"col--2-3 \">\n<p><img decoding=\"async\" class=\"aligncenter wp-image-30900 size-thumbnail\" style=\"margin-top: 8px; margin-bottom: 3px;\" src=\"https:\/\/www.sevenjackpots.com\/wp-content\/uploads\/2024\/02\/eduardo-alves-profile-picture-300x300-1-150x150.png\" alt=\"Retrato ilustrado de Eduardo Alves. Para a mat\u00e9ria de Sobre N\u00f3s.\" width=\"150\" height=\"150\" srcset=\"https:\/\/www.sevenjackpots.com\/wp-content\/uploads\/2024\/02\/eduardo-alves-profile-picture-300x300-1-150x150.png 150w, https:\/\/www.sevenjackpots.com\/wp-content\/uploads\/2024\/02\/eduardo-alves-profile-picture-300x300-1-80x80.png 80w, https:\/\/www.sevenjackpots.com\/wp-content\/uploads\/2024\/02\/eduardo-alves-profile-picture-300x300-1-50x50.png 50w, https:\/\/www.sevenjackpots.com\/wp-content\/uploads\/2024\/02\/eduardo-alves-profile-picture-300x300-1-200x200.png 200w\" sizes=\"(max-width: 150px) 100vw, 150px\" \/><\/p>\n<p style=\"text-align: center;\"><strong><span class=\"css-fqovtb e1x8aijp4\">Escritor <a href=\"https:\/\/www.sevenjackpots.com\/br\/sobre-nos\/eduardo-a\/\">Eduardo Alves<\/a><\/span><\/strong><\/p>\n<\/div><div class=\"col--3-3 \">\n<p><img decoding=\"async\" class=\"aligncenter wp-image-40924 size-thumbnail\" style=\"margin-top: 8px; margin-bottom: 3px;\" src=\"https:\/\/www.sevenjackpots.com\/wp-content\/uploads\/2025\/04\/lucas-dalenogare-profile-picture-700x700-orange-1-150x150.png\" alt=\"\" width=\"150\" height=\"150\" srcset=\"https:\/\/www.sevenjackpots.com\/wp-content\/uploads\/2025\/04\/lucas-dalenogare-profile-picture-700x700-orange-1-150x150.png 150w, https:\/\/www.sevenjackpots.com\/wp-content\/uploads\/2025\/04\/lucas-dalenogare-profile-picture-700x700-orange-1-300x300.png 300w, https:\/\/www.sevenjackpots.com\/wp-content\/uploads\/2025\/04\/lucas-dalenogare-profile-picture-700x700-orange-1-34x34.png 34w, https:\/\/www.sevenjackpots.com\/wp-content\/uploads\/2025\/04\/lucas-dalenogare-profile-picture-700x700-orange-1-70x70.png 70w, https:\/\/www.sevenjackpots.com\/wp-content\/uploads\/2025\/04\/lucas-dalenogare-profile-picture-700x700-orange-1-90x90.png 90w, https:\/\/www.sevenjackpots.com\/wp-content\/uploads\/2025\/04\/lucas-dalenogare-profile-picture-700x700-orange-1-180x180.png 180w, https:\/\/www.sevenjackpots.com\/wp-content\/uploads\/2025\/04\/lucas-dalenogare-profile-picture-700x700-orange-1-350x350.png 350w, https:\/\/www.sevenjackpots.com\/wp-content\/uploads\/2025\/04\/lucas-dalenogare-profile-picture-700x700-orange-1-80x80.png 80w, https:\/\/www.sevenjackpots.com\/wp-content\/uploads\/2025\/04\/lucas-dalenogare-profile-picture-700x700-orange-1-50x50.png 50w, https:\/\/www.sevenjackpots.com\/wp-content\/uploads\/2025\/04\/lucas-dalenogare-profile-picture-700x700-orange-1-200x200.png 200w, https:\/\/www.sevenjackpots.com\/wp-content\/uploads\/2025\/04\/lucas-dalenogare-profile-picture-700x700-orange-1.png 700w\" sizes=\"(max-width: 150px) 100vw, 150px\" \/><\/p>\n<p style=\"text-align: center;\"><strong><span class=\"css-fqovtb e1x8aijp4\">Escritor <a href=\"https:\/\/www.sevenjackpots.com\/br\/sobre-nos\/lucas-d\/\">Lucas Dalenogare<\/a><\/span><\/strong><\/p>\n<\/div><\/div>\n<\/div>\n<h2 id=\"4-nossos-valores\">Nossos valores<\/h2>\n<p>A SevenJackpots.com foi criada pensando em voc\u00ea, o jogador. N\u00f3s nos esfor\u00e7amos para fornecer todas as informa\u00e7\u00f5es de que voc\u00ea precisa para percorrer o mundo das apostas online com confian\u00e7a. Nossos valores constituem a base deste site para garantir que voc\u00ea esteja sempre recebendo o melhor.<\/p>\n<h3>Ser honesto com integridade<\/h3>\n<p>Nossas an\u00e1lises s\u00e3o imparciais e honestas, e nossos guias s\u00e3o escritos para gui\u00e1-lo pela realidade dos jogos de azar, n\u00e3o apenas pelas vezes em que temos sorte e ganhamos. Compartilhamos nossas opini\u00f5es honestas, boas e ruins.<\/p>\n<h3>Regulamenta\u00e7\u00e3o<\/h3>\n<p>A nova regulamenta\u00e7\u00e3o mudou radicalmente as regras para cassinos e apostas online nos \u00faltimos anos. Por isso, nosso time de especialistas brasileiros est\u00e1 de olho em cada mudan\u00e7a, em cada novidade. Assim, podemos trazer para nossos leitores atualiza\u00e7\u00f5es constantes e garantir que eles apostem sempre na legalidade. Sempre em cassinos online confi\u00e1veis e regulamentados.<\/p>\n<h3>Seja sempre respons\u00e1vel<\/h3>\n<p>O jogo \u00e9 divertido, mas igualmente arriscado. Portanto, pedimos aos jogadores que joguem com cautela. Que sejam respons\u00e1veis e que nunca joguem com fundos que n\u00e3o possam perder. Nossa p\u00e1gina dedicada ao jogo respons\u00e1vel fornece ferramentas sobre como minimizar os riscos ao jogar.<\/p>\n<h3>A escolha \u00e9 sua<\/h3>\n<p>Este site foi criado para voc\u00ea, colega entusiasta do mundo das apostas. N\u00e3o estamos tentando lhe vender nada, apenas queremos que voc\u00ea tenha as melhores op\u00e7\u00f5es para escolher.<\/p>\n<h3>Compartilhando experi\u00eancia<\/h3>\n<p>Somos especialistas em cassinos e voc\u00ea tamb\u00e9m pode ser! N\u00e3o acreditamos em guardar informa\u00e7\u00f5es importantes; queremos que voc\u00ea entenda como funcionam os cassinos e seus jogos. \u00c9 por isso que n\u00e3o hesitamos em compartilhar experi\u00eancias pessoais e segredos do mercado de cassinos, b\u00f4nus e jogos.<\/p>\n<h3>Nunca fica velho<\/h3>\n<p>Nosso site \u00e9 constantemente atualizado para mostrar informa\u00e7\u00f5es atuais e corretas. Isso significa revisar regularmente os cassinos, ajustar as estrat\u00e9gias de jogo, testar os m\u00e9todos de pagamento e jogar novamente os jogos.<\/p>\n<h2 id=\"5-entre-em-contato-conosco\">Entre em contato conosco<\/h2>\n<p><strong>Contato:<\/strong> <a href=\"mailto:info@sevenjackpots.com\">info@sevenjackpots.com<\/a><\/p>\n","protected":false},"excerpt":{"rendered":"<p>O que fazemos Desde 2018, fornecemos aos brasileiros an\u00e1lises independentes de cassinos e guias detalhados [&hellip;]<\/p>\n","protected":false},"author":4,"featured_media":0,"parent":0,"menu_order":0,"comment_status":"closed","ping_status":"closed","template":"","meta":{"_acf_changed":false,"footnotes":""},"categories":[],"tags":[],"class_list":["post-24824","page","type-page","status-publish","hentry"],"yoast_head":"<!-- This site is optimized with the Yoast SEO Premium plugin v26.0 (Yoast SEO v27.4) - https:\/\/yoast.com\/product\/yoast-seo-premium-wordpress\/ -->\n<title>Sobre N\u00f3s - SevenJackpots Brasil<\/title>\n<meta name=\"description\" content=\"SevenJackpots \u00e9 uma empresa especializada em avaliar cassinos no Brasil. Saiba mais sobre o time por tr\u00e1s do site e como trabalhamos.\" \/>\n<meta name=\"robots\" content=\"index, follow, max-snippet:-1, max-image-preview:large, max-video-preview:-1\" \/>\n<link rel=\"canonical\" href=\"https:\/\/www.sevenjackpots.com\/br\/sobre-nos\/\" \/>\n<meta property=\"og:locale\" content=\"en_US\" \/>\n<meta property=\"og:type\" content=\"article\" \/>\n<meta property=\"og:title\" content=\"Sobre n\u00f3s\" \/>\n<meta property=\"og:description\" content=\"O que fazemos Desde 2018, fornecemos aos brasileiros an\u00e1lises independentes de cassinos e guias detalhados sobre como jogar e fazer apostas. Todos na\" \/>\n<meta property=\"og:url\" content=\"https:\/\/www.sevenjackpots.com\/br\/sobre-nos\/\" \/>\n<meta property=\"og:site_name\" content=\"SevenJackpots - India&#039;s Best Online Casino Guide\" \/>\n<meta property=\"article:publisher\" content=\"https:\/\/www.facebook.com\/Sevenjackpots.in\/\" \/>\n<meta property=\"article:modified_time\" content=\"2025-06-19T21:57:21+00:00\" \/>\n<meta property=\"og:image\" content=\"https:\/\/www.sevenjackpots.com\/wp-content\/uploads\/2025\/06\/anand-sharma-hero.png\" \/>\n<meta name=\"twitter:card\" content=\"summary_large_image\" \/>\n<meta name=\"twitter:label1\" content=\"Est. tempo de leitura\" \/>\n\t<meta name=\"twitter:data1\" content=\"3 minutos\" \/>\n<script type=\"application\/ld+json\" class=\"yoast-schema-graph\">{\"@context\":\"https:\\\/\\\/schema.org\",\"@graph\":[{\"@type\":\"WebPage\",\"@id\":\"https:\\\/\\\/www.sevenjackpots.com\\\/br\\\/sobre-nos\\\/\",\"url\":\"https:\\\/\\\/www.sevenjackpots.com\\\/br\\\/sobre-nos\\\/\",\"name\":\"Sobre N\u00f3s - SevenJackpots Brasil\",\"isPartOf\":{\"@id\":\"https:\\\/\\\/www.sevenjackpots.com\\\/br\\\/#website\"},\"primaryImageOfPage\":{\"@id\":\"https:\\\/\\\/www.sevenjackpots.com\\\/br\\\/sobre-nos\\\/#primaryimage\"},\"image\":{\"@id\":\"https:\\\/\\\/www.sevenjackpots.com\\\/br\\\/sobre-nos\\\/#primaryimage\"},\"thumbnailUrl\":\"https:\\\/\\\/www.sevenjackpots.com\\\/wp-content\\\/uploads\\\/2025\\\/06\\\/anand-sharma-hero.png\",\"datePublished\":\"2022-12-12T16:22:16+00:00\",\"dateModified\":\"2025-06-19T21:57:21+00:00\",\"description\":\"SevenJackpots \u00e9 uma empresa especializada em avaliar cassinos no Brasil. Saiba mais sobre o time por tr\u00e1s do site e como trabalhamos.\",\"inLanguage\":\"pt-BR\",\"potentialAction\":[{\"@type\":\"ReadAction\",\"target\":[\"https:\\\/\\\/www.sevenjackpots.com\\\/br\\\/sobre-nos\\\/\"]}]},{\"@type\":\"ImageObject\",\"inLanguage\":\"pt-BR\",\"@id\":\"https:\\\/\\\/www.sevenjackpots.com\\\/br\\\/sobre-nos\\\/#primaryimage\",\"url\":\"https:\\\/\\\/www.sevenjackpots.com\\\/wp-content\\\/uploads\\\/2025\\\/06\\\/anand-sharma-hero.png\",\"contentUrl\":\"https:\\\/\\\/www.sevenjackpots.com\\\/wp-content\\\/uploads\\\/2025\\\/06\\\/anand-sharma-hero.png\"},{\"@type\":\"BreadcrumbList\",\"@id\":\"https:\\\/\\\/www.sevenjackpots.com\\\/br\\\/sobre-nos\\\/#breadcrumb\",\"itemListElement\":[{\"@type\":\"ListItem\",\"position\":1,\"name\":\"Home\",\"item\":\"https:\\\/\\\/www.sevenjackpots.com\\\/br\\\/\"},{\"@type\":\"ListItem\",\"position\":2,\"name\":\"Sobre n\u00f3s\"}]},{\"@type\":\"WebSite\",\"@id\":\"https:\\\/\\\/www.sevenjackpots.com\\\/br\\\/#website\",\"url\":\"https:\\\/\\\/www.sevenjackpots.com\\\/br\\\/\",\"name\":\"SevenJackpots - India's Best Online Casino Guide\",\"description\":\"\",\"publisher\":{\"@id\":\"https:\\\/\\\/www.sevenjackpots.com\\\/br\\\/#organization\"},\"potentialAction\":[{\"@type\":\"SearchAction\",\"target\":{\"@type\":\"EntryPoint\",\"urlTemplate\":\"https:\\\/\\\/www.sevenjackpots.com\\\/br\\\/?s={search_term_string}\"},\"query-input\":{\"@type\":\"PropertyValueSpecification\",\"valueRequired\":true,\"valueName\":\"search_term_string\"}}],\"inLanguage\":\"pt-BR\"},{\"@type\":\"Organization\",\"@id\":\"https:\\\/\\\/www.sevenjackpots.com\\\/br\\\/#organization\",\"name\":\"SevenJackpots\",\"url\":\"https:\\\/\\\/www.sevenjackpots.com\\\/br\\\/\",\"logo\":{\"@type\":\"ImageObject\",\"inLanguage\":\"pt-BR\",\"@id\":\"https:\\\/\\\/www.sevenjackpots.com\\\/br\\\/#\\\/schema\\\/logo\\\/image\\\/\",\"url\":\"https:\\\/\\\/www.sevenjackpots.com\\\/wp-content\\\/uploads\\\/2024\\\/09\\\/sevenjackpots-yoast.png\",\"contentUrl\":\"https:\\\/\\\/www.sevenjackpots.com\\\/wp-content\\\/uploads\\\/2024\\\/09\\\/sevenjackpots-yoast.png\",\"width\":750,\"height\":750,\"caption\":\"SevenJackpots\"},\"image\":{\"@id\":\"https:\\\/\\\/www.sevenjackpots.com\\\/br\\\/#\\\/schema\\\/logo\\\/image\\\/\"},\"sameAs\":[\"https:\\\/\\\/www.facebook.com\\\/Sevenjackpots.in\\\/\",\"https:\\\/\\\/www.youtube.com\\\/channel\\\/UCn-K2LNaXT1XckDT1l8MnfA\",\"https:\\\/\\\/www.instagram.com\\\/sevenjackpots\\\/\"]}]}<\/script>\n<!-- \/ Yoast SEO Premium plugin. -->","yoast_head_json":{"title":"Sobre N\u00f3s - SevenJackpots Brasil","description":"SevenJackpots \u00e9 uma empresa especializada em avaliar cassinos no Brasil. Saiba mais sobre o time por tr\u00e1s do site e como trabalhamos.","robots":{"index":"index","follow":"follow","max-snippet":"max-snippet:-1","max-image-preview":"max-image-preview:large","max-video-preview":"max-video-preview:-1"},"canonical":"https:\/\/www.sevenjackpots.com\/br\/sobre-nos\/","og_locale":"en_US","og_type":"article","og_title":"Sobre n\u00f3s","og_description":"O que fazemos Desde 2018, fornecemos aos brasileiros an\u00e1lises independentes de cassinos e guias detalhados sobre como jogar e fazer apostas. Todos na","og_url":"https:\/\/www.sevenjackpots.com\/br\/sobre-nos\/","og_site_name":"SevenJackpots - India&#039;s Best Online Casino Guide","article_publisher":"https:\/\/www.facebook.com\/Sevenjackpots.in\/","article_modified_time":"2025-06-19T21:57:21+00:00","og_image":[{"url":"https:\/\/www.sevenjackpots.com\/wp-content\/uploads\/2025\/06\/anand-sharma-hero.png","type":"","width":"","height":""}],"twitter_card":"summary_large_image","twitter_misc":{"Est. tempo de leitura":"3 minutos"},"schema":{"@context":"https:\/\/schema.org","@graph":[{"@type":"WebPage","@id":"https:\/\/www.sevenjackpots.com\/br\/sobre-nos\/","url":"https:\/\/www.sevenjackpots.com\/br\/sobre-nos\/","name":"Sobre N\u00f3s - SevenJackpots Brasil","isPartOf":{"@id":"https:\/\/www.sevenjackpots.com\/br\/#website"},"primaryImageOfPage":{"@id":"https:\/\/www.sevenjackpots.com\/br\/sobre-nos\/#primaryimage"},"image":{"@id":"https:\/\/www.sevenjackpots.com\/br\/sobre-nos\/#primaryimage"},"thumbnailUrl":"https:\/\/www.sevenjackpots.com\/wp-content\/uploads\/2025\/06\/anand-sharma-hero.png","datePublished":"2022-12-12T16:22:16+00:00","dateModified":"2025-06-19T21:57:21+00:00","description":"SevenJackpots \u00e9 uma empresa especializada em avaliar cassinos no Brasil. Saiba mais sobre o time por tr\u00e1s do site e como trabalhamos.","inLanguage":"pt-BR","potentialAction":[{"@type":"ReadAction","target":["https:\/\/www.sevenjackpots.com\/br\/sobre-nos\/"]}]},{"@type":"ImageObject","inLanguage":"pt-BR","@id":"https:\/\/www.sevenjackpots.com\/br\/sobre-nos\/#primaryimage","url":"https:\/\/www.sevenjackpots.com\/wp-content\/uploads\/2025\/06\/anand-sharma-hero.png","contentUrl":"https:\/\/www.sevenjackpots.com\/wp-content\/uploads\/2025\/06\/anand-sharma-hero.png"},{"@type":"BreadcrumbList","@id":"https:\/\/www.sevenjackpots.com\/br\/sobre-nos\/#breadcrumb","itemListElement":[{"@type":"ListItem","position":1,"name":"Home","item":"https:\/\/www.sevenjackpots.com\/br\/"},{"@type":"ListItem","position":2,"name":"Sobre n\u00f3s"}]},{"@type":"WebSite","@id":"https:\/\/www.sevenjackpots.com\/br\/#website","url":"https:\/\/www.sevenjackpots.com\/br\/","name":"SevenJackpots - India's Best Online Casino Guide","description":"","publisher":{"@id":"https:\/\/www.sevenjackpots.com\/br\/#organization"},"potentialAction":[{"@type":"SearchAction","target":{"@type":"EntryPoint","urlTemplate":"https:\/\/www.sevenjackpots.com\/br\/?s={search_term_string}"},"query-input":{"@type":"PropertyValueSpecification","valueRequired":true,"valueName":"search_term_string"}}],"inLanguage":"pt-BR"},{"@type":"Organization","@id":"https:\/\/www.sevenjackpots.com\/br\/#organization","name":"SevenJackpots","url":"https:\/\/www.sevenjackpots.com\/br\/","logo":{"@type":"ImageObject","inLanguage":"pt-BR","@id":"https:\/\/www.sevenjackpots.com\/br\/#\/schema\/logo\/image\/","url":"https:\/\/www.sevenjackpots.com\/wp-content\/uploads\/2024\/09\/sevenjackpots-yoast.png","contentUrl":"https:\/\/www.sevenjackpots.com\/wp-content\/uploads\/2024\/09\/sevenjackpots-yoast.png","width":750,"height":750,"caption":"SevenJackpots"},"image":{"@id":"https:\/\/www.sevenjackpots.com\/br\/#\/schema\/logo\/image\/"},"sameAs":["https:\/\/www.facebook.com\/Sevenjackpots.in\/","https:\/\/www.youtube.com\/channel\/UCn-K2LNaXT1XckDT1l8MnfA","https:\/\/www.instagram.com\/sevenjackpots\/"]}]}},"acf":[],"_links":{"self":[{"href":"https:\/\/www.sevenjackpots.com\/br\/wp-json\/wp\/v2\/pages\/24824","targetHints":{"allow":["GET"]}}],"collection":[{"href":"https:\/\/www.sevenjackpots.com\/br\/wp-json\/wp\/v2\/pages"}],"about":[{"href":"https:\/\/www.sevenjackpots.com\/br\/wp-json\/wp\/v2\/types\/page"}],"author":[{"embeddable":true,"href":"https:\/\/www.sevenjackpots.com\/br\/wp-json\/wp\/v2\/users\/4"}],"replies":[{"embeddable":true,"href":"https:\/\/www.sevenjackpots.com\/br\/wp-json\/wp\/v2\/comments?post=24824"}],"version-history":[{"count":18,"href":"https:\/\/www.sevenjackpots.com\/br\/wp-json\/wp\/v2\/pages\/24824\/revisions"}],"predecessor-version":[{"id":41803,"href":"https:\/\/www.sevenjackpots.com\/br\/wp-json\/wp\/v2\/pages\/24824\/revisions\/41803"}],"wp:attachment":[{"href":"https:\/\/www.sevenjackpots.com\/br\/wp-json\/wp\/v2\/media?parent=24824"}],"wp:term":[{"taxonomy":"category","embeddable":true,"href":"https:\/\/www.sevenjackpots.com\/br\/wp-json\/wp\/v2\/categories?post=24824"},{"taxonomy":"post_tag","embeddable":true,"href":"https:\/\/www.sevenjackpots.com\/br\/wp-json\/wp\/v2\/tags?post=24824"}],"curies":[{"name":"wp","href":"https:\/\/api.w.org\/{rel}","templated":true}]}}