{"id":25049,"date":"2022-12-13T20:39:23","date_gmt":"2022-12-13T20:39:23","guid":{"rendered":"https:\/\/www.sevenjackpots.com\/?page_id=25049"},"modified":"2024-10-18T04:10:11","modified_gmt":"2024-10-18T04:10:11","slug":"avaliacao-de-cassinos","status":"publish","type":"page","link":"https:\/\/www.sevenjackpots.com\/br\/avaliacao-de-cassinos\/","title":{"rendered":"Nosso Sistema de Classifica\u00e7\u00e3o"},"content":{"rendered":"<h2 id=\"1-como-funciona-nosso-sistema-de-avaliacao-de-cassinos\">COMO FUNCIONA NOSSO SISTEMA DE AVALIA\u00c7\u00c3O DE CASSINOS<\/h2>\n<p>Ap\u00f3s nosso mergulho profundo no universo de cada operador, resumimos nosso trabalho classificando cada site em uma escala de 1 a 5:<\/p>\n<div class=\"box-text\" style=\"\">\n<p><img decoding=\"async\" class=\"aligncenter wp-image-11991\" src=\"https:\/\/www.sevenjackpots.com\/wp-content\/uploads\/2021\/04\/7J-5.svg\" alt=\"\" width=\"380\" height=\"81\" \/><\/p>\n<p>5 \u2013 Atende todos os nossos desejos e requisitos. Em suma, um \u00f3timo operador para qualquer jogador de cassinos online.<\/p>\n<\/div>\n<div class=\"box-text\" style=\"\">\n<p><img decoding=\"async\" class=\"aligncenter wp-image-11993\" src=\"https:\/\/www.sevenjackpots.com\/wp-content\/uploads\/2021\/04\/7J-4.svg\" alt=\"\" width=\"380\" height=\"81\" \/><\/p>\n<p>4 \u2013 \u00c9 um cassino muito bom, mas carece de alguns aspectos quando comparado aos sites mais bem classificados.<\/p>\n<\/div>\n<div class=\"box-text\" style=\"\">\n<p><img decoding=\"async\" class=\"aligncenter wp-image-11994\" src=\"https:\/\/www.sevenjackpots.com\/wp-content\/uploads\/2021\/04\/7J-3.svg\" alt=\"\" width=\"380\" height=\"81\" \/><\/p>\n<p>3 \u2013 Jog\u00e1vel, mas geralmente com uma ou mais falhas maiores, como uma m\u00e1 sele\u00e7\u00e3o de jogos ou falta de formas de pagamento.<\/p>\n<\/div>\n<div class=\"box-text\" style=\"\">\n<p><img decoding=\"async\" class=\"aligncenter wp-image-11995\" src=\"https:\/\/www.sevenjackpots.com\/wp-content\/uploads\/2021\/04\/7J-2.svg\" alt=\"\" width=\"380\" height=\"81\" \/><\/p>\n<p>2 \u2013 O site em si costuma ser complicado e tem uma sele\u00e7\u00e3o de jogos ruim.<\/p>\n<\/div>\n<div class=\"box-text\" style=\"\">\n<p><img decoding=\"async\" class=\"aligncenter wp-image-11996\" src=\"https:\/\/www.sevenjackpots.com\/wp-content\/uploads\/2021\/04\/7J-1.svg\" alt=\"\" width=\"380\" height=\"81\" \/><\/p>\n<p>1 \u2013 A classifica\u00e7\u00e3o mais baixa \u00e9 para aqueles cassinos que s\u00f3 trazem frustra\u00e7\u00e3o. Dif\u00edcil de navegar, dif\u00edcil de fazer saques, baixas probabilidades de ganhar. Existem op\u00e7\u00f5es muito melhores no mundo do que essas.<\/p>\n<\/div>\n<div class=\"box-text\" style=\"\">\n<h2 id=\"2-por-que-avaliamos-as-operadoras\">POR QUE AVALIAMOS AS OPERADORAS?<\/h2>\n<p>H\u00e1 uma mir\u00edade de diferentes operadoras dispon\u00edveis para os jogadores brasileiros, e escolher um cassino aleatoriamente na internet \u00e9 a receita perfeita para a decep\u00e7\u00e3o.<\/p>\n<p>Nossa miss\u00e3o \u00e9 fazer a avalia\u00e7\u00e3o do cassino online.<\/p>\n<p>Por isso, aqui no\u00a0SevenJackpots, voc\u00ea recebe uma boa sele\u00e7\u00e3o de\u00a0sites de cassino seguros, confi\u00e1veis e justos, o que significa que voc\u00ea pode ter certeza de que far\u00e1 uma boa escolha.<\/p>\n<\/div>\n<\/div><div class=\"divide  \" style=\"background-color:; margin:;\">\r\n        <div class=\"container\">\r\n            <div class=\"\" style=\"padding: 2rem 0 8rem 0rem;\">\n<h2 id=\"3-as-nove-coisas-que-consideramos-na-avaliacao-de-cassinos\">AS NOVE COISAS QUE CONSIDERAMOS NA AVALIA\u00c7\u00c3O DE CASSINOS<\/h2>\n<p>Embora analisemos tudo o que um cassino tem a oferecer, h\u00e1 nove coisas principais que acreditamos serem importantes em um site de apostas. Essas s\u00e3o as coisas que separam os operadores maus dos bons e os bons dos \u00f3timos:<\/p>\n<\/div><\/div><\/div><div class=\"container\">\n<div class=\"box-text\" style=\"margin-top:-120px;\">\n<ol class=\"timeline-numeric timeline-numeric--secondary\">\n<li>\n<h3>Processo de registro<\/h3>\n<p>Quando encontramos um cassino, o que queremos fazer? Queremos come\u00e7ar logo a jogar! Portanto, um processo de registro r\u00e1pido e f\u00e1cil \u00e9 essencial. O registro no site deve levar apenas alguns minutos no m\u00e1ximo e deve ser super f\u00e1cil, mesmo em dispositivos m\u00f3veis.<\/li>\n<li>\n<h3>M\u00e9todos de pagamento<\/h3>\n<p>Um dos aspectos mais importantes de um cassino \u00e9 como eles lidam com os pagamentos. Os dep\u00f3sitos devem ser f\u00e1ceis, os\u00a0saques r\u00e1pidos\u00a0e de prefer\u00eancia gratuitos e os m\u00e9todos de pagamento oferecidos seguros. Grandes sites brasileiros usam m\u00e9todos como Pix, Boleto Pay4fun, VISA e Mastercard.<\/li>\n<li>\n<h3>Sele\u00e7\u00e3o de jogos<\/h3>\n<p>Um cassino sem jogos \u00e9 como uma bicicleta sem rodas, in\u00fatil! Grandes operadores t\u00eam uma ampla sele\u00e7\u00e3o de\u00a0ca\u00e7a-n\u00edqueis\u00a0e\u00a0jogos com dealers ao vivo\u00a0de provedores de jogos confi\u00e1veis. Os melhores cassinos online tamb\u00e9m garantem que seja f\u00e1cil navegar com os jogos organizados por categorias e com ferramentas de pesquisa dispon\u00edveis.<\/li>\n<li>\n<h3>Suporte ao Cliente<\/h3>\n<p>Em um mundo perfeito, usar\u00edamos esses sites sem problemas, mas reclama\u00e7\u00f5es e\u00a0pedidos de verifica\u00e7\u00e3o\u00a0sempre ocorrem, portanto, um bom suporte ao cliente \u00e9 importante. O atendimento deve estar dispon\u00edvel 24 horas por dia, 7 dias por semana, por meio de v\u00e1rios canais diferentes. O tempo de resposta deve ser r\u00e1pido e os agentes prestativos. F\u00e1cil!<\/li>\n<li>\n<h3>Promo\u00e7\u00f5es<\/h3>\n<p>Receber coisas extras \u00e9 sempre bom, ent\u00e3o os operadores com promo\u00e7\u00f5es, ofertas de b\u00f4nus e programas VIP s\u00e3o operadores que fazem um esfor\u00e7o extra para manter as coisas interessantes. Procuramos sites com ofertas que contem com termos e condi\u00e7\u00f5es simples e requisitos razo\u00e1veis.<\/li>\n<li>\n<h3>Aplicativo m\u00f3vel<\/h3>\n<p>Ter um\u00a0aplicativo m\u00f3vel\u00a0n\u00e3o \u00e9 o que faz ou quebra um cassino, mas com certeza torna as coisas mais f\u00e1ceis para n\u00f3s, usu\u00e1rios m\u00f3veis! Preferimos operadores com aplicativos compat\u00edveis com dispositivos Android e iOS, com um aplicativo f\u00e1cil de encontrar e baixar em seu site.<\/li>\n<li>\n<h3>Seguran\u00e7a, prote\u00e7\u00e3o e licen\u00e7a<\/h3>\n<p>Nunca queremos colocar voc\u00ea em risco de perder dinheiro em sites obscuros ou inseguros, e \u00e9 por isso que seguran\u00e7a e prote\u00e7\u00e3o s\u00e3o uma grande parte do que consideramos ser um bom operador. Um bom operador de cassino online deve ter uma\u00a0<a href=\"https:\/\/www.sevenjackpots.com\/br\/licencas-de-cassino\/\">licen\u00e7a de jogo<\/a>\u00a0respeit\u00e1vel, ser um site criptografado e usar apenas m\u00e9todos de pagamento seguros.<\/li>\n<li>\n<h3>Jogo Respons\u00e1vel<\/h3>\n<p>Acredite em n\u00f3s; existem alguns operadores por a\u00ed que n\u00e3o se importam com o seu bem-estar. Isso n\u00e3o \u00e9 legal! Uma perspectiva saud\u00e1vel de\u00a0<a href=\"https:\/\/www.sevenjackpots.com\/br\/jogo-responsavel\/\">Jogo Respons\u00e1vel<\/a>\u00a0\u00e9 um aspecto importante em nossas an\u00e1lises de operadores. Deve haver algumas ferramentas dispon\u00edveis para regular seu jogo e a possibilidade de auto exclus\u00e3o.<\/li>\n<li>\n<h3>Instinto<\/h3>\n<p>N\u00e3o \u00e9 um aspecto mensur\u00e1vel, mas jogamos, trabalhamos e revisamos tantos operadores de cassinos online que podemos sentir quando algo est\u00e1 errado. Ou quando est\u00e1 bem. Gostar\u00edamos de dizer que, se dissermos que um cassino \u00e9 bom, voc\u00ea pode acreditar em nossa palavra.<\/li>\n<\/ol>\n<\/div>\n<div class=\"box-text\" style=\"\">\n<h3>COMO SABER QUAL \u00c9 O MELHOR CASSINO PARA VOC\u00ca?<\/h3>\n<p>Existe um cassino on-line onipotente no Brasil? Infelizmente n\u00e3o. Existem, no entanto, v\u00e1rios operadores de alta qualidade, todos \u00fanicos \u00e0 sua maneira. Alguns s\u00e3o melhores para jogadores de ca\u00e7a-n\u00edqueis ou jogos de mesa, enquanto outros s\u00e3o perfeitos para apostadores esportivos.<\/p>\n<p>H\u00e1 sites que favorecem os jogadores que desejam subir na escada VIP, e alguns s\u00e3o feitos sob medida para jogadores que desejam misturar a emo\u00e7\u00e3o do cassino com a experi\u00eancia do videogame. Observamos todos os aspectos de um site quando os classificamos e voc\u00ea pode ter certeza de que enfatizamos o que torna cada cassino \u00fanico!<\/p>\n<\/div>\n<div class=\"box-text\" style=\"\">\n<h3>AVALIA\u00c7\u00c3O DE CASSINOS &#8211; EVITE CASSINOS ONLINE RUINS<\/h3>\n<p>Entre todos os sites de cassinos que voc\u00ea pode encontrar online, alguns s\u00e3o completamente ruins. Esses s\u00e3o sites que n\u00e3o receberiam nem uma estrela nossa, pois costumam ser conhecidos por reter ganhos ou saques dos jogadores. Estes s\u00e3o justamente os sites que riscamos em nossa avalia\u00e7\u00e3o de cassinos.<\/p>\n<p>N\u00e3o vamos classificar ou listar esses cassinos aqui no SevenJackpots, mas voc\u00ea pode aprender mais sobre\u00a0<a href=\"https:\/\/www.sevenjackpots.com\/br\/como-encontrar-cassinos-fraudulentos\/\">como identificar cassinos falsos<\/a>\u00a0em nosso guia:<\/p>\n<div class=\"col\"><div class=\"col--1-3 \">\n<p><a href=\"https:\/\/www.sevenjackpots.com\/wp-content\/uploads\/2021\/04\/Becric-lobby-screenshot.png\"><img decoding=\"async\" class=\"alignnone wp-image-10325 size-medium\" src=\"https:\/\/www.sevenjackpots.com\/wp-content\/uploads\/2020\/09\/Becric-lobby-screenshot-300x225.png\" alt=\"Imagens de cassinos mobile em uma avalia\u00e7\u00e3o de cassino.\" width=\"300\" height=\"225\" srcset=\"https:\/\/www.sevenjackpots.com\/wp-content\/uploads\/2020\/09\/Becric-lobby-screenshot-300x225.png 300w, https:\/\/www.sevenjackpots.com\/wp-content\/uploads\/2020\/09\/Becric-lobby-screenshot-768x575.png 768w, https:\/\/www.sevenjackpots.com\/wp-content\/uploads\/2020\/09\/Becric-lobby-screenshot.png 800w\" sizes=\"(max-width: 300px) 100vw, 300px\" \/><\/a><\/p>\n<p>Todo o conte\u00fado est\u00e1 oculto atr\u00e1s do login, e a afirma\u00e7\u00e3o \u201cMarca mais confi\u00e1vel do Brasil\u201d n\u00e3o pode ser confirmada.<\/p>\n<\/div> <div class=\"col--2-3 \">\n<p><a href=\"https:\/\/www.sevenjackpots.com\/wp-content\/uploads\/2021\/04\/vegasdays-casino-lobby-screenshot.png\"><img decoding=\"async\" class=\"alignnone wp-image-10327\" style=\"min-height: 166px;\" src=\"https:\/\/www.sevenjackpots.com\/wp-content\/uploads\/2021\/04\/vegasdays-casino-lobby-screenshot-300x212.png\" alt=\"Exemplo de avalia\u00e7\u00e3o de cassino.\" width=\"300\" height=\"212\" \/><\/a><\/p>\n<p>Site super obscuro. O operador \u00e9 mencionado em v\u00e1rias listas negras online por reter os pagamentos.<\/p>\n<\/div> <div class=\"col--3-3 \">\n<p><a href=\"https:\/\/www.sevenjackpots.com\/wp-content\/uploads\/2021\/04\/casino1x2-lobby-screenshot.png\"><img decoding=\"async\" class=\"alignnone wp-image-10326 size-medium\" src=\"https:\/\/www.sevenjackpots.com\/wp-content\/uploads\/2020\/09\/casino1x2-lobby-screenshot-300x228.png\" alt=\"Segundo exemplo de avalia\u00e7\u00e3o de cassino.\" width=\"300\" height=\"228\" srcset=\"https:\/\/www.sevenjackpots.com\/wp-content\/uploads\/2020\/09\/casino1x2-lobby-screenshot-300x228.png 300w, https:\/\/www.sevenjackpots.com\/wp-content\/uploads\/2020\/09\/casino1x2-lobby-screenshot-768x585.png 768w, https:\/\/www.sevenjackpots.com\/wp-content\/uploads\/2020\/09\/casino1x2-lobby-screenshot-257x195.png 257w, https:\/\/www.sevenjackpots.com\/wp-content\/uploads\/2020\/09\/casino1x2-lobby-screenshot.png 800w\" sizes=\"(max-width: 300px) 100vw, 300px\" \/><\/a><\/p>\n<p>O site n\u00e3o est\u00e1 usando criptografia HTTPS e est\u00e1 listado em v\u00e1rias listas negras online por n\u00e3o pagar aos jogadores.<\/p>\n<\/div><\/div>\n<\/div>\n","protected":false},"excerpt":{"rendered":"<p>COMO FUNCIONA NOSSO SISTEMA DE AVALIA\u00c7\u00c3O DE CASSINOS Ap\u00f3s nosso mergulho profundo no universo de [&hellip;]<\/p>\n","protected":false},"author":4,"featured_media":0,"parent":0,"menu_order":0,"comment_status":"closed","ping_status":"closed","template":"","meta":{"_acf_changed":false,"footnotes":""},"categories":[],"tags":[],"class_list":["post-25049","page","type-page","status-publish","hentry"],"yoast_head":"<!-- This site is optimized with the Yoast SEO Premium plugin v26.0 (Yoast SEO v27.3) - https:\/\/yoast.com\/product\/yoast-seo-premium-wordpress\/ -->\n<title>Avalia\u00e7\u00e3o de Cassinos: Como Avaliamos Cassinos No Brasil<\/title>\n<meta name=\"description\" content=\"Avalia\u00e7\u00e3o de Cassinos: Conhe\u00e7a o sistema de avalia\u00e7\u00e3o da SevenJackpots, o site que relata os melhores cassinos da internet.\" \/>\n<meta name=\"robots\" content=\"index, follow, max-snippet:-1, max-image-preview:large, max-video-preview:-1\" \/>\n<link rel=\"canonical\" href=\"https:\/\/www.sevenjackpots.com\/br\/avaliacao-de-cassinos\/\" \/>\n<meta property=\"og:locale\" content=\"en_US\" \/>\n<meta property=\"og:type\" content=\"article\" \/>\n<meta property=\"og:title\" content=\"Nosso Sistema de Classifica\u00e7\u00e3o\" \/>\n<meta property=\"og:description\" content=\"COMO FUNCIONA NOSSO SISTEMA DE AVALIA\u00c7\u00c3O DE CASSINOS Ap\u00f3s nosso mergulho profundo no universo de cada operador, resumimos nosso trabalho classificando\" \/>\n<meta property=\"og:url\" content=\"https:\/\/www.sevenjackpots.com\/br\/avaliacao-de-cassinos\/\" \/>\n<meta property=\"og:site_name\" content=\"SevenJackpots - India&#039;s Best Online Casino Guide\" \/>\n<meta property=\"article:publisher\" content=\"https:\/\/www.facebook.com\/Sevenjackpots.in\/\" \/>\n<meta property=\"article:modified_time\" content=\"2024-10-18T04:10:11+00:00\" \/>\n<meta property=\"og:image\" content=\"https:\/\/www.sevenjackpots.com\/wp-content\/uploads\/2021\/04\/7J-5.svg\" \/>\n<meta name=\"twitter:card\" content=\"summary_large_image\" \/>\n<meta name=\"twitter:label1\" content=\"Est. tempo de leitura\" \/>\n\t<meta name=\"twitter:data1\" content=\"6 minutos\" \/>\n<script type=\"application\/ld+json\" class=\"yoast-schema-graph\">{\"@context\":\"https:\\\/\\\/schema.org\",\"@graph\":[{\"@type\":\"WebPage\",\"@id\":\"https:\\\/\\\/www.sevenjackpots.com\\\/br\\\/avaliacao-de-cassinos\\\/\",\"url\":\"https:\\\/\\\/www.sevenjackpots.com\\\/br\\\/avaliacao-de-cassinos\\\/\",\"name\":\"Avalia\u00e7\u00e3o de Cassinos: Como Avaliamos Cassinos No Brasil\",\"isPartOf\":{\"@id\":\"https:\\\/\\\/www.sevenjackpots.com\\\/br\\\/#website\"},\"primaryImageOfPage\":{\"@id\":\"https:\\\/\\\/www.sevenjackpots.com\\\/br\\\/avaliacao-de-cassinos\\\/#primaryimage\"},\"image\":{\"@id\":\"https:\\\/\\\/www.sevenjackpots.com\\\/br\\\/avaliacao-de-cassinos\\\/#primaryimage\"},\"thumbnailUrl\":\"https:\\\/\\\/www.sevenjackpots.com\\\/wp-content\\\/uploads\\\/2021\\\/04\\\/7J-5.svg\",\"datePublished\":\"2022-12-13T20:39:23+00:00\",\"dateModified\":\"2024-10-18T04:10:11+00:00\",\"description\":\"Avalia\u00e7\u00e3o de Cassinos: Conhe\u00e7a o sistema de avalia\u00e7\u00e3o da SevenJackpots, o site que relata os melhores cassinos da internet.\",\"inLanguage\":\"pt-BR\",\"potentialAction\":[{\"@type\":\"ReadAction\",\"target\":[\"https:\\\/\\\/www.sevenjackpots.com\\\/br\\\/avaliacao-de-cassinos\\\/\"]}]},{\"@type\":\"ImageObject\",\"inLanguage\":\"pt-BR\",\"@id\":\"https:\\\/\\\/www.sevenjackpots.com\\\/br\\\/avaliacao-de-cassinos\\\/#primaryimage\",\"url\":\"https:\\\/\\\/www.sevenjackpots.com\\\/wp-content\\\/uploads\\\/2021\\\/04\\\/7J-5.svg\",\"contentUrl\":\"https:\\\/\\\/www.sevenjackpots.com\\\/wp-content\\\/uploads\\\/2021\\\/04\\\/7J-5.svg\"},{\"@type\":\"BreadcrumbList\",\"@id\":\"https:\\\/\\\/www.sevenjackpots.com\\\/br\\\/avaliacao-de-cassinos\\\/#breadcrumb\",\"itemListElement\":[{\"@type\":\"ListItem\",\"position\":1,\"name\":\"Home\",\"item\":\"https:\\\/\\\/www.sevenjackpots.com\\\/br\\\/\"},{\"@type\":\"ListItem\",\"position\":2,\"name\":\"Nosso Sistema de Classifica\u00e7\u00e3o\"}]},{\"@type\":\"WebSite\",\"@id\":\"https:\\\/\\\/www.sevenjackpots.com\\\/br\\\/#website\",\"url\":\"https:\\\/\\\/www.sevenjackpots.com\\\/br\\\/\",\"name\":\"SevenJackpots - India's Best Online Casino Guide\",\"description\":\"\",\"publisher\":{\"@id\":\"https:\\\/\\\/www.sevenjackpots.com\\\/br\\\/#organization\"},\"potentialAction\":[{\"@type\":\"SearchAction\",\"target\":{\"@type\":\"EntryPoint\",\"urlTemplate\":\"https:\\\/\\\/www.sevenjackpots.com\\\/br\\\/?s={search_term_string}\"},\"query-input\":{\"@type\":\"PropertyValueSpecification\",\"valueRequired\":true,\"valueName\":\"search_term_string\"}}],\"inLanguage\":\"pt-BR\"},{\"@type\":\"Organization\",\"@id\":\"https:\\\/\\\/www.sevenjackpots.com\\\/br\\\/#organization\",\"name\":\"SevenJackpots\",\"url\":\"https:\\\/\\\/www.sevenjackpots.com\\\/br\\\/\",\"logo\":{\"@type\":\"ImageObject\",\"inLanguage\":\"pt-BR\",\"@id\":\"https:\\\/\\\/www.sevenjackpots.com\\\/br\\\/#\\\/schema\\\/logo\\\/image\\\/\",\"url\":\"https:\\\/\\\/www.sevenjackpots.com\\\/wp-content\\\/uploads\\\/2024\\\/09\\\/sevenjackpots-yoast.png\",\"contentUrl\":\"https:\\\/\\\/www.sevenjackpots.com\\\/wp-content\\\/uploads\\\/2024\\\/09\\\/sevenjackpots-yoast.png\",\"width\":750,\"height\":750,\"caption\":\"SevenJackpots\"},\"image\":{\"@id\":\"https:\\\/\\\/www.sevenjackpots.com\\\/br\\\/#\\\/schema\\\/logo\\\/image\\\/\"},\"sameAs\":[\"https:\\\/\\\/www.facebook.com\\\/Sevenjackpots.in\\\/\",\"https:\\\/\\\/www.youtube.com\\\/channel\\\/UCn-K2LNaXT1XckDT1l8MnfA\",\"https:\\\/\\\/www.instagram.com\\\/sevenjackpots\\\/\"]}]}<\/script>\n<!-- \/ Yoast SEO Premium plugin. -->","yoast_head_json":{"title":"Avalia\u00e7\u00e3o de Cassinos: Como Avaliamos Cassinos No Brasil","description":"Avalia\u00e7\u00e3o de Cassinos: Conhe\u00e7a o sistema de avalia\u00e7\u00e3o da SevenJackpots, o site que relata os melhores cassinos da internet.","robots":{"index":"index","follow":"follow","max-snippet":"max-snippet:-1","max-image-preview":"max-image-preview:large","max-video-preview":"max-video-preview:-1"},"canonical":"https:\/\/www.sevenjackpots.com\/br\/avaliacao-de-cassinos\/","og_locale":"en_US","og_type":"article","og_title":"Nosso Sistema de Classifica\u00e7\u00e3o","og_description":"COMO FUNCIONA NOSSO SISTEMA DE AVALIA\u00c7\u00c3O DE CASSINOS Ap\u00f3s nosso mergulho profundo no universo de cada operador, resumimos nosso trabalho classificando","og_url":"https:\/\/www.sevenjackpots.com\/br\/avaliacao-de-cassinos\/","og_site_name":"SevenJackpots - India&#039;s Best Online Casino Guide","article_publisher":"https:\/\/www.facebook.com\/Sevenjackpots.in\/","article_modified_time":"2024-10-18T04:10:11+00:00","og_image":[{"url":"https:\/\/www.sevenjackpots.com\/wp-content\/uploads\/2021\/04\/7J-5.svg","type":"","width":"","height":""}],"twitter_card":"summary_large_image","twitter_misc":{"Est. tempo de leitura":"6 minutos"},"schema":{"@context":"https:\/\/schema.org","@graph":[{"@type":"WebPage","@id":"https:\/\/www.sevenjackpots.com\/br\/avaliacao-de-cassinos\/","url":"https:\/\/www.sevenjackpots.com\/br\/avaliacao-de-cassinos\/","name":"Avalia\u00e7\u00e3o de Cassinos: Como Avaliamos Cassinos No Brasil","isPartOf":{"@id":"https:\/\/www.sevenjackpots.com\/br\/#website"},"primaryImageOfPage":{"@id":"https:\/\/www.sevenjackpots.com\/br\/avaliacao-de-cassinos\/#primaryimage"},"image":{"@id":"https:\/\/www.sevenjackpots.com\/br\/avaliacao-de-cassinos\/#primaryimage"},"thumbnailUrl":"https:\/\/www.sevenjackpots.com\/wp-content\/uploads\/2021\/04\/7J-5.svg","datePublished":"2022-12-13T20:39:23+00:00","dateModified":"2024-10-18T04:10:11+00:00","description":"Avalia\u00e7\u00e3o de Cassinos: Conhe\u00e7a o sistema de avalia\u00e7\u00e3o da SevenJackpots, o site que relata os melhores cassinos da internet.","inLanguage":"pt-BR","potentialAction":[{"@type":"ReadAction","target":["https:\/\/www.sevenjackpots.com\/br\/avaliacao-de-cassinos\/"]}]},{"@type":"ImageObject","inLanguage":"pt-BR","@id":"https:\/\/www.sevenjackpots.com\/br\/avaliacao-de-cassinos\/#primaryimage","url":"https:\/\/www.sevenjackpots.com\/wp-content\/uploads\/2021\/04\/7J-5.svg","contentUrl":"https:\/\/www.sevenjackpots.com\/wp-content\/uploads\/2021\/04\/7J-5.svg"},{"@type":"BreadcrumbList","@id":"https:\/\/www.sevenjackpots.com\/br\/avaliacao-de-cassinos\/#breadcrumb","itemListElement":[{"@type":"ListItem","position":1,"name":"Home","item":"https:\/\/www.sevenjackpots.com\/br\/"},{"@type":"ListItem","position":2,"name":"Nosso Sistema de Classifica\u00e7\u00e3o"}]},{"@type":"WebSite","@id":"https:\/\/www.sevenjackpots.com\/br\/#website","url":"https:\/\/www.sevenjackpots.com\/br\/","name":"SevenJackpots - India's Best Online Casino Guide","description":"","publisher":{"@id":"https:\/\/www.sevenjackpots.com\/br\/#organization"},"potentialAction":[{"@type":"SearchAction","target":{"@type":"EntryPoint","urlTemplate":"https:\/\/www.sevenjackpots.com\/br\/?s={search_term_string}"},"query-input":{"@type":"PropertyValueSpecification","valueRequired":true,"valueName":"search_term_string"}}],"inLanguage":"pt-BR"},{"@type":"Organization","@id":"https:\/\/www.sevenjackpots.com\/br\/#organization","name":"SevenJackpots","url":"https:\/\/www.sevenjackpots.com\/br\/","logo":{"@type":"ImageObject","inLanguage":"pt-BR","@id":"https:\/\/www.sevenjackpots.com\/br\/#\/schema\/logo\/image\/","url":"https:\/\/www.sevenjackpots.com\/wp-content\/uploads\/2024\/09\/sevenjackpots-yoast.png","contentUrl":"https:\/\/www.sevenjackpots.com\/wp-content\/uploads\/2024\/09\/sevenjackpots-yoast.png","width":750,"height":750,"caption":"SevenJackpots"},"image":{"@id":"https:\/\/www.sevenjackpots.com\/br\/#\/schema\/logo\/image\/"},"sameAs":["https:\/\/www.facebook.com\/Sevenjackpots.in\/","https:\/\/www.youtube.com\/channel\/UCn-K2LNaXT1XckDT1l8MnfA","https:\/\/www.instagram.com\/sevenjackpots\/"]}]}},"acf":[],"_links":{"self":[{"href":"https:\/\/www.sevenjackpots.com\/br\/wp-json\/wp\/v2\/pages\/25049","targetHints":{"allow":["GET"]}}],"collection":[{"href":"https:\/\/www.sevenjackpots.com\/br\/wp-json\/wp\/v2\/pages"}],"about":[{"href":"https:\/\/www.sevenjackpots.com\/br\/wp-json\/wp\/v2\/types\/page"}],"author":[{"embeddable":true,"href":"https:\/\/www.sevenjackpots.com\/br\/wp-json\/wp\/v2\/users\/4"}],"replies":[{"embeddable":true,"href":"https:\/\/www.sevenjackpots.com\/br\/wp-json\/wp\/v2\/comments?post=25049"}],"version-history":[{"count":12,"href":"https:\/\/www.sevenjackpots.com\/br\/wp-json\/wp\/v2\/pages\/25049\/revisions"}],"predecessor-version":[{"id":37359,"href":"https:\/\/www.sevenjackpots.com\/br\/wp-json\/wp\/v2\/pages\/25049\/revisions\/37359"}],"wp:attachment":[{"href":"https:\/\/www.sevenjackpots.com\/br\/wp-json\/wp\/v2\/media?parent=25049"}],"wp:term":[{"taxonomy":"category","embeddable":true,"href":"https:\/\/www.sevenjackpots.com\/br\/wp-json\/wp\/v2\/categories?post=25049"},{"taxonomy":"post_tag","embeddable":true,"href":"https:\/\/www.sevenjackpots.com\/br\/wp-json\/wp\/v2\/tags?post=25049"}],"curies":[{"name":"wp","href":"https:\/\/api.w.org\/{rel}","templated":true}]}}