{"id":25072,"date":"2022-12-13T21:18:31","date_gmt":"2022-12-13T21:18:31","guid":{"rendered":"https:\/\/www.sevenjackpots.com\/?page_id=25072"},"modified":"2025-04-25T13:48:12","modified_gmt":"2025-04-25T13:48:12","slug":"como-encontrar-cassinos-fraudulentos","status":"publish","type":"page","link":"https:\/\/www.sevenjackpots.com\/br\/como-encontrar-cassinos-fraudulentos\/","title":{"rendered":"Como Encontrar Casinos Fraudulentos"},"content":{"rendered":"<h2 id=\"1-como-identificar-cassinos-fraudulentos\">COMO IDENTIFICAR CASSINOS FRAUDULENTOS<\/h2>\n<p>Se voc\u00ea quer pesquisar na Internet <a href=\"https:\/\/www.sevenjackpots.com\/casino\/\">sites de cassino online<\/a> por conta pr\u00f3pria, h\u00e1 algumas coisas que voc\u00ea deve ter em mente.<\/p>\n<p>Em primeiro lugar, pense em um cassino como um banco. \u00c9 um site onde voc\u00ea vai compartilhar seus dados pessoais e financeiros. Voc\u00ea tamb\u00e9m depositar\u00e1 seus suados reais ali.<\/p>\n<p>Assim como voc\u00ea n\u00e3o abriria uma conta banc\u00e1ria em um site de banco de apar\u00eancia estranha, voc\u00ea n\u00e3o deveria jogar em um site de cassino de apar\u00eancia estranha!<\/p>\n<h3>Nenhuma informa\u00e7\u00e3o sobre licen\u00e7as<\/h3>\n<p>As <a href=\"https:\/\/www.sevenjackpots.com\/casino-licences\/\">licen\u00e7as de cassino<\/a> s\u00e3o grandes selos de aprova\u00e7\u00e3o, o que significa que, se um cassino n\u00e3o mostrar informa\u00e7\u00f5es sobre qual licen\u00e7a est\u00e1 usando, algo est\u00e1 errado.<\/p>\n<p>Alguns operadores s\u00e3o capazes de abrir e administrar cassinos a partir de locais mal regulamentados, tornando-os capazes de se aproveitar de voc\u00ea. Evite isto!<\/p>\n<p><img decoding=\"async\" class=\"wp-image-10323 size-full aligncenter\" src=\"https:\/\/www.sevenjackpots.com\/wp-content\/uploads\/2021\/04\/1xbit-casino-no-license-screenshot.png\" alt=\"\" width=\"800\" height=\"401\" \/><\/p>\n<div class=\"box-text\" style=\"\">\n<p><img decoding=\"async\" class=\"img-mobile-xl alignright wp-image-10344\" src=\"https:\/\/www.sevenjackpots.com\/wp-content\/uploads\/2020\/09\/technical-support.svg\" alt=\"\" width=\"120\" height=\"120\" \/><\/p>\n<h3>Suporte ao cliente<\/h3>\n<p>Ser capaz de entrar em contato com o operador \u00e9 importante e o cassino deve deixar claro como faz\u00ea-lo.<\/p>\n<p>Al\u00e9m disso, o <a href=\"https:\/\/www.sevenjackpots.com\/customer-support\/\">suporte ao cliente<\/a> tamb\u00e9m deve estar dispon\u00edvel na maioria das horas do dia, seja por e-mail, bate papo ao vivo ou telefone. De prefer\u00eancia por mais de um m\u00e9todo.<\/p>\n<\/div>\n<div class=\"box-text\" style=\"\">\n<p><img decoding=\"async\" class=\"img-mobile-xl alignright wp-image-10346\" src=\"https:\/\/www.sevenjackpots.com\/wp-content\/uploads\/2020\/09\/info.svg\" alt=\"\" width=\"120\" height=\"120\" \/><\/p>\n<h3>Sobre n\u00f3s<\/h3>\n<p>Voc\u00ea depositaria dinheiro em um site que n\u00e3o informa quem eles realmente s\u00e3o? N\u00f3s achamos que n\u00e3o!<\/p>\n<p>Os cassinos fraudulentos que tentam esconder quem \u00e9 o dono da empresa podem tentar esconder mais do que apenas a sua identidade. Este \u00e9 um grande sinal de alerta.<\/p>\n<\/div>\n<div class=\"box-text\" style=\"\"><img decoding=\"async\" class=\"img-mobile-xl alignright wp-image-10347\" src=\"https:\/\/www.sevenjackpots.com\/wp-content\/uploads\/2021\/04\/review-1.svg\" alt=\"\" width=\"120\" height=\"120\" \/>\n<h3>Avalia\u00e7\u00f5es externas<\/h3>\n<p>Obter provas reais de outros jogadores que visitaram e jogaram no site \u00e9 uma boa maneira de identificar um cassino fraudulento na lista negra.<\/p>\n<p>Sites como Trustpilot, avalia\u00e7\u00f5es do Google, Quora e at\u00e9 <a href=\"https:\/\/www.reclameaqui.com.br\/empresa\/kto-sportsbook-betting-casino-online\/\">reclameaqui.com.br\/<\/a> podem expor cassinos fraudulentos que n\u00e3o cumprem o que prometem.<\/p>\n<\/div>\n<div class=\"box-text\" style=\"\"><img decoding=\"async\" class=\"img-mobile-xl alignright wp-image-10348\" src=\"https:\/\/www.sevenjackpots.com\/wp-content\/uploads\/2021\/04\/fraud.svg\" alt=\"\" width=\"120\" height=\"120\" \/>\n<h3>Design de apar\u00eancia estranha<\/h3>\n<p>Sites que parecem desatualizados, t\u00eam baixa resolu\u00e7\u00e3o ou tempo de carregamento muito longo devem ser evitados.<\/p>\n<p>Todas as coisas mencionadas sugerem que o site pode n\u00e3o apenas ter falhas de seguran\u00e7a, mas tamb\u00e9m n\u00e3o ser\u00e1 capaz de oferecer uma boa experi\u00eancia de jogo.<\/p>\n<\/div>\n<h2 id=\"2-consequencias-de-escolher-cassinos-fraudulentos\">CONSEQU\u00caNCIAS DE ESCOLHER CASSINOS FRAUDULENTOS<\/h2>\n<p>Inscrever-se e jogar em um cassino fraudulento far\u00e1 com que voc\u00ea arrisque muito mais do que apenas obter uma experi\u00eancia de jogador ruim nas mesas.<\/p>\n<p>A verdade \u00e9 que um cassino ruim pode destruir completamente a sua experi\u00eancia, al\u00e9m de fazer voc\u00ea perder dinheiro no processo. Sem mencionar que voc\u00ea est\u00e1 colocando informa\u00e7\u00f5es confidenciais, bem como sua sa\u00fade, em grande risco.<\/p>\n<div class=\"box-text\" style=\"\"><img decoding=\"async\" class=\"img-mobile-xl alignright wp-image-10350\" src=\"https:\/\/www.sevenjackpots.com\/wp-content\/uploads\/2021\/04\/no-money.svg\" alt=\"\" width=\"120\" height=\"120\" \/>\n<h3>OS GANHOS N\u00c3O S\u00c3O PAGOS<\/h3>\n<p>Sim, isso \u00e9 uma coisa. Voc\u00ea jogou, ganhou e est\u00e1 solicitando um saque. De repente, o cassino come\u00e7a a atrasar as coisas.<\/p>\n<p>N\u00e3o responder aos seus e-mails, demorar muito para processar seu saque ou at\u00e9 mesmo afirmar que n\u00e3o pode sacar o dinheiro por algum motivo. Sim, ficar\u00edamos chateados tamb\u00e9m.<\/p>\n<\/div>\n<div class=\"box-text\" style=\"\"><img decoding=\"async\" class=\"img-mobile-xl alignright wp-image-10351\" src=\"https:\/\/www.sevenjackpots.com\/wp-content\/uploads\/2021\/04\/no-customer-support.svg\" alt=\"\" width=\"120\" height=\"120\" \/>\n<h3>SUPORTE AO CLIENTE AUSENTE<\/h3>\n<p>E falando em demorar para responder, pode n\u00e3o ser apenas quando voc\u00ea precisa de ajuda com um saque.<\/p>\n<p>Geralmente, tempos de resposta longos, respostas inexperientes ou erradas, que n\u00e3o ajudam, s\u00e3o outros sinais de suporte ruim. Quer ficar preso em um loop de ser jogado de agente de suporte para agente de suporte? Acho que n\u00e3o.<\/p>\n<\/div>\n<div class=\"box-text\" style=\"\"><img decoding=\"async\" class=\"img-mobile-xl alignright wp-image-10352\" src=\"https:\/\/www.sevenjackpots.com\/wp-content\/uploads\/2021\/04\/fraud-1.svg\" alt=\"\" width=\"120\" height=\"120\" \/>\n<h3>RISCO DE FRAUDE<\/h3>\n<p>Firewalls de \u00faltima gera\u00e7\u00e3o, criptografia SSL e servidores seguros n\u00e3o s\u00e3o baratos, mas s\u00e3o essenciais para manter um site seguro.<\/p>\n<p>Sites de jogos de azar pequenos e de apar\u00eancia estranha cortar\u00e3o custos e podem faz\u00ea-lo apostando com a seguran\u00e7a de seus dados pessoais e financeiros.<\/p>\n<p>Fraude, roubo de identidade e hacking n\u00e3o s\u00e3o sinais de uma boa experi\u00eancia de jogo!<\/p>\n<\/div>\n<div class=\"box-text\" style=\"\"><img decoding=\"async\" class=\"img-mobile-xl alignright wp-image-10353\" src=\"https:\/\/www.sevenjackpots.com\/wp-content\/uploads\/2021\/04\/spam.svg\" alt=\"\" width=\"120\" height=\"120\" \/>\n<h3>SMS E E-MAILS CHEIOS DE SPAM<\/h3>\n<p>Os cassinos fraudulentos ir\u00e3o, em primeiro lugar, garantir que voc\u00ea continue jogando. Isso significa que eles pedir\u00e3o muito para voc\u00ea fazer isso.<\/p>\n<p>Isso pode ser na forma de ofertas de b\u00f4nus complexas ou simplesmente entrando em contato com voc\u00ea, dizendo \u201co quanto eles sentem sua falta\u201d.<\/p>\n<p>A press\u00e3o muitas vezes leva os jogadores a jogar por mais dinheiro do que o pretendido.<\/p>\n<\/div>\n<div class=\"box-text\" style=\"\"><img decoding=\"async\" class=\"img-mobile-xl alignright wp-image-10354\" src=\"https:\/\/www.sevenjackpots.com\/wp-content\/uploads\/2021\/04\/no-legal-support.svg\" alt=\"\" width=\"120\" height=\"120\" \/>\n<h3>SEM SUPORTE LEGAL<\/h3>\n<p>Se voc\u00ea acabar em um beco sem sa\u00edda com o operador, conv\u00e9m fazer uma reclama\u00e7\u00e3o para resolver o problema.<\/p>\n<p>Na maioria das vezes, os cassinos com licen\u00e7a ruim ou sem licen\u00e7a permanecer\u00e3o livres de empresas terceirizadas que trabalham com esses t\u00f3picos, o que significa que voc\u00ea estar\u00e1 sozinho lutando contra uma empresa inteira, caso seja necess\u00e1rio.<\/p>\n<\/div>\n<h2 id=\"3-sinais-de-um-cassino-serio-e-responsavel\">SINAIS DE UM CASSINO S\u00c9RIO E RESPONS\u00c1VEL<\/h2>\n<p>Do outro lado do espectro est\u00e3o os cassinos leg\u00edtimos. Estes s\u00e3o operadores de jogos de azar online que sabem o que est\u00e3o fazendo e que colocam voc\u00ea, seu jogador, em primeiro lugar.<\/p>\n<p>Para jogadores experientes como n\u00f3s aqui no SevenJackpots, um cassino leg\u00edtimo \u00e9 quase instantaneamente percept\u00edvel. Mas, para garantir que realmente o sejam, h\u00e1 alguns crit\u00e9rios que precisam ser cumpridos. Acreditamos que os que se encontram abaixo s\u00e3o os mais importantes.<\/p>\n<div class=\"box-text\" style=\"\"><img decoding=\"async\" class=\"img-mobile-xl alignright wp-image-10355\" src=\"https:\/\/www.sevenjackpots.com\/wp-content\/uploads\/2021\/04\/stamp-1.svg\" alt=\"\" width=\"120\" height=\"120\" \/>\n<h3>LICEN\u00c7A ADEQUADA<\/h3>\n<p>Existem v\u00e1rias licen\u00e7as diferentes dispon\u00edveis para jogos de azar online, mas nem todas beneficiam os jogadores brasileiros.<\/p>\n<p>As licen\u00e7as de Malta (MGA) e Cura\u00e7ao s\u00e3o bem conhecidas, usadas por muitos dos cassinos mais confi\u00e1veis do mercado. Ambas exigem que os detentores de licen\u00e7as cumpram requisitos rigorosos de seguran\u00e7a, jogo respons\u00e1vel e justi\u00e7a.<\/p>\n<\/div>\n<div class=\"box-text\" style=\"\"><img decoding=\"async\" class=\"img-mobile-xl alignright wp-image-10356\" src=\"https:\/\/www.sevenjackpots.com\/wp-content\/uploads\/2021\/04\/sponsorship.svg\" alt=\"\" width=\"120\" height=\"120\" \/>\n<h3>PATROC\u00cdNIOS<\/h3>\n<p>Um sinal muito bom de que um cassino online \u00e9 leg\u00edtimo \u00e9 se ele estiver envolvido em patroc\u00ednios.<\/p>\n<p>Equipes esportivas, competi\u00e7\u00f5es e outras empresas t\u00eam uma reputa\u00e7\u00e3o pr\u00f3pria. Eles s\u00f3 permitem que empresas leg\u00edtimas e s\u00e9rias os patrocinem.<\/p>\n<p>Por exemplo, o <a href=\"https:\/\/www.lance.com.br\/futebol-internacional\/inter-de-milao-e-kto-fecham-parceria-de-negocios-para-as-americas-do-sul-e-central.html\">KTO patrocina o Inter Milan<\/a> enquanto que a <a href=\"https:\/\/www.fluminense.com.br\/noticia\/betano-e-a-nova-patrocinadora-master-do-fluminense\">Betano patrocina o Fluminense.<\/a><\/p>\n<\/div>\n<div class=\"box-text\" style=\"\">\n<h3>EMBAIXADORES<img decoding=\"async\" class=\"img-mobile-xl alignright wp-image-10357\" src=\"https:\/\/www.sevenjackpots.com\/wp-content\/uploads\/2021\/04\/ambassador.svg\" alt=\"\" width=\"120\" height=\"120\" \/><\/h3>\n<p>Assim como as entidades t\u00eam reputa\u00e7\u00e3o, as pessoas tamb\u00e9m, as celebridades neste caso. Conseguir que uma celebridade promova o seu cassino \u00e9 um sinal claro de legitimidade.<\/p>\n<p>Por exemplo, o <a href=\"https:\/\/blog.kto.com\/pt\/novidades-da-kto\/tinga-embaixador-social\">KTO<\/a> tem o <a href=\"https:\/\/pt.wikipedia.org\/wiki\/Paulo_C%C3%A9sar_Tinga\">Tinga<\/a> como embaixador, a <a href=\"https:\/\/www.leovegas.com\/pt-br\/\">LeoVegas<\/a> tem o <a href=\"https:\/\/pt.wikipedia.org\/wiki\/Leo_Moura\">L\u00e9o Moura<\/a>, e a <a href=\"https:\/\/www.betsson.com\/br\/blog\/futebol\/betsson-anuncia-patrocinio-do-athletico-paranaense\/\">Betsson<\/a> patrocina o <a href=\"https:\/\/en.wikipedia.org\/wiki\/Club_Athletico_Paranaense\">Club Athletico Paranaense<\/a>, entre outros.<\/p>\n<\/div>\n<div class=\"box-text\" style=\"\"><img decoding=\"async\" class=\"img-mobile-xl alignright wp-image-10358\" src=\"https:\/\/www.sevenjackpots.com\/wp-content\/uploads\/2021\/04\/247-support.svg\" alt=\"\" width=\"120\" height=\"120\" \/>\n<h3>SUPORTE AO CLIENTE 24\/7<\/h3>\n<p>Imagine perder seu cart\u00e3o de cr\u00e9dito e n\u00e3o poder ligar para o seu banco para bloque\u00e1-lo! O suporte ao cliente 24 horas por dia, 7 dias por semana, \u00e9 essencial para qualquer empresa s\u00e9ria que lida com o dinheiro dos seus clientes.<\/p>\n<p>Obter ajuda rapidamente n\u00e3o apenas proporcionar\u00e1 uma melhor experi\u00eancia de jogo, mas tamb\u00e9m ajudar\u00e1 a resolver problemas reais mais rapidamente.<\/p>\n<\/div>\n<div class=\"box-text\" style=\"\"><img decoding=\"async\" class=\"img-mobile-xl alignright wp-image-10058\" src=\"https:\/\/www.sevenjackpots.com\/wp-content\/uploads\/2021\/04\/safety.svg\" alt=\"\" width=\"120\" height=\"120\" \/>\n<h3>VERIFICA\u00c7\u00c3O DE CONTA<\/h3>\n<p>Embora vista como uma parte irritante do jogo online, a <a href=\"\/casino\/verify-account\/\">verifica\u00e7\u00e3o da conta<\/a> \u00e9, na verdade, um sinal de um cassino leg\u00edtimo.<\/p>\n<p>Os cassinos precisam verificar seus jogadores para garantir que nenhuma fraude esteja sendo feita em seu site. Isso inclui solicitar documentos daqueles que jogam para confirmar sua identidade.<\/p>\n<\/div>\n<div class=\"box-text\" style=\"\"><img decoding=\"async\" class=\"img-mobile-xl alignright wp-image-10359\" src=\"https:\/\/www.sevenjackpots.com\/wp-content\/uploads\/2021\/04\/help.svg\" alt=\"\" width=\"120\" height=\"120\" \/>\n<h3>ESFOR\u00c7OS DE JOGO RESPONS\u00c1VEL<\/h3>\n<p>Finalmente, um cassino s\u00e9rio se preocupa com voc\u00ea e realmente quer que voc\u00ea se divirta.<\/p>\n<p>\u00c9 por isso que um cassino confi\u00e1vel garantir\u00e1 que voc\u00ea jogue de maneira respons\u00e1vel\u2026<\/p>\n<p>Eles oferecer\u00e3o <a href=\"https:\/\/www.sevenjackpots.com\/responsible-gambling\/\">ferramentas de jogo respons\u00e1vel<\/a> e op\u00e7\u00f5es para fechar a conta e cancelar o recebimento de comunica\u00e7\u00f5es promocionais.<\/p>\n<\/div>\n<div class=\"box-text\" style=\"\"><img decoding=\"async\" class=\"img-mobile-xl alignright wp-image-10360\" src=\"https:\/\/www.sevenjackpots.com\/wp-content\/uploads\/2021\/04\/occupation.svg\" alt=\"\" width=\"120\" height=\"120\" \/>\n<h3>VAGAS DE TRABALHO ABERTAS<\/h3>\n<p>Cassinos realmente bem-sucedidos e seguros s\u00e3o administrados por empresas s\u00e9rias. Isso significa que eles costumam <a href=\"https:\/\/leovegasgroup.com\/careers\/\">anunciar vagas de trabalho abertas<\/a> e tamb\u00e9m permitem a transpar\u00eancia de seu local de trabalho (Glassdoor).<\/p>\n<p>Empresas como <a href=\"https:\/\/www.kto-group.com\/careers\/\">KTO<\/a>, <a href=\"https:\/\/leovegasgroup.com\/careers\/\">LeoVegas<\/a>, e <a href=\"https:\/\/www.betssongroup.com\/career\/available-jobs\/\">Betsson<\/a>, t\u00eam sites anunciando novas oportunidades de emprego.<\/p>\n<\/div>\n","protected":false},"excerpt":{"rendered":"<p>COMO IDENTIFICAR CASSINOS FRAUDULENTOS Se voc\u00ea quer pesquisar na Internet sites de cassino online por [&hellip;]<\/p>\n","protected":false},"author":4,"featured_media":0,"parent":0,"menu_order":0,"comment_status":"closed","ping_status":"closed","template":"","meta":{"_acf_changed":false,"footnotes":""},"categories":[],"tags":[],"class_list":["post-25072","page","type-page","status-publish","hentry"],"yoast_head":"<!-- This site is optimized with the Yoast SEO Premium plugin v26.0 (Yoast SEO v27.5) - https:\/\/yoast.com\/product\/yoast-seo-premium-wordpress\/ -->\n<title>Como evitar cassinos fraudulentos e na lista negra?<\/title>\n<meta name=\"description\" content=\"J\u00e1 que existem milhares de sites de apostas online por a\u00ed, \u00e9 importante entender como identificar os cassinos fraudulentos.\" \/>\n<meta name=\"robots\" content=\"index, follow, max-snippet:-1, max-image-preview:large, max-video-preview:-1\" \/>\n<link rel=\"canonical\" href=\"https:\/\/www.sevenjackpots.com\/br\/como-encontrar-cassinos-fraudulentos\/\" \/>\n<meta property=\"og:locale\" content=\"en_US\" \/>\n<meta property=\"og:type\" content=\"article\" \/>\n<meta property=\"og:title\" content=\"Como Encontrar Casinos Fraudulentos\" \/>\n<meta property=\"og:description\" content=\"COMO IDENTIFICAR CASSINOS FRAUDULENTOS Se voc\u00ea quer pesquisar na Internet sites de cassino online por conta pr\u00f3pria, h\u00e1 algumas coisas que voc\u00ea deve ter\" \/>\n<meta property=\"og:url\" content=\"https:\/\/www.sevenjackpots.com\/br\/como-encontrar-cassinos-fraudulentos\/\" \/>\n<meta property=\"og:site_name\" content=\"SevenJackpots - India&#039;s Best Online Casino Guide\" \/>\n<meta property=\"article:publisher\" content=\"https:\/\/www.facebook.com\/Sevenjackpots.in\/\" \/>\n<meta property=\"article:modified_time\" content=\"2025-04-25T13:48:12+00:00\" \/>\n<meta property=\"og:image\" content=\"https:\/\/www.sevenjackpots.com\/wp-content\/uploads\/2021\/04\/1xbit-casino-no-license-screenshot.png\" \/>\n<meta name=\"twitter:card\" content=\"summary_large_image\" \/>\n<meta name=\"twitter:label1\" content=\"Est. tempo de leitura\" \/>\n\t<meta name=\"twitter:data1\" content=\"9 minutos\" \/>\n<script type=\"application\/ld+json\" class=\"yoast-schema-graph\">{\"@context\":\"https:\\\/\\\/schema.org\",\"@graph\":[{\"@type\":\"WebPage\",\"@id\":\"https:\\\/\\\/www.sevenjackpots.com\\\/br\\\/como-encontrar-cassinos-fraudulentos\\\/\",\"url\":\"https:\\\/\\\/www.sevenjackpots.com\\\/br\\\/como-encontrar-cassinos-fraudulentos\\\/\",\"name\":\"Como evitar cassinos fraudulentos e na lista negra?\",\"isPartOf\":{\"@id\":\"https:\\\/\\\/www.sevenjackpots.com\\\/br\\\/#website\"},\"primaryImageOfPage\":{\"@id\":\"https:\\\/\\\/www.sevenjackpots.com\\\/br\\\/como-encontrar-cassinos-fraudulentos\\\/#primaryimage\"},\"image\":{\"@id\":\"https:\\\/\\\/www.sevenjackpots.com\\\/br\\\/como-encontrar-cassinos-fraudulentos\\\/#primaryimage\"},\"thumbnailUrl\":\"https:\\\/\\\/www.sevenjackpots.com\\\/wp-content\\\/uploads\\\/2021\\\/04\\\/1xbit-casino-no-license-screenshot.png\",\"datePublished\":\"2022-12-13T21:18:31+00:00\",\"dateModified\":\"2025-04-25T13:48:12+00:00\",\"description\":\"J\u00e1 que existem milhares de sites de apostas online por a\u00ed, \u00e9 importante entender como identificar os cassinos fraudulentos.\",\"inLanguage\":\"pt-BR\",\"potentialAction\":[{\"@type\":\"ReadAction\",\"target\":[\"https:\\\/\\\/www.sevenjackpots.com\\\/br\\\/como-encontrar-cassinos-fraudulentos\\\/\"]}]},{\"@type\":\"ImageObject\",\"inLanguage\":\"pt-BR\",\"@id\":\"https:\\\/\\\/www.sevenjackpots.com\\\/br\\\/como-encontrar-cassinos-fraudulentos\\\/#primaryimage\",\"url\":\"https:\\\/\\\/www.sevenjackpots.com\\\/wp-content\\\/uploads\\\/2021\\\/04\\\/1xbit-casino-no-license-screenshot.png\",\"contentUrl\":\"https:\\\/\\\/www.sevenjackpots.com\\\/wp-content\\\/uploads\\\/2021\\\/04\\\/1xbit-casino-no-license-screenshot.png\"},{\"@type\":\"BreadcrumbList\",\"@id\":\"https:\\\/\\\/www.sevenjackpots.com\\\/br\\\/como-encontrar-cassinos-fraudulentos\\\/#breadcrumb\",\"itemListElement\":[{\"@type\":\"ListItem\",\"position\":1,\"name\":\"Home\",\"item\":\"https:\\\/\\\/www.sevenjackpots.com\\\/br\\\/\"},{\"@type\":\"ListItem\",\"position\":2,\"name\":\"Como Encontrar Casinos Fraudulentos\"}]},{\"@type\":\"WebSite\",\"@id\":\"https:\\\/\\\/www.sevenjackpots.com\\\/br\\\/#website\",\"url\":\"https:\\\/\\\/www.sevenjackpots.com\\\/br\\\/\",\"name\":\"SevenJackpots - India's Best Online Casino Guide\",\"description\":\"\",\"publisher\":{\"@id\":\"https:\\\/\\\/www.sevenjackpots.com\\\/br\\\/#organization\"},\"potentialAction\":[{\"@type\":\"SearchAction\",\"target\":{\"@type\":\"EntryPoint\",\"urlTemplate\":\"https:\\\/\\\/www.sevenjackpots.com\\\/br\\\/?s={search_term_string}\"},\"query-input\":{\"@type\":\"PropertyValueSpecification\",\"valueRequired\":true,\"valueName\":\"search_term_string\"}}],\"inLanguage\":\"pt-BR\"},{\"@type\":\"Organization\",\"@id\":\"https:\\\/\\\/www.sevenjackpots.com\\\/br\\\/#organization\",\"name\":\"SevenJackpots\",\"url\":\"https:\\\/\\\/www.sevenjackpots.com\\\/br\\\/\",\"logo\":{\"@type\":\"ImageObject\",\"inLanguage\":\"pt-BR\",\"@id\":\"https:\\\/\\\/www.sevenjackpots.com\\\/br\\\/#\\\/schema\\\/logo\\\/image\\\/\",\"url\":\"https:\\\/\\\/www.sevenjackpots.com\\\/wp-content\\\/uploads\\\/2024\\\/09\\\/sevenjackpots-yoast.png\",\"contentUrl\":\"https:\\\/\\\/www.sevenjackpots.com\\\/wp-content\\\/uploads\\\/2024\\\/09\\\/sevenjackpots-yoast.png\",\"width\":750,\"height\":750,\"caption\":\"SevenJackpots\"},\"image\":{\"@id\":\"https:\\\/\\\/www.sevenjackpots.com\\\/br\\\/#\\\/schema\\\/logo\\\/image\\\/\"},\"sameAs\":[\"https:\\\/\\\/www.facebook.com\\\/Sevenjackpots.in\\\/\",\"https:\\\/\\\/www.youtube.com\\\/channel\\\/UCn-K2LNaXT1XckDT1l8MnfA\",\"https:\\\/\\\/www.instagram.com\\\/sevenjackpots\\\/\"]}]}<\/script>\n<!-- \/ Yoast SEO Premium plugin. -->","yoast_head_json":{"title":"Como evitar cassinos fraudulentos e na lista negra?","description":"J\u00e1 que existem milhares de sites de apostas online por a\u00ed, \u00e9 importante entender como identificar os cassinos fraudulentos.","robots":{"index":"index","follow":"follow","max-snippet":"max-snippet:-1","max-image-preview":"max-image-preview:large","max-video-preview":"max-video-preview:-1"},"canonical":"https:\/\/www.sevenjackpots.com\/br\/como-encontrar-cassinos-fraudulentos\/","og_locale":"en_US","og_type":"article","og_title":"Como Encontrar Casinos Fraudulentos","og_description":"COMO IDENTIFICAR CASSINOS FRAUDULENTOS Se voc\u00ea quer pesquisar na Internet sites de cassino online por conta pr\u00f3pria, h\u00e1 algumas coisas que voc\u00ea deve ter","og_url":"https:\/\/www.sevenjackpots.com\/br\/como-encontrar-cassinos-fraudulentos\/","og_site_name":"SevenJackpots - India&#039;s Best Online Casino Guide","article_publisher":"https:\/\/www.facebook.com\/Sevenjackpots.in\/","article_modified_time":"2025-04-25T13:48:12+00:00","og_image":[{"url":"https:\/\/www.sevenjackpots.com\/wp-content\/uploads\/2021\/04\/1xbit-casino-no-license-screenshot.png","type":"","width":"","height":""}],"twitter_card":"summary_large_image","twitter_misc":{"Est. tempo de leitura":"9 minutos"},"schema":{"@context":"https:\/\/schema.org","@graph":[{"@type":"WebPage","@id":"https:\/\/www.sevenjackpots.com\/br\/como-encontrar-cassinos-fraudulentos\/","url":"https:\/\/www.sevenjackpots.com\/br\/como-encontrar-cassinos-fraudulentos\/","name":"Como evitar cassinos fraudulentos e na lista negra?","isPartOf":{"@id":"https:\/\/www.sevenjackpots.com\/br\/#website"},"primaryImageOfPage":{"@id":"https:\/\/www.sevenjackpots.com\/br\/como-encontrar-cassinos-fraudulentos\/#primaryimage"},"image":{"@id":"https:\/\/www.sevenjackpots.com\/br\/como-encontrar-cassinos-fraudulentos\/#primaryimage"},"thumbnailUrl":"https:\/\/www.sevenjackpots.com\/wp-content\/uploads\/2021\/04\/1xbit-casino-no-license-screenshot.png","datePublished":"2022-12-13T21:18:31+00:00","dateModified":"2025-04-25T13:48:12+00:00","description":"J\u00e1 que existem milhares de sites de apostas online por a\u00ed, \u00e9 importante entender como identificar os cassinos fraudulentos.","inLanguage":"pt-BR","potentialAction":[{"@type":"ReadAction","target":["https:\/\/www.sevenjackpots.com\/br\/como-encontrar-cassinos-fraudulentos\/"]}]},{"@type":"ImageObject","inLanguage":"pt-BR","@id":"https:\/\/www.sevenjackpots.com\/br\/como-encontrar-cassinos-fraudulentos\/#primaryimage","url":"https:\/\/www.sevenjackpots.com\/wp-content\/uploads\/2021\/04\/1xbit-casino-no-license-screenshot.png","contentUrl":"https:\/\/www.sevenjackpots.com\/wp-content\/uploads\/2021\/04\/1xbit-casino-no-license-screenshot.png"},{"@type":"BreadcrumbList","@id":"https:\/\/www.sevenjackpots.com\/br\/como-encontrar-cassinos-fraudulentos\/#breadcrumb","itemListElement":[{"@type":"ListItem","position":1,"name":"Home","item":"https:\/\/www.sevenjackpots.com\/br\/"},{"@type":"ListItem","position":2,"name":"Como Encontrar Casinos Fraudulentos"}]},{"@type":"WebSite","@id":"https:\/\/www.sevenjackpots.com\/br\/#website","url":"https:\/\/www.sevenjackpots.com\/br\/","name":"SevenJackpots - India's Best Online Casino Guide","description":"","publisher":{"@id":"https:\/\/www.sevenjackpots.com\/br\/#organization"},"potentialAction":[{"@type":"SearchAction","target":{"@type":"EntryPoint","urlTemplate":"https:\/\/www.sevenjackpots.com\/br\/?s={search_term_string}"},"query-input":{"@type":"PropertyValueSpecification","valueRequired":true,"valueName":"search_term_string"}}],"inLanguage":"pt-BR"},{"@type":"Organization","@id":"https:\/\/www.sevenjackpots.com\/br\/#organization","name":"SevenJackpots","url":"https:\/\/www.sevenjackpots.com\/br\/","logo":{"@type":"ImageObject","inLanguage":"pt-BR","@id":"https:\/\/www.sevenjackpots.com\/br\/#\/schema\/logo\/image\/","url":"https:\/\/www.sevenjackpots.com\/wp-content\/uploads\/2024\/09\/sevenjackpots-yoast.png","contentUrl":"https:\/\/www.sevenjackpots.com\/wp-content\/uploads\/2024\/09\/sevenjackpots-yoast.png","width":750,"height":750,"caption":"SevenJackpots"},"image":{"@id":"https:\/\/www.sevenjackpots.com\/br\/#\/schema\/logo\/image\/"},"sameAs":["https:\/\/www.facebook.com\/Sevenjackpots.in\/","https:\/\/www.youtube.com\/channel\/UCn-K2LNaXT1XckDT1l8MnfA","https:\/\/www.instagram.com\/sevenjackpots\/"]}]}},"acf":[],"_links":{"self":[{"href":"https:\/\/www.sevenjackpots.com\/br\/wp-json\/wp\/v2\/pages\/25072","targetHints":{"allow":["GET"]}}],"collection":[{"href":"https:\/\/www.sevenjackpots.com\/br\/wp-json\/wp\/v2\/pages"}],"about":[{"href":"https:\/\/www.sevenjackpots.com\/br\/wp-json\/wp\/v2\/types\/page"}],"author":[{"embeddable":true,"href":"https:\/\/www.sevenjackpots.com\/br\/wp-json\/wp\/v2\/users\/4"}],"replies":[{"embeddable":true,"href":"https:\/\/www.sevenjackpots.com\/br\/wp-json\/wp\/v2\/comments?post=25072"}],"version-history":[{"count":9,"href":"https:\/\/www.sevenjackpots.com\/br\/wp-json\/wp\/v2\/pages\/25072\/revisions"}],"predecessor-version":[{"id":40224,"href":"https:\/\/www.sevenjackpots.com\/br\/wp-json\/wp\/v2\/pages\/25072\/revisions\/40224"}],"wp:attachment":[{"href":"https:\/\/www.sevenjackpots.com\/br\/wp-json\/wp\/v2\/media?parent=25072"}],"wp:term":[{"taxonomy":"category","embeddable":true,"href":"https:\/\/www.sevenjackpots.com\/br\/wp-json\/wp\/v2\/categories?post=25072"},{"taxonomy":"post_tag","embeddable":true,"href":"https:\/\/www.sevenjackpots.com\/br\/wp-json\/wp\/v2\/tags?post=25072"}],"curies":[{"name":"wp","href":"https:\/\/api.w.org\/{rel}","templated":true}]}}