{"id":25075,"date":"2022-12-13T21:26:22","date_gmt":"2022-12-13T21:26:22","guid":{"rendered":"https:\/\/www.sevenjackpots.com\/?page_id=25075"},"modified":"2024-10-24T17:44:49","modified_gmt":"2024-10-24T17:44:49","slug":"suporte-ao-cliente","status":"publish","type":"page","link":"https:\/\/www.sevenjackpots.com\/br\/suporte-ao-cliente\/","title":{"rendered":"Suporte ao Cliente"},"content":{"rendered":"<div class=\"box-text\" style=\"\">\n<h2 id=\"1-o-que-faz-um-bom-suporte-ao-cliente\">O QUE FAZ UM BOM SUPORTE AO CLIENTE<\/h2>\n<p>Ter simplesmente uma equipe de suporte ao cliente n\u00e3o \u00e9 automaticamente uma garantia de que um cassino \u00e9 bom. Imagine que voc\u00ea est\u00e1 jantando em um restaurante. A comida \u00e9 boa, assim como as bebidas, mas o servi\u00e7o \u00e9 muito, muito ruim.<\/p>\n<p>Seu gar\u00e7om \u00e9 inexperiente e n\u00e3o parece se importar com voc\u00ea. Assim, embora voc\u00ea n\u00e3o esteja mais com fome, voc\u00ea sai do restaurante insatisfeito. \u00c9 assim que voc\u00ea se sente ao jogar em um cassino online brasileiro que carece de um excelente suporte ao cliente!<\/p>\n<p>Existem algumas coisas essenciais que todos os agentes de suporte ao cliente do cassino devem ser capazes de oferecer, para que voc\u00ea tenha uma experi\u00eancia de jogo agrad\u00e1vel.<\/p>\n<\/div>\n<div class=\"col-box\"><div class=\"col-box--1-2 \" style=\"\">\n<h3>CONHECIMENTO<\/h3>\n<p>Um agente de suporte ao cliente que conhece tudo do site do cassino ir\u00e1 ajud\u00e1-lo em quest\u00e3o de segundos.<\/p>\n<p>Eles podem explicar qualquer coisa, desde como fazer saques com PIX, Boleto e Pay4Fun, at\u00e9 garantir que voc\u00ea receber\u00e1 uma nova senha caso tenha esquecido a sua.<\/p>\n<\/div> <div class=\"col-box--2-2 \" style=\"\">\n<h3>GENTILEZA<\/h3>\n<p>Conhecemos a frustra\u00e7\u00e3o de enfrentar problemas quando tudo o que queremos \u00e9 jogar e ganhar reais! E, claro, tamb\u00e9m tentamos ser gentis com os agentes de suporte quando os contactamos.<\/p>\n<p>Sentir-se visto e compreendido pela equipe de apoio ao cliente \u00e9 essencial. Afinal, estamos gastando nosso investimento suado em seu cassino online, ent\u00e3o, em troca, gostar\u00edamos de ser tratados como clientes fi\u00e9is!<\/p>\n<\/div><\/div>\n<div class=\"box-text\" style=\"\">\n<h3>EXPERI\u00caNCIA<\/h3>\n<p>Assim como o conhecimento ir\u00e1 acelerar o tempo necess\u00e1rio para resolver seu problema com o suporte ao cliente, a experi\u00eancia tamb\u00e9m o far\u00e1. Uma equipe de suporte ao cliente que est\u00e1 no setor h\u00e1 muito tempo saber\u00e1 muito mais do que apenas como o site de jogo espec\u00edfico funciona. Eles tamb\u00e9m poder\u00e3o explicar recursos espec\u00edficos do jogo, explicar como jogar jogos ou como converter um b\u00f4nus.<\/p>\n<p>Os agentes mais experientes geralmente s\u00e3o os respons\u00e1veis pela equipe, e s\u00e3o eles que ir\u00e3o analisar o seu caso quando uma assist\u00eancia extra for necess\u00e1ria.<\/p>\n<\/div>\n<div class=\"box-text\" style=\"\">\n<h2 id=\"2-como-contactar-o-apoio-ao-cliente\">COMO CONTACTAR O APOIO AO CLIENTE<\/h2>\n<p>As diferentes maneiras de entrar em contato com o suporte de um cassino definir\u00e3o a rapidez com que voc\u00ea obter\u00e1 ajuda.<\/p>\n<p>Um bate-papo ao vivo ou telefone o colocar\u00e1 instantaneamente em contato com um agente de suporte ao cliente, enquanto o envio de um e-mail pode levar mais tempo, antes de voc\u00ea receber uma resposta. Ter op\u00e7\u00f5es diferentes tamb\u00e9m lhe dar\u00e1 a liberdade de escolher o m\u00e9todo com o qual voc\u00ea se sente mais confiante.<\/p>\n<\/div>\n<div class=\"col-box\"><div class=\"col-box--1-3 \" style=\"\">\n<p><img decoding=\"async\" class=\"aligncenter wp-image-9497 size-thumbnail\" src=\"https:\/\/www.sevenjackpots.com\/wp-content\/uploads\/2020\/07\/chat-support.svg\" alt=\"Ilustra\u00e7\u00e3o de um bal\u00e3o de fala no artigo de suporte ao cliente.\" width=\"150\" height=\"150\" \/><\/p>\n<h3>BATE-PAPO AO VIVO<\/h3>\n<p>A maioria de n\u00f3s conversa com amigos e familiares pelo Facebook ou WhatsApp hoje em dia, e \u00e9 por isso que o bate-papo ao vivo \u00e9 uma das op\u00e7\u00f5es mais populares de suporte.<\/p>\n<div class=\"note\">\n<p>Voc\u00ea sabia que pode pagar atrav\u00e9s do WhatsApp em alguns cassinos? O recurso de bate-papo ao vivo geralmente \u00e9 encontrado na parte inferior do site ou aplicativo do cassino.<\/p>\n<\/div>\n<p>Quando o recurso \u00e9 ativado, \u00e9 comum que voc\u00ea seja solicitado a explicar sua consulta em poucas palavras antes de iniciar o bate-papo propriamente dito.<\/p>\n<p>Depois que o bate-papo estiver configurado, o pr\u00f3ximo agente de suporte dispon\u00edvel entrar\u00e1 no seu bate-papo para ajud\u00e1-lo ainda mais.<\/p>\n<p>Se voc\u00ea deseja uma resposta o mais r\u00e1pida poss\u00edvel \u00e0 sua consulta, o bate-papo ao vivo \u00e9 sua melhor aposta.<\/p>\n<\/div> <div class=\"col-box--2-3 \"  style=\"\">\n<p><img decoding=\"async\" class=\"aligncenter wp-image-9498 size-thumbnail\" src=\"https:\/\/www.sevenjackpots.com\/wp-content\/uploads\/2020\/07\/phone-support.svg\" alt=\"Ilustra\u00e7\u00e3o de um telefone no artigo de suporte ao cliente.\" width=\"150\" height=\"150\" \/><\/p>\n<h3>SUPORTE POR TELEFONE<\/h3>\n<p>Outra forma de contato \u00e9 aquela que \u00e9 feita por telefone. Voc\u00ea ligar\u00e1 diretamente para o departamento de suporte do cassino usando o n\u00famero de telefone fornecido no site.<\/p>\n<p>Embora um telefonema seja capaz de resolver um problema com efici\u00eancia, ele tamb\u00e9m traz alguns problemas. Um deles s\u00e3o as barreiras lingu\u00edsticas, pois, dependendo de onde o cassino est\u00e1 localizado, pode n\u00e3o haver suporte em portugu\u00eas.<\/p>\n<p>Os agentes tamb\u00e9m podem ter dificuldade em entender seu sotaque (ou vice-versa), o que abre espa\u00e7o para confus\u00e3o ou mal-entendidos. No entanto, se voc\u00ea est\u00e1 acostumado a se expressar oralmente pelo telefone, esta pode ser a sua melhor op\u00e7\u00e3o.<\/p>\n<\/div> <div class=\"col-box--3-3 \"  style=\"\">\n<p><img decoding=\"async\" class=\"aligncenter wp-image-9499 size-thumbnail\" src=\"https:\/\/www.sevenjackpots.com\/wp-content\/uploads\/2021\/04\/email-support.svg\" alt=\"\" width=\"150\" height=\"150\" \/><\/p>\n<h3>E-MAIL<\/h3>\n<p>Se sua consulta for complexa e exigir uma longa explica\u00e7\u00e3o, envie um e-mail para o cassino. Enviar um e-mail significa que voc\u00ea ter\u00e1 que esperar por uma resposta. Frequentemente, isso pode levar algumas horas e, em casos raros, at\u00e9 dias.<\/p>\n<p>Dito isso, voc\u00ea poder\u00e1 explicar seu problema de uma s\u00f3 vez e obter uma resposta\/solu\u00e7\u00e3o para seu problema na resposta.<\/p>\n<p>N\u00e3o h\u00e1 necessidade de uma comunica\u00e7\u00e3o de ida e volta da mesma forma que no bate-papo ao vivo.<\/p>\n<p>Embora o e-mail seja um bom canal de comunica\u00e7\u00e3o, voc\u00ea pode esperar um tempo de resposta de 0 a 72 horas.<\/p>\n<\/div><\/div>\n<div class=\"col-box\"><div class=\"col-box--1-2 \" style=\"\">\n<p><img decoding=\"async\" class=\"aligncenter wp-image-9502 size-thumbnail\" src=\"https:\/\/www.sevenjackpots.com\/wp-content\/uploads\/2020\/07\/faq.svg\" alt=\"Ilustra\u00e7\u00e3o do &quot;FAQ&quot; no artigo de suporte ao cliente.\" width=\"150\" height=\"150\" \/><\/p>\n<h3>SE\u00c7\u00c3O DE PERGUNTAS FREQUENTES<\/h3>\n<p>A maioria dos sites de cassino online estabelecidos ter\u00e1 uma se\u00e7\u00e3o chamada FAQ &#8211; \u201cPerguntas Frequentes\u201d, que \u00e9 uma \u00f3tima ferramenta para resolver qualquer problema que voc\u00ea esteja enfrentando sem ter que entrar em contato com o suporte ao cliente.<\/p>\n<p>Nesta se\u00e7\u00e3o do cassino, eles coletaram todas as perguntas mais frequentes e responderam para voc\u00ea. Tudo o que voc\u00ea precisa fazer \u00e9 encontrar a pergunta relevante para o problema que est\u00e1 enfrentando e ler a resposta!<\/p>\n<p>Claro, o problema que voc\u00ea est\u00e1 enfrentando pode ser mais complexo, e nesse caso voc\u00ea ter\u00e1 que entrar em contato com a equipe de suporte.<\/p>\n<\/div> <div class=\"col-box--2-2 \" style=\"\">\n<p><img decoding=\"async\" class=\"aligncenter wp-image-9501 size-thumbnail\" src=\"https:\/\/www.sevenjackpots.com\/wp-content\/uploads\/2021\/04\/close.svg\" alt=\"\" width=\"150\" height=\"150\" \/><\/p>\n<h3>CASSINOS SEM SUPORTE AO CLIENTE<\/h3>\n<p>Embora voc\u00ea n\u00e3o encontre nenhum deles listado aqui no SevenJackpots, existem sites de apostas na internet que carecem completamente de suporte ao cliente!<\/p>\n<p>\u00c0 primeira vista, o site parece intrigante, com promessas de grandes ofertas de b\u00f4nus e grandes chances de ganhar. Mas os problemas rapidamente se tornam evidentes assim que voc\u00ea se depara com algum problema. Ou se voc\u00ea tiver um saque pendente.<\/p>\n<p><strong>Voc\u00ea sabia?<\/strong> Um cassino que carece completamente de qualquer informa\u00e7\u00e3o de contato est\u00e1 quebrando os regulamentos de licenciamento. Fique longe de cassinos como estes! Como voc\u00ea pode confiar em um cassino que n\u00e3o permite nenhum contato humano entre voc\u00ea e eles? A resposta \u00e9: voc\u00ea n\u00e3o pode!<\/p>\n<\/div><\/div>\n<div class=\"box-text\" style=\"\">\n<h3>O QUE FAZER SE UM AGENTE DE SUPORTE N\u00c3O PODE AJUDAR<\/h3>\n<p>Uma boa equipe de suporte ao cliente far\u00e1 tudo ao seu alcance para tentar resolver o problema que voc\u00ea est\u00e1 enfrentando. Dito isso, h\u00e1 situa\u00e7\u00f5es em que o cassino n\u00e3o levar\u00e1 sua consulta adiante.<\/p>\n<p>Portanto, a pergunta \u00e9: qual \u00e9 o pr\u00f3ximo passo para resolver o problema? Se at\u00e9 agora voc\u00ea falou apenas com os agentes de suporte padr\u00e3o, talvez queira solicitar que sua consulta seja encaminhada a um gerente ou l\u00edder de equipe. Se isso j\u00e1 foi feito, o pr\u00f3ximo passo \u00e9 entrar em contato com uma terceira parte para o ajudar.<\/p>\n<\/div>\n<div class=\"box-text\" style=\"\">\n<h3>APRESENTANDO UMA RECLAMA\u00c7\u00c3O<\/h3>\n<p>Voc\u00ea ter\u00e1 diferentes op\u00e7\u00f5es para apresentar uma reclama\u00e7\u00e3o, dependendo de qual licen\u00e7a o cassino opera e onde est\u00e1 baseado.<\/p>\n<p>Normalmente, usar um site de terceiros pode resolver o problema rapidamente. Sites excelentes como eCOGRA ou CasinoMeister entrar\u00e3o em contato direto com o operador. Apenas tenha em mente que eles t\u00eam processos diferentes para fazer isso.<\/p>\n<p>Se eles n\u00e3o puderem ajudar, o regulador (que emitiu a licen\u00e7a) poder\u00e1 investigar o assunto mais a fundo.<\/p>\n<p>No entanto, isso depende da <a href=\"https:\/\/www.sevenjackpots.com\/br\/licencas-de-cassino\/\">licen\u00e7a<\/a> usada por esse cassino. Por exemplo, um regulador europeu ser\u00e1 \u00fatil, enquanto um regulador de Ant\u00edgua ou Barbuda n\u00e3o o ajudar\u00e1 em nada.<\/p>\n<\/div>\n","protected":false},"excerpt":{"rendered":"","protected":false},"author":4,"featured_media":0,"parent":0,"menu_order":0,"comment_status":"closed","ping_status":"closed","template":"","meta":{"_acf_changed":false,"footnotes":""},"categories":[],"tags":[],"class_list":["post-25075","page","type-page","status-publish","hentry"],"yoast_head":"<!-- This site is optimized with the Yoast SEO Premium plugin v26.0 (Yoast SEO v27.4) - https:\/\/yoast.com\/product\/yoast-seo-premium-wordpress\/ -->\n<title>Suporte ao Cliente no Brasil: SevenJackpots Brasil<\/title>\n<meta name=\"description\" content=\"Um bom suporte ao cliente \u00e9 essencial para qualquer cassino que deseja oferecer aos seus jogadores uma experi\u00eancia de jogo excepcional!\" \/>\n<meta name=\"robots\" content=\"index, follow, max-snippet:-1, max-image-preview:large, max-video-preview:-1\" \/>\n<link rel=\"canonical\" href=\"https:\/\/www.sevenjackpots.com\/br\/suporte-ao-cliente\/\" \/>\n<meta property=\"og:locale\" content=\"en_US\" \/>\n<meta property=\"og:type\" content=\"article\" \/>\n<meta property=\"og:title\" content=\"Suporte ao Cliente\" \/>\n<meta property=\"og:url\" content=\"https:\/\/www.sevenjackpots.com\/br\/suporte-ao-cliente\/\" \/>\n<meta property=\"og:site_name\" content=\"SevenJackpots - India&#039;s Best Online Casino Guide\" \/>\n<meta property=\"article:publisher\" content=\"https:\/\/www.facebook.com\/Sevenjackpots.in\/\" \/>\n<meta property=\"article:modified_time\" content=\"2024-10-24T17:44:49+00:00\" \/>\n<meta property=\"og:image\" content=\"https:\/\/www.sevenjackpots.com\/wp-content\/uploads\/2020\/07\/chat-support.svg\" \/>\n<meta name=\"twitter:card\" content=\"summary_large_image\" \/>\n<meta name=\"twitter:label1\" content=\"Est. tempo de leitura\" \/>\n\t<meta name=\"twitter:data1\" content=\"7 minutos\" \/>\n<script type=\"application\/ld+json\" class=\"yoast-schema-graph\">{\"@context\":\"https:\\\/\\\/schema.org\",\"@graph\":[{\"@type\":\"WebPage\",\"@id\":\"https:\\\/\\\/www.sevenjackpots.com\\\/br\\\/suporte-ao-cliente\\\/\",\"url\":\"https:\\\/\\\/www.sevenjackpots.com\\\/br\\\/suporte-ao-cliente\\\/\",\"name\":\"Suporte ao Cliente no Brasil: SevenJackpots Brasil\",\"isPartOf\":{\"@id\":\"https:\\\/\\\/www.sevenjackpots.com\\\/br\\\/#website\"},\"primaryImageOfPage\":{\"@id\":\"https:\\\/\\\/www.sevenjackpots.com\\\/br\\\/suporte-ao-cliente\\\/#primaryimage\"},\"image\":{\"@id\":\"https:\\\/\\\/www.sevenjackpots.com\\\/br\\\/suporte-ao-cliente\\\/#primaryimage\"},\"thumbnailUrl\":\"https:\\\/\\\/www.sevenjackpots.com\\\/wp-content\\\/uploads\\\/2020\\\/07\\\/chat-support.svg\",\"datePublished\":\"2022-12-13T21:26:22+00:00\",\"dateModified\":\"2024-10-24T17:44:49+00:00\",\"description\":\"Um bom suporte ao cliente \u00e9 essencial para qualquer cassino que deseja oferecer aos seus jogadores uma experi\u00eancia de jogo excepcional!\",\"inLanguage\":\"pt-BR\",\"potentialAction\":[{\"@type\":\"ReadAction\",\"target\":[\"https:\\\/\\\/www.sevenjackpots.com\\\/br\\\/suporte-ao-cliente\\\/\"]}]},{\"@type\":\"ImageObject\",\"inLanguage\":\"pt-BR\",\"@id\":\"https:\\\/\\\/www.sevenjackpots.com\\\/br\\\/suporte-ao-cliente\\\/#primaryimage\",\"url\":\"https:\\\/\\\/www.sevenjackpots.com\\\/wp-content\\\/uploads\\\/2020\\\/07\\\/chat-support.svg\",\"contentUrl\":\"https:\\\/\\\/www.sevenjackpots.com\\\/wp-content\\\/uploads\\\/2020\\\/07\\\/chat-support.svg\"},{\"@type\":\"BreadcrumbList\",\"@id\":\"https:\\\/\\\/www.sevenjackpots.com\\\/br\\\/suporte-ao-cliente\\\/#breadcrumb\",\"itemListElement\":[{\"@type\":\"ListItem\",\"position\":1,\"name\":\"Home\",\"item\":\"https:\\\/\\\/www.sevenjackpots.com\\\/br\\\/\"},{\"@type\":\"ListItem\",\"position\":2,\"name\":\"Suporte ao Cliente\"}]},{\"@type\":\"WebSite\",\"@id\":\"https:\\\/\\\/www.sevenjackpots.com\\\/br\\\/#website\",\"url\":\"https:\\\/\\\/www.sevenjackpots.com\\\/br\\\/\",\"name\":\"SevenJackpots - India's Best Online Casino Guide\",\"description\":\"\",\"publisher\":{\"@id\":\"https:\\\/\\\/www.sevenjackpots.com\\\/br\\\/#organization\"},\"potentialAction\":[{\"@type\":\"SearchAction\",\"target\":{\"@type\":\"EntryPoint\",\"urlTemplate\":\"https:\\\/\\\/www.sevenjackpots.com\\\/br\\\/?s={search_term_string}\"},\"query-input\":{\"@type\":\"PropertyValueSpecification\",\"valueRequired\":true,\"valueName\":\"search_term_string\"}}],\"inLanguage\":\"pt-BR\"},{\"@type\":\"Organization\",\"@id\":\"https:\\\/\\\/www.sevenjackpots.com\\\/br\\\/#organization\",\"name\":\"SevenJackpots\",\"url\":\"https:\\\/\\\/www.sevenjackpots.com\\\/br\\\/\",\"logo\":{\"@type\":\"ImageObject\",\"inLanguage\":\"pt-BR\",\"@id\":\"https:\\\/\\\/www.sevenjackpots.com\\\/br\\\/#\\\/schema\\\/logo\\\/image\\\/\",\"url\":\"https:\\\/\\\/www.sevenjackpots.com\\\/wp-content\\\/uploads\\\/2024\\\/09\\\/sevenjackpots-yoast.png\",\"contentUrl\":\"https:\\\/\\\/www.sevenjackpots.com\\\/wp-content\\\/uploads\\\/2024\\\/09\\\/sevenjackpots-yoast.png\",\"width\":750,\"height\":750,\"caption\":\"SevenJackpots\"},\"image\":{\"@id\":\"https:\\\/\\\/www.sevenjackpots.com\\\/br\\\/#\\\/schema\\\/logo\\\/image\\\/\"},\"sameAs\":[\"https:\\\/\\\/www.facebook.com\\\/Sevenjackpots.in\\\/\",\"https:\\\/\\\/www.youtube.com\\\/channel\\\/UCn-K2LNaXT1XckDT1l8MnfA\",\"https:\\\/\\\/www.instagram.com\\\/sevenjackpots\\\/\"]}]}<\/script>\n<!-- \/ Yoast SEO Premium plugin. -->","yoast_head_json":{"title":"Suporte ao Cliente no Brasil: SevenJackpots Brasil","description":"Um bom suporte ao cliente \u00e9 essencial para qualquer cassino que deseja oferecer aos seus jogadores uma experi\u00eancia de jogo excepcional!","robots":{"index":"index","follow":"follow","max-snippet":"max-snippet:-1","max-image-preview":"max-image-preview:large","max-video-preview":"max-video-preview:-1"},"canonical":"https:\/\/www.sevenjackpots.com\/br\/suporte-ao-cliente\/","og_locale":"en_US","og_type":"article","og_title":"Suporte ao Cliente","og_url":"https:\/\/www.sevenjackpots.com\/br\/suporte-ao-cliente\/","og_site_name":"SevenJackpots - India&#039;s Best Online Casino Guide","article_publisher":"https:\/\/www.facebook.com\/Sevenjackpots.in\/","article_modified_time":"2024-10-24T17:44:49+00:00","og_image":[{"url":"https:\/\/www.sevenjackpots.com\/wp-content\/uploads\/2020\/07\/chat-support.svg","type":"","width":"","height":""}],"twitter_card":"summary_large_image","twitter_misc":{"Est. tempo de leitura":"7 minutos"},"schema":{"@context":"https:\/\/schema.org","@graph":[{"@type":"WebPage","@id":"https:\/\/www.sevenjackpots.com\/br\/suporte-ao-cliente\/","url":"https:\/\/www.sevenjackpots.com\/br\/suporte-ao-cliente\/","name":"Suporte ao Cliente no Brasil: SevenJackpots Brasil","isPartOf":{"@id":"https:\/\/www.sevenjackpots.com\/br\/#website"},"primaryImageOfPage":{"@id":"https:\/\/www.sevenjackpots.com\/br\/suporte-ao-cliente\/#primaryimage"},"image":{"@id":"https:\/\/www.sevenjackpots.com\/br\/suporte-ao-cliente\/#primaryimage"},"thumbnailUrl":"https:\/\/www.sevenjackpots.com\/wp-content\/uploads\/2020\/07\/chat-support.svg","datePublished":"2022-12-13T21:26:22+00:00","dateModified":"2024-10-24T17:44:49+00:00","description":"Um bom suporte ao cliente \u00e9 essencial para qualquer cassino que deseja oferecer aos seus jogadores uma experi\u00eancia de jogo excepcional!","inLanguage":"pt-BR","potentialAction":[{"@type":"ReadAction","target":["https:\/\/www.sevenjackpots.com\/br\/suporte-ao-cliente\/"]}]},{"@type":"ImageObject","inLanguage":"pt-BR","@id":"https:\/\/www.sevenjackpots.com\/br\/suporte-ao-cliente\/#primaryimage","url":"https:\/\/www.sevenjackpots.com\/wp-content\/uploads\/2020\/07\/chat-support.svg","contentUrl":"https:\/\/www.sevenjackpots.com\/wp-content\/uploads\/2020\/07\/chat-support.svg"},{"@type":"BreadcrumbList","@id":"https:\/\/www.sevenjackpots.com\/br\/suporte-ao-cliente\/#breadcrumb","itemListElement":[{"@type":"ListItem","position":1,"name":"Home","item":"https:\/\/www.sevenjackpots.com\/br\/"},{"@type":"ListItem","position":2,"name":"Suporte ao Cliente"}]},{"@type":"WebSite","@id":"https:\/\/www.sevenjackpots.com\/br\/#website","url":"https:\/\/www.sevenjackpots.com\/br\/","name":"SevenJackpots - India's Best Online Casino Guide","description":"","publisher":{"@id":"https:\/\/www.sevenjackpots.com\/br\/#organization"},"potentialAction":[{"@type":"SearchAction","target":{"@type":"EntryPoint","urlTemplate":"https:\/\/www.sevenjackpots.com\/br\/?s={search_term_string}"},"query-input":{"@type":"PropertyValueSpecification","valueRequired":true,"valueName":"search_term_string"}}],"inLanguage":"pt-BR"},{"@type":"Organization","@id":"https:\/\/www.sevenjackpots.com\/br\/#organization","name":"SevenJackpots","url":"https:\/\/www.sevenjackpots.com\/br\/","logo":{"@type":"ImageObject","inLanguage":"pt-BR","@id":"https:\/\/www.sevenjackpots.com\/br\/#\/schema\/logo\/image\/","url":"https:\/\/www.sevenjackpots.com\/wp-content\/uploads\/2024\/09\/sevenjackpots-yoast.png","contentUrl":"https:\/\/www.sevenjackpots.com\/wp-content\/uploads\/2024\/09\/sevenjackpots-yoast.png","width":750,"height":750,"caption":"SevenJackpots"},"image":{"@id":"https:\/\/www.sevenjackpots.com\/br\/#\/schema\/logo\/image\/"},"sameAs":["https:\/\/www.facebook.com\/Sevenjackpots.in\/","https:\/\/www.youtube.com\/channel\/UCn-K2LNaXT1XckDT1l8MnfA","https:\/\/www.instagram.com\/sevenjackpots\/"]}]}},"acf":[],"_links":{"self":[{"href":"https:\/\/www.sevenjackpots.com\/br\/wp-json\/wp\/v2\/pages\/25075","targetHints":{"allow":["GET"]}}],"collection":[{"href":"https:\/\/www.sevenjackpots.com\/br\/wp-json\/wp\/v2\/pages"}],"about":[{"href":"https:\/\/www.sevenjackpots.com\/br\/wp-json\/wp\/v2\/types\/page"}],"author":[{"embeddable":true,"href":"https:\/\/www.sevenjackpots.com\/br\/wp-json\/wp\/v2\/users\/4"}],"replies":[{"embeddable":true,"href":"https:\/\/www.sevenjackpots.com\/br\/wp-json\/wp\/v2\/comments?post=25075"}],"version-history":[{"count":7,"href":"https:\/\/www.sevenjackpots.com\/br\/wp-json\/wp\/v2\/pages\/25075\/revisions"}],"predecessor-version":[{"id":37659,"href":"https:\/\/www.sevenjackpots.com\/br\/wp-json\/wp\/v2\/pages\/25075\/revisions\/37659"}],"wp:attachment":[{"href":"https:\/\/www.sevenjackpots.com\/br\/wp-json\/wp\/v2\/media?parent=25075"}],"wp:term":[{"taxonomy":"category","embeddable":true,"href":"https:\/\/www.sevenjackpots.com\/br\/wp-json\/wp\/v2\/categories?post=25075"},{"taxonomy":"post_tag","embeddable":true,"href":"https:\/\/www.sevenjackpots.com\/br\/wp-json\/wp\/v2\/tags?post=25075"}],"curies":[{"name":"wp","href":"https:\/\/api.w.org\/{rel}","templated":true}]}}