{"id":25097,"date":"2022-12-12T07:23:13","date_gmt":"2022-12-12T07:23:13","guid":{"rendered":"https:\/\/www.sevenjackpots.com\/felicia-w\/"},"modified":"2025-06-19T21:55:59","modified_gmt":"2025-06-19T21:55:59","slug":"anand-s","status":"publish","type":"page","link":"https:\/\/www.sevenjackpots.com\/br\/sobre-nos\/anand-s\/","title":{"rendered":"Anand S"},"content":{"rendered":"<div class=\"note\">\n<h2 id=\"1-sobre-o-anand\">Sobre o Anand<\/h2>\n<p>Anand Sharma \u00e9 o Editor-Chefe do <a href=\"https:\/\/www.sevenjackpots.com\">SevenJackpots<\/a>. Ele nasceu em Bengaluru e mais tarde se mudou para o Reino Unido para cursar o ensino superior. Durante os estudos, come\u00e7ou a trabalhar como crupi\u00ea no Victoria Grosvenor Casino, tamb\u00e9m conhecido como The Vic. Essa experi\u00eancia pr\u00e1tica lhe deu um entendimento concreto de como os cassinos operam.<\/p>\n<p data-start=\"435\" data-end=\"788\">Ap\u00f3s tr\u00eas anos na ind\u00fastria de cassinos f\u00edsicos, Anand fez a transi\u00e7\u00e3o para o jogo online em 2018. Ele come\u00e7ou como Editor de Conte\u00fado no The Sun Vegas, onde desenvolveu uma base s\u00f3lida em conte\u00fado de cassino online e comunica\u00e7\u00e3o com jogadores. Em 2020, ingressou na Betway e focou na cria\u00e7\u00e3o de conte\u00fado para cassinos voltado ao mercado asi\u00e1tico, com especial aten\u00e7\u00e3o \u00e0 \u00cdndia.<\/p>\n<p data-start=\"790\" data-end=\"1054\">Hoje, Anand lidera a equipe de conte\u00fado do SevenJackpots. Ele \u00e9 respons\u00e1vel por garantir que o site forne\u00e7a informa\u00e7\u00f5es precisas, \u00fateis e atualizadas para jogadores indianos. Seu objetivo \u00e9 tornar o conte\u00fado de cassino online claro e confi\u00e1vel para usu\u00e1rios em todo o pa\u00eds.<\/p>\n<\/div>\n<div class=\"box-text\" style=\"border-left:10px solid #31996a;\">\n<h2 style=\"text-align: left;\" id=\"2-o-trabalho-do-anand-foi-destacado-em\">O Trabalho do Anand Foi Destacado em:<\/h2>\n<div class=\"coverageM\">\n<p><span style=\"font-size: 16px; color: #2d2d2d;\"><strong><a style=\"text-decoration: underline; color: #e15207;\" href=\"https:\/\/primeirahora.com.br\/sevenjackpots-chega-ao-brasil-para-apoiar-fas-de-cassino-locais\/\" rel=\"noopener noreferrer\">Sevnjackpots Chega ao Brasil para apoiar fas de cassino locais<\/a><\/strong><\/span><\/p>\n<\/div>\n<\/div>\n<div class=\"note\">\n<h2 id=\"3-midia-social-e-contato\">M\u00eddia Social e Contato<\/h2>\n<p>Anand est\u00e1 dispon\u00edvel nas redes sociais ou por e-mail. Segue os links abaixo:<\/p>\n<p><a class=\"email-link\" style=\"text-decoration: unset;\" href=\"#\" rel=\"nofollow\"><img decoding=\"async\" style=\"margin-right: 10px;\" src=\"https:\/\/www.sevenjackpots.com\/wp-content\/uploads\/\/2021\/04\/envelope-icon.svg\" width=\"20\" height=\"20\" \/>anand@revshare-group.com<\/a><br \/>\n<\/div>\n","protected":false},"excerpt":{"rendered":"","protected":false},"author":4,"featured_media":41792,"parent":24824,"menu_order":0,"comment_status":"closed","ping_status":"closed","template":"","meta":{"_acf_changed":false,"footnotes":""},"categories":[],"tags":[],"class_list":["post-25097","page","type-page","status-publish","has-post-thumbnail","hentry"],"yoast_head":"<!-- This site is optimized with the Yoast SEO Premium plugin v26.0 (Yoast SEO v27.4) - https:\/\/yoast.com\/product\/yoast-seo-premium-wordpress\/ -->\n<title>Sobre n\u00f3s - Anand Sharma, Editor-Chefe do SevenJackpots<\/title>\n<meta name=\"description\" content=\"Conhe\u00e7a a Anand Sharma, nosso Editor\" \/>\n<meta name=\"robots\" content=\"index, follow, max-snippet:-1, max-image-preview:large, max-video-preview:-1\" \/>\n<link rel=\"canonical\" href=\"https:\/\/www.sevenjackpots.com\/br\/sobre-nos\/anand-s\/\" \/>\n<meta property=\"og:locale\" content=\"en_US\" \/>\n<meta property=\"og:type\" content=\"article\" \/>\n<meta property=\"og:title\" content=\"Anand S\" \/>\n<meta property=\"og:url\" content=\"https:\/\/www.sevenjackpots.com\/br\/sobre-nos\/anand-s\/\" \/>\n<meta property=\"og:site_name\" content=\"SevenJackpots - India&#039;s Best Online Casino Guide\" \/>\n<meta property=\"article:publisher\" content=\"https:\/\/www.facebook.com\/Sevenjackpots.in\/\" \/>\n<meta property=\"article:modified_time\" content=\"2025-06-19T21:55:59+00:00\" \/>\n<meta property=\"og:image\" content=\"https:\/\/www.sevenjackpots.com\/wp-content\/uploads\/2025\/06\/anand-sharma-hero2-scaled.png\" \/>\n\t<meta property=\"og:image:width\" content=\"2560\" \/>\n\t<meta property=\"og:image:height\" content=\"2560\" \/>\n\t<meta property=\"og:image:type\" content=\"image\/png\" \/>\n<meta name=\"twitter:card\" content=\"summary_large_image\" \/>\n<meta name=\"twitter:label1\" content=\"Est. tempo de leitura\" \/>\n\t<meta name=\"twitter:data1\" content=\"2 minutos\" \/>\n<script type=\"application\/ld+json\" class=\"yoast-schema-graph\">{\"@context\":\"https:\\\/\\\/schema.org\",\"@graph\":[{\"@type\":\"WebPage\",\"@id\":\"https:\\\/\\\/www.sevenjackpots.com\\\/br\\\/sobre-nos\\\/anand-s\\\/\",\"url\":\"https:\\\/\\\/www.sevenjackpots.com\\\/br\\\/sobre-nos\\\/anand-s\\\/\",\"name\":\"Sobre n\u00f3s - Anand Sharma, Editor-Chefe do SevenJackpots\",\"isPartOf\":{\"@id\":\"https:\\\/\\\/www.sevenjackpots.com\\\/br\\\/#website\"},\"primaryImageOfPage\":{\"@id\":\"https:\\\/\\\/www.sevenjackpots.com\\\/br\\\/sobre-nos\\\/anand-s\\\/#primaryimage\"},\"image\":{\"@id\":\"https:\\\/\\\/www.sevenjackpots.com\\\/br\\\/sobre-nos\\\/anand-s\\\/#primaryimage\"},\"thumbnailUrl\":\"https:\\\/\\\/www.sevenjackpots.com\\\/wp-content\\\/uploads\\\/2025\\\/06\\\/anand-sharma-hero2-scaled.png\",\"datePublished\":\"2022-12-12T07:23:13+00:00\",\"dateModified\":\"2025-06-19T21:55:59+00:00\",\"description\":\"Conhe\u00e7a a Anand Sharma, nosso Editor\",\"inLanguage\":\"pt-BR\",\"potentialAction\":[{\"@type\":\"ReadAction\",\"target\":[\"https:\\\/\\\/www.sevenjackpots.com\\\/br\\\/sobre-nos\\\/anand-s\\\/\"]}]},{\"@type\":\"ImageObject\",\"inLanguage\":\"pt-BR\",\"@id\":\"https:\\\/\\\/www.sevenjackpots.com\\\/br\\\/sobre-nos\\\/anand-s\\\/#primaryimage\",\"url\":\"https:\\\/\\\/www.sevenjackpots.com\\\/wp-content\\\/uploads\\\/2025\\\/06\\\/anand-sharma-hero2-scaled.png\",\"contentUrl\":\"https:\\\/\\\/www.sevenjackpots.com\\\/wp-content\\\/uploads\\\/2025\\\/06\\\/anand-sharma-hero2-scaled.png\",\"width\":2560,\"height\":2560},{\"@type\":\"BreadcrumbList\",\"@id\":\"https:\\\/\\\/www.sevenjackpots.com\\\/br\\\/sobre-nos\\\/anand-s\\\/#breadcrumb\",\"itemListElement\":[{\"@type\":\"ListItem\",\"position\":1,\"name\":\"Home\",\"item\":\"https:\\\/\\\/www.sevenjackpots.com\\\/br\\\/\"},{\"@type\":\"ListItem\",\"position\":2,\"name\":\"Sobre n\u00f3s\",\"item\":\"https:\\\/\\\/www.sevenjackpots.com\\\/br\\\/sobre-nos\\\/\"},{\"@type\":\"ListItem\",\"position\":3,\"name\":\"Anand S\"}]},{\"@type\":\"WebSite\",\"@id\":\"https:\\\/\\\/www.sevenjackpots.com\\\/br\\\/#website\",\"url\":\"https:\\\/\\\/www.sevenjackpots.com\\\/br\\\/\",\"name\":\"SevenJackpots - India's Best Online Casino Guide\",\"description\":\"\",\"publisher\":{\"@id\":\"https:\\\/\\\/www.sevenjackpots.com\\\/br\\\/#organization\"},\"potentialAction\":[{\"@type\":\"SearchAction\",\"target\":{\"@type\":\"EntryPoint\",\"urlTemplate\":\"https:\\\/\\\/www.sevenjackpots.com\\\/br\\\/?s={search_term_string}\"},\"query-input\":{\"@type\":\"PropertyValueSpecification\",\"valueRequired\":true,\"valueName\":\"search_term_string\"}}],\"inLanguage\":\"pt-BR\"},{\"@type\":\"Organization\",\"@id\":\"https:\\\/\\\/www.sevenjackpots.com\\\/br\\\/#organization\",\"name\":\"SevenJackpots\",\"url\":\"https:\\\/\\\/www.sevenjackpots.com\\\/br\\\/\",\"logo\":{\"@type\":\"ImageObject\",\"inLanguage\":\"pt-BR\",\"@id\":\"https:\\\/\\\/www.sevenjackpots.com\\\/br\\\/#\\\/schema\\\/logo\\\/image\\\/\",\"url\":\"https:\\\/\\\/www.sevenjackpots.com\\\/wp-content\\\/uploads\\\/2024\\\/09\\\/sevenjackpots-yoast.png\",\"contentUrl\":\"https:\\\/\\\/www.sevenjackpots.com\\\/wp-content\\\/uploads\\\/2024\\\/09\\\/sevenjackpots-yoast.png\",\"width\":750,\"height\":750,\"caption\":\"SevenJackpots\"},\"image\":{\"@id\":\"https:\\\/\\\/www.sevenjackpots.com\\\/br\\\/#\\\/schema\\\/logo\\\/image\\\/\"},\"sameAs\":[\"https:\\\/\\\/www.facebook.com\\\/Sevenjackpots.in\\\/\",\"https:\\\/\\\/www.youtube.com\\\/channel\\\/UCn-K2LNaXT1XckDT1l8MnfA\",\"https:\\\/\\\/www.instagram.com\\\/sevenjackpots\\\/\"]}]}<\/script>\n<!-- \/ Yoast SEO Premium plugin. -->","yoast_head_json":{"title":"Sobre n\u00f3s - Anand Sharma, Editor-Chefe do SevenJackpots","description":"Conhe\u00e7a a Anand Sharma, nosso Editor","robots":{"index":"index","follow":"follow","max-snippet":"max-snippet:-1","max-image-preview":"max-image-preview:large","max-video-preview":"max-video-preview:-1"},"canonical":"https:\/\/www.sevenjackpots.com\/br\/sobre-nos\/anand-s\/","og_locale":"en_US","og_type":"article","og_title":"Anand S","og_url":"https:\/\/www.sevenjackpots.com\/br\/sobre-nos\/anand-s\/","og_site_name":"SevenJackpots - India&#039;s Best Online Casino Guide","article_publisher":"https:\/\/www.facebook.com\/Sevenjackpots.in\/","article_modified_time":"2025-06-19T21:55:59+00:00","og_image":[{"width":2560,"height":2560,"url":"https:\/\/www.sevenjackpots.com\/wp-content\/uploads\/2025\/06\/anand-sharma-hero2-scaled.png","type":"image\/png"}],"twitter_card":"summary_large_image","twitter_misc":{"Est. tempo de leitura":"2 minutos"},"schema":{"@context":"https:\/\/schema.org","@graph":[{"@type":"WebPage","@id":"https:\/\/www.sevenjackpots.com\/br\/sobre-nos\/anand-s\/","url":"https:\/\/www.sevenjackpots.com\/br\/sobre-nos\/anand-s\/","name":"Sobre n\u00f3s - Anand Sharma, Editor-Chefe do SevenJackpots","isPartOf":{"@id":"https:\/\/www.sevenjackpots.com\/br\/#website"},"primaryImageOfPage":{"@id":"https:\/\/www.sevenjackpots.com\/br\/sobre-nos\/anand-s\/#primaryimage"},"image":{"@id":"https:\/\/www.sevenjackpots.com\/br\/sobre-nos\/anand-s\/#primaryimage"},"thumbnailUrl":"https:\/\/www.sevenjackpots.com\/wp-content\/uploads\/2025\/06\/anand-sharma-hero2-scaled.png","datePublished":"2022-12-12T07:23:13+00:00","dateModified":"2025-06-19T21:55:59+00:00","description":"Conhe\u00e7a a Anand Sharma, nosso Editor","inLanguage":"pt-BR","potentialAction":[{"@type":"ReadAction","target":["https:\/\/www.sevenjackpots.com\/br\/sobre-nos\/anand-s\/"]}]},{"@type":"ImageObject","inLanguage":"pt-BR","@id":"https:\/\/www.sevenjackpots.com\/br\/sobre-nos\/anand-s\/#primaryimage","url":"https:\/\/www.sevenjackpots.com\/wp-content\/uploads\/2025\/06\/anand-sharma-hero2-scaled.png","contentUrl":"https:\/\/www.sevenjackpots.com\/wp-content\/uploads\/2025\/06\/anand-sharma-hero2-scaled.png","width":2560,"height":2560},{"@type":"BreadcrumbList","@id":"https:\/\/www.sevenjackpots.com\/br\/sobre-nos\/anand-s\/#breadcrumb","itemListElement":[{"@type":"ListItem","position":1,"name":"Home","item":"https:\/\/www.sevenjackpots.com\/br\/"},{"@type":"ListItem","position":2,"name":"Sobre n\u00f3s","item":"https:\/\/www.sevenjackpots.com\/br\/sobre-nos\/"},{"@type":"ListItem","position":3,"name":"Anand S"}]},{"@type":"WebSite","@id":"https:\/\/www.sevenjackpots.com\/br\/#website","url":"https:\/\/www.sevenjackpots.com\/br\/","name":"SevenJackpots - India's Best Online Casino Guide","description":"","publisher":{"@id":"https:\/\/www.sevenjackpots.com\/br\/#organization"},"potentialAction":[{"@type":"SearchAction","target":{"@type":"EntryPoint","urlTemplate":"https:\/\/www.sevenjackpots.com\/br\/?s={search_term_string}"},"query-input":{"@type":"PropertyValueSpecification","valueRequired":true,"valueName":"search_term_string"}}],"inLanguage":"pt-BR"},{"@type":"Organization","@id":"https:\/\/www.sevenjackpots.com\/br\/#organization","name":"SevenJackpots","url":"https:\/\/www.sevenjackpots.com\/br\/","logo":{"@type":"ImageObject","inLanguage":"pt-BR","@id":"https:\/\/www.sevenjackpots.com\/br\/#\/schema\/logo\/image\/","url":"https:\/\/www.sevenjackpots.com\/wp-content\/uploads\/2024\/09\/sevenjackpots-yoast.png","contentUrl":"https:\/\/www.sevenjackpots.com\/wp-content\/uploads\/2024\/09\/sevenjackpots-yoast.png","width":750,"height":750,"caption":"SevenJackpots"},"image":{"@id":"https:\/\/www.sevenjackpots.com\/br\/#\/schema\/logo\/image\/"},"sameAs":["https:\/\/www.facebook.com\/Sevenjackpots.in\/","https:\/\/www.youtube.com\/channel\/UCn-K2LNaXT1XckDT1l8MnfA","https:\/\/www.instagram.com\/sevenjackpots\/"]}]}},"acf":[],"_links":{"self":[{"href":"https:\/\/www.sevenjackpots.com\/br\/wp-json\/wp\/v2\/pages\/25097","targetHints":{"allow":["GET"]}}],"collection":[{"href":"https:\/\/www.sevenjackpots.com\/br\/wp-json\/wp\/v2\/pages"}],"about":[{"href":"https:\/\/www.sevenjackpots.com\/br\/wp-json\/wp\/v2\/types\/page"}],"author":[{"embeddable":true,"href":"https:\/\/www.sevenjackpots.com\/br\/wp-json\/wp\/v2\/users\/4"}],"replies":[{"embeddable":true,"href":"https:\/\/www.sevenjackpots.com\/br\/wp-json\/wp\/v2\/comments?post=25097"}],"version-history":[{"count":15,"href":"https:\/\/www.sevenjackpots.com\/br\/wp-json\/wp\/v2\/pages\/25097\/revisions"}],"predecessor-version":[{"id":41802,"href":"https:\/\/www.sevenjackpots.com\/br\/wp-json\/wp\/v2\/pages\/25097\/revisions\/41802"}],"up":[{"embeddable":true,"href":"https:\/\/www.sevenjackpots.com\/br\/wp-json\/wp\/v2\/pages\/24824"}],"wp:featuredmedia":[{"embeddable":true,"href":"https:\/\/www.sevenjackpots.com\/br\/wp-json\/wp\/v2\/media\/41792"}],"wp:attachment":[{"href":"https:\/\/www.sevenjackpots.com\/br\/wp-json\/wp\/v2\/media?parent=25097"}],"wp:term":[{"taxonomy":"category","embeddable":true,"href":"https:\/\/www.sevenjackpots.com\/br\/wp-json\/wp\/v2\/categories?post=25097"},{"taxonomy":"post_tag","embeddable":true,"href":"https:\/\/www.sevenjackpots.com\/br\/wp-json\/wp\/v2\/tags?post=25097"}],"curies":[{"name":"wp","href":"https:\/\/api.w.org\/{rel}","templated":true}]}}