{"id":25762,"date":"2023-01-14T12:47:26","date_gmt":"2023-01-14T12:47:26","guid":{"rendered":"https:\/\/www.sevenjackpots.com\/?page_id=25762"},"modified":"2024-11-29T10:51:34","modified_gmt":"2024-11-29T10:51:34","slug":"dice","status":"publish","type":"page","link":"https:\/\/www.sevenjackpots.com\/br\/mini-games\/dice\/","title":{"rendered":"Dice"},"content":{"rendered":"<h2 style=\"text-align: center;\" id=\"1-melhores-dice-cassino-online\">Melhores Dice Cassino Online<\/h2>\n<h2 id=\"2-jogar-dice-gratis\">Jogar Dice Gr\u00e1tis<\/h2>\n<p><iframe title=\"Dice\" src=\"https:\/\/play-rghr.igplatform.net\/agg_plus_public\/launch\/wallets\/KTOCOM\/games\/SPRIBE_DICE\/open\/?playMode=FUN&amp;languageCode=PT-BR&amp;lobbyUrl=https:\/\/www.kto.com\" width=\"100%\" height=\"500\" frameborder=\"0\" marginheight=\"0\" scrolling=\"no\" data-mce-fragment=\"1\"><\/iframe><\/p>\n<div class=\"btn--margin-top\"><a href=\"https:\/\/www.sevenjackpots.com\/go\/sevenjackpots\" data-category=\"KTO\" data-action=\"click_cta\" data-label=\"cta-button\" class=\"btn btn--block btn--primary btn--margin\" target=\"_blank\" rel=\"nofollow\" >JOGUE COM DINHEIRO REAL<\/a><\/div>\n<div class=\"box-text\" style=\"\">\n<h2 id=\"3-o-que-e-dice\">O que \u00e9 Dice?<\/h2>\n<p>O jogo Dice \u00e9 um mini game criado pelo fornecedor de jogos de cassino Spribe. \u00c9 a vers\u00e3o digital do tradicional jogo de dados, t\u00e3o presente na inf\u00e2ncia de muitos brasileiros.<\/p>\n<p>Ele consiste em um jogo de apostas r\u00e1pidas, em que a principal tarefa dos jogadores \u00e9 prever se o resultado dos dados ser\u00e1 maior ou menor do que o n\u00famero previamente selecionado. Em cassinos online que operam por criptomoedas, o jogo Dice \u00e9 um dos favoritos pelos usu\u00e1rios.<\/p>\n<p>O jogo de apostas Dice utiliza a tecnologia <a href=\"https:\/\/spribe.co\/provably-fair\">provably fair<\/a>, o que garante que ele seja um jogo comprovadamente justo e sem a interven\u00e7\u00e3o de terceiros no resultado.<\/p>\n<\/div>\n<h2 style=\"text-align: center;\" id=\"4-como-jogar-dice\">Como Jogar Dice<\/h2>\n<p>Entender como jogar Dice \u00e9 bastante simples. Ao clicar no jogo, os dados na tela ir\u00e3o lan\u00e7ar um n\u00famero de 0.00 a 99.99. Atrav\u00e9s da tela, voc\u00ea pode selecionar suas pr\u00f3prias probabilidades para a vit\u00f3ria e valores no jogo.<\/p>\n<p>Dessa forma, o jogo de apostas Dice funciona atrav\u00e9s do palpite em que o lan\u00e7amento dos dados ter\u00e1 um n\u00famero maior ou menor do que os valores do seu jogo, selecionados previamente.<\/p>\n<p>Agora que voc\u00ea j\u00e1 sabe como o jogo funciona, basta seguir as instru\u00e7\u00f5es abaixo para encontrar a melhor oferta do Dice:<\/p>\n<ol>\n<li>Selecione um dos cassinos que indicamos no guia.<\/li>\n<li>Fa\u00e7a seu cadastro ou recarregue seu saldo, caso j\u00e1 possua uma conta.<\/li>\n<li>Procure pelo jogo Dice atrav\u00e9s dos mecanismos de busca do cassino online ou simplesmente pela p\u00e1gina inicial com as principais ofertas do jogo.<\/li>\n<li>Comece a jogar.<\/li>\n<\/ol>\n<div class=\"box-text\" style=\"\">\n<h2 id=\"5-dice-apostas\">Dice Apostas<\/h2>\n<p>As apostas no Dice s\u00e3o bastante diretas. Ao se conectar com o gr\u00e1fico, voc\u00ea ir\u00e1 encontrar na tela uma op\u00e7\u00e3o para selecionar suas chances de vit\u00f3ria e qual pagamento voc\u00ea desejaria receber.<\/p>\n<p>Dessa maneira, voc\u00ea seleciona quanto vai apostar na rodada e valida seus palpites para dar in\u00edcio a partida. Vale dizer que quanto menor for a probabilidade de um n\u00famero ser selecionado, maior ser\u00e1 a quantia que poder\u00e1 ganhar, e vice-versa.<\/p>\n<p>As apostas em Dice funcionam de duas maneiras:<\/p>\n<ul>\n<li>Roll Over: quando voc\u00ea aposta que o valor vai ultrapassar o limite que voc\u00ea selecionou<\/li>\n<li>Roll Under: quando voc\u00ea aposta que o valor vai ficar abaixo do limite que voc\u00ea selecionou<\/li>\n<\/ul>\n<\/div>\n<div class=\"box-text\" style=\"\">\n<h3>Jogo Autom\u00e1tico<\/h3>\n<p>O jogo autom\u00e1tico no Dice permite que voc\u00ea tenha ainda mais controle das suas apostas, al\u00e9m de ser uma chance de entender melhor como o mini game funciona.<\/p>\n<p>Na vers\u00e3o autom\u00e1tica, voc\u00ea consegue:<\/p>\n<ul>\n<li>Selecionar o n\u00famero de rodadas que deseja jogar<\/li>\n<li>Pode interromper o jogo a qualquer momento em que seu saldo fique abaixo do indicado<\/li>\n<li>Interromper o jogo caso voc\u00ea ganhe acima do que foi previamente selecionado<\/li>\n<li>Configurar o jogo Dice para que diminua ou aumente a porcentagem de retorno de pagamento automaticamente, caso voc\u00ea perca uma rodada ou caso voc\u00ea esteja ganhando<\/li>\n<\/ul>\n<p>Consequentemente, ao decorrer do tempo, voc\u00ea come\u00e7a a criar uma maior habilidade com o jogo, podendo retornar ao modo tradicional com mais experi\u00eancia.<\/p>\n<\/div>\n<p>\n<h2 style=\"text-align: center;\" id=\"6-dice-dicas\">Dice Dicas<\/h2>\n<p>Nossa equipe possui mais de 30 anos de experi\u00eancia e conhecimento sobre <a href=\"https:\/\/www.sevenjackpots.com\/br\/cassinos-online\/\">cassinos online<\/a> e seus principais jogos. Dessa maneira, temos algumas dicas para voc\u00ea jogar Dice com maior precis\u00e3o. Veja abaixo as dicas que julgamos serem a melhores.<\/p>\n<div class=\"col-box\"><div class=\"col-box--1-2 \" style=\"\">\n<h3>N\u00e3o Procure Padr\u00f5es<\/h3>\n<p>O Dice \u00e9 um jogo que pode cair facilmente na fal\u00e1cia do apostador. Isto significa que este mini game pode fazer voc\u00ea acreditar que possui mais chances de vit\u00f3ria apostando em um n\u00famero que saiu mais vezes em rodadas anteriores, quando na verdade isso n\u00e3o existe.<\/p>\n<p>O Dice trabalha com a tecnologia blockchain provably fair, que impossibilita o sistema a dar vantagens extras em n\u00fameros que j\u00e1 sa\u00edram em outras rodadas. Ou seja: \u00e9 imposs\u00edvel de realizar qualquer previs\u00e3o, pois a tecnologia garante que o resultado \u00e9 100% aleat\u00f3rio.<\/p>\n<p>Sendo assim, n\u00e3o \u00e9 poss\u00edvel jogar com um padr\u00e3o de jogo. N\u00e3o acredite em ningu\u00e9m que tente te vender uma f\u00f3rmula m\u00e1gica de seguir ganhando com o Dice, pois n\u00e3o h\u00e1 chances de burlar o algoritmo.<\/p>\n<\/div> <div class=\"col-box--2-2 \" style=\"\">\n<h3>Jogue Gr\u00e1tis<\/h3>\n<p>O cassino online brasileiro que indicamos abaixo, KTO, possui a possibilidade de voc\u00ea jogar Dice de gra\u00e7a. Desta forma, voc\u00ea pode acessar o jogo no modo \u201cFun Play\u201d e criar habilidades antes de realmente come\u00e7ar apostar dinheiro.<\/p>\n<p>Ele \u00e9 indicado para aqueles usu\u00e1rios que ainda n\u00e3o possuem nenhuma experi\u00eancia no jogo e desejam aprender antes de apostar dinheiro real.<\/p>\n<p>Essa \u00e9 a melhor maneira de conhecer o jogo, ficar familiarizado com a sua estrutura e ganhar experi\u00eancia para conseguir entender poss\u00edveis valores futuros que s\u00e3o apostados nos dados. \u00c9 poss\u00edvel encontrar outros <a href=\"https:\/\/www.sevenjackpots.com\/br\/jogos-crash\/\">crash games<\/a> com a mesma disponibilidade.<\/p>\n<\/div><\/div>\n<\/p>\n<h2 style=\"text-align: center;\" id=\"7-melhor-cassino-online-para-jogar-dice\">Melhor Cassino Online para jogar Dice<\/h2>\n<p>O Dice \u00e9 um jogo de cassino online bastante popular entre os operadores que possuem servi\u00e7o no Brasil. Abaixo, selecionamos a melhor op\u00e7\u00e3o de cassino para que voc\u00ea possa come\u00e7ar a jogar com tranquilidade, com dep\u00f3sitos\/saques r\u00e1pidos e muita seguran\u00e7a.<\/p>\n<div class=\"box-text\" style=\"\">\n<p><img decoding=\"async\" class=\"aligncenter wp-image-20650\" src=\"https:\/\/www.sevenjackpots.com\/wp-content\/uploads\/2022\/11\/kto-logo.png\" alt=\"KTo logotipo.\" width=\"300\" height=\"143\" srcset=\"https:\/\/www.sevenjackpots.com\/wp-content\/uploads\/2022\/11\/kto-logo.png 420w, https:\/\/www.sevenjackpots.com\/wp-content\/uploads\/2022\/11\/kto-logo-300x143.png 300w, https:\/\/www.sevenjackpots.com\/wp-content\/uploads\/2022\/11\/kto-logo-71x34.png 71w, https:\/\/www.sevenjackpots.com\/wp-content\/uploads\/2022\/11\/kto-logo-120x57.png 120w, https:\/\/www.sevenjackpots.com\/wp-content\/uploads\/2022\/11\/kto-logo-150x71.png 150w, https:\/\/www.sevenjackpots.com\/wp-content\/uploads\/2022\/11\/kto-logo-189x90.png 189w, https:\/\/www.sevenjackpots.com\/wp-content\/uploads\/2022\/11\/kto-logo-378x180.png 378w, https:\/\/www.sevenjackpots.com\/wp-content\/uploads\/2022\/11\/kto-logo-350x167.png 350w, https:\/\/www.sevenjackpots.com\/wp-content\/uploads\/2022\/11\/kto-logo-80x38.png 80w\" sizes=\"(max-width: 300px) 100vw, 300px\" \/><\/p>\n<h3>KTO<\/h3>\n<p>O <a href=\"https:\/\/www.sevenjackpots.com\/br\/casino\/kto-cassino\/\">KTO Cassino<\/a> vem conquistando cada vez mais os apostadores brasileiros apaixonados pelos jogos online, entre eles, o Dice.<\/p>\n<p>Ao se conectar no KTO \u00e9 poss\u00edvel perceber que a sua navegabilidade \u00e9 bastante simples. Suas p\u00e1ginas contam com carregamento r\u00e1pido e \u00f3timo design. No meio da p\u00e1gina principal \u00e9 poss\u00edvel procurar por todas as categorias de jogos. O acesso \u00e9 ainda mais f\u00e1cil aos jogos do estilo crash. Nesta op\u00e7\u00e3o, voc\u00ea encontra o Dice e outros jogos fornecidos pela mesma empresa (Spribe), como \u00e9 o caso do Plinko, Aviator e outros.<\/p>\n<p>O KTO \u00e9 um cassino online bastante automatizado em quest\u00e3o de pagamentos. Voc\u00ea consegue realizar dep\u00f3sitos e solicita\u00e7\u00f5es de saque com rapidez e seguran\u00e7a. A raz\u00e3o disto \u00e9 que o operador possui conv\u00eanio com as principais institui\u00e7\u00f5es financeiras do Brasil.<\/p>\n<p>Se estiver com pressa, n\u00e3o h\u00e1 problema, o KTO tamb\u00e9m aceita pagamentos via Pix e principais carteiras digitais. Vale a pena conferir todas as suas vantagens a longo prazo.<\/p>\n<\/div>\n<div class=\"box-text\" style=\"\">\n<h2 id=\"8-spribe-criadores-do-jogo-do-dice\">Spribe &#8211; Criadores do Jogo do Dice<\/h2>\n<p>A <a href=\"https:\/\/www.sevenjackpots.com\/br\/provedores\/spribe\/\">Spribe<\/a> \u00e9 uma empresa de jogos online lan\u00e7ada recentemente. Em novembro de 2018, logo ap\u00f3s sua abertura, j\u00e1 possuia as primeiras parcerias com cassinos online. Foi o primeiro parceiro o Adjarabet, da Ge\u00f3rgia.<\/p>\n<p>Com certifica\u00e7\u00f5es para operar como fornecedor de jogos de cassino online confi\u00e1vel por quase todo o mundo, a Spribe aumentou sua distribui\u00e7\u00e3o de jogos a partir de 2019 com o lan\u00e7amento do <a href=\"https:\/\/www.sevenjackpots.com\/br\/aviator\/\">Aviator<\/a> e outros crash games, incluindo o Dice.<\/p>\n<p>Rapidamente os jogos se tornaram uma sensa\u00e7\u00e3o nos cassinos online, entrando na sele\u00e7\u00e3o dos jogos mais populares do mundo. O sucesso foi ainda maior em cassinos que operam em criptomoedas. At\u00e9 porque, o sistema do jogo possui tecnologia blockchain, a mesma por tr\u00e1s das moedas digitais.<\/p>\n<\/div>\n","protected":false},"excerpt":{"rendered":"<p>Melhores Dice Cassino Online Jogar Dice Gr\u00e1tis Dice Dicas Nossa equipe possui mais de 30 [&hellip;]<\/p>\n","protected":false},"author":4,"featured_media":25510,"parent":25766,"menu_order":0,"comment_status":"closed","ping_status":"closed","template":"","meta":{"_acf_changed":false,"footnotes":""},"categories":[],"tags":[],"class_list":["post-25762","page","type-page","status-publish","has-post-thumbnail","hentry"],"yoast_head":"<!-- This site is optimized with the Yoast SEO Premium plugin v26.0 (Yoast SEO v27.5) - https:\/\/yoast.com\/product\/yoast-seo-premium-wordpress\/ -->\n<title>Dice Aposta: Como jogar Dice nos cassinos online no Brasil<\/title>\n<meta name=\"description\" content=\"Dice \u00e9 um jogo de aposta incr\u00edvel dispon\u00edvel nos melhores cassinos online. Escolha maior ou menor, fa\u00e7a sua aposta, role o dado e ganhe!\" \/>\n<meta name=\"robots\" content=\"index, follow, max-snippet:-1, max-image-preview:large, max-video-preview:-1\" \/>\n<link rel=\"canonical\" href=\"https:\/\/www.sevenjackpots.com\/br\/mini-games\/dice\/\" \/>\n<meta property=\"og:locale\" content=\"en_US\" \/>\n<meta property=\"og:type\" content=\"article\" \/>\n<meta property=\"og:title\" content=\"Dice\" \/>\n<meta property=\"og:description\" content=\"Melhores Dice Cassino Online Jogar Dice Gr\u00e1tis Dice Dicas Nossa equipe possui mais de 30 anos de experi\u00eancia e conhecimento sobre cassinos online e seus\" \/>\n<meta property=\"og:url\" content=\"https:\/\/www.sevenjackpots.com\/br\/mini-games\/dice\/\" \/>\n<meta property=\"og:site_name\" content=\"SevenJackpots - India&#039;s Best Online Casino Guide\" \/>\n<meta property=\"article:publisher\" content=\"https:\/\/www.facebook.com\/Sevenjackpots.in\/\" \/>\n<meta property=\"article:modified_time\" content=\"2024-11-29T10:51:34+00:00\" \/>\n<meta property=\"og:image\" content=\"https:\/\/www.sevenjackpots.com\/wp-content\/uploads\/2022\/12\/dice-spribe.jpg\" \/>\n\t<meta property=\"og:image:width\" content=\"600\" \/>\n\t<meta property=\"og:image:height\" content=\"400\" \/>\n\t<meta property=\"og:image:type\" content=\"image\/jpeg\" \/>\n<meta name=\"twitter:card\" content=\"summary_large_image\" \/>\n<meta name=\"twitter:label1\" content=\"Est. tempo de leitura\" \/>\n\t<meta name=\"twitter:data1\" content=\"6 minutos\" \/>\n<script type=\"application\/ld+json\" class=\"yoast-schema-graph\">{\"@context\":\"https:\\\/\\\/schema.org\",\"@graph\":[{\"@type\":\"WebPage\",\"@id\":\"https:\\\/\\\/www.sevenjackpots.com\\\/br\\\/mini-games\\\/dice\\\/\",\"url\":\"https:\\\/\\\/www.sevenjackpots.com\\\/br\\\/mini-games\\\/dice\\\/\",\"name\":\"Dice Aposta: Como jogar Dice nos cassinos online no Brasil\",\"isPartOf\":{\"@id\":\"https:\\\/\\\/www.sevenjackpots.com\\\/br\\\/#website\"},\"primaryImageOfPage\":{\"@id\":\"https:\\\/\\\/www.sevenjackpots.com\\\/br\\\/mini-games\\\/dice\\\/#primaryimage\"},\"image\":{\"@id\":\"https:\\\/\\\/www.sevenjackpots.com\\\/br\\\/mini-games\\\/dice\\\/#primaryimage\"},\"thumbnailUrl\":\"https:\\\/\\\/www.sevenjackpots.com\\\/wp-content\\\/uploads\\\/2022\\\/12\\\/dice-spribe.jpg\",\"datePublished\":\"2023-01-14T12:47:26+00:00\",\"dateModified\":\"2024-11-29T10:51:34+00:00\",\"description\":\"Dice \u00e9 um jogo de aposta incr\u00edvel dispon\u00edvel nos melhores cassinos online. Escolha maior ou menor, fa\u00e7a sua aposta, role o dado e ganhe!\",\"inLanguage\":\"pt-BR\",\"potentialAction\":[{\"@type\":\"ReadAction\",\"target\":[\"https:\\\/\\\/www.sevenjackpots.com\\\/br\\\/mini-games\\\/dice\\\/\"]}]},{\"@type\":\"ImageObject\",\"inLanguage\":\"pt-BR\",\"@id\":\"https:\\\/\\\/www.sevenjackpots.com\\\/br\\\/mini-games\\\/dice\\\/#primaryimage\",\"url\":\"https:\\\/\\\/www.sevenjackpots.com\\\/wp-content\\\/uploads\\\/2022\\\/12\\\/dice-spribe.jpg\",\"contentUrl\":\"https:\\\/\\\/www.sevenjackpots.com\\\/wp-content\\\/uploads\\\/2022\\\/12\\\/dice-spribe.jpg\",\"width\":600,\"height\":400,\"caption\":\"screenshot of spribe dice game showing game interface.\"},{\"@type\":\"BreadcrumbList\",\"@id\":\"https:\\\/\\\/www.sevenjackpots.com\\\/br\\\/mini-games\\\/dice\\\/#breadcrumb\",\"itemListElement\":[{\"@type\":\"ListItem\",\"position\":1,\"name\":\"Home\",\"item\":\"https:\\\/\\\/www.sevenjackpots.com\\\/br\\\/\"},{\"@type\":\"ListItem\",\"position\":2,\"name\":\"Mini Games\",\"item\":\"https:\\\/\\\/www.sevenjackpots.com\\\/br\\\/mini-games\\\/\"},{\"@type\":\"ListItem\",\"position\":3,\"name\":\"Dice\"}]},{\"@type\":\"WebSite\",\"@id\":\"https:\\\/\\\/www.sevenjackpots.com\\\/br\\\/#website\",\"url\":\"https:\\\/\\\/www.sevenjackpots.com\\\/br\\\/\",\"name\":\"SevenJackpots - India's Best Online Casino Guide\",\"description\":\"\",\"publisher\":{\"@id\":\"https:\\\/\\\/www.sevenjackpots.com\\\/br\\\/#organization\"},\"potentialAction\":[{\"@type\":\"SearchAction\",\"target\":{\"@type\":\"EntryPoint\",\"urlTemplate\":\"https:\\\/\\\/www.sevenjackpots.com\\\/br\\\/?s={search_term_string}\"},\"query-input\":{\"@type\":\"PropertyValueSpecification\",\"valueRequired\":true,\"valueName\":\"search_term_string\"}}],\"inLanguage\":\"pt-BR\"},{\"@type\":\"Organization\",\"@id\":\"https:\\\/\\\/www.sevenjackpots.com\\\/br\\\/#organization\",\"name\":\"SevenJackpots\",\"url\":\"https:\\\/\\\/www.sevenjackpots.com\\\/br\\\/\",\"logo\":{\"@type\":\"ImageObject\",\"inLanguage\":\"pt-BR\",\"@id\":\"https:\\\/\\\/www.sevenjackpots.com\\\/br\\\/#\\\/schema\\\/logo\\\/image\\\/\",\"url\":\"https:\\\/\\\/www.sevenjackpots.com\\\/wp-content\\\/uploads\\\/2024\\\/09\\\/sevenjackpots-yoast.png\",\"contentUrl\":\"https:\\\/\\\/www.sevenjackpots.com\\\/wp-content\\\/uploads\\\/2024\\\/09\\\/sevenjackpots-yoast.png\",\"width\":750,\"height\":750,\"caption\":\"SevenJackpots\"},\"image\":{\"@id\":\"https:\\\/\\\/www.sevenjackpots.com\\\/br\\\/#\\\/schema\\\/logo\\\/image\\\/\"},\"sameAs\":[\"https:\\\/\\\/www.facebook.com\\\/Sevenjackpots.in\\\/\",\"https:\\\/\\\/www.youtube.com\\\/channel\\\/UCn-K2LNaXT1XckDT1l8MnfA\",\"https:\\\/\\\/www.instagram.com\\\/sevenjackpots\\\/\"]}]}<\/script>\n<!-- \/ Yoast SEO Premium plugin. -->","yoast_head_json":{"title":"Dice Aposta: Como jogar Dice nos cassinos online no Brasil","description":"Dice \u00e9 um jogo de aposta incr\u00edvel dispon\u00edvel nos melhores cassinos online. Escolha maior ou menor, fa\u00e7a sua aposta, role o dado e ganhe!","robots":{"index":"index","follow":"follow","max-snippet":"max-snippet:-1","max-image-preview":"max-image-preview:large","max-video-preview":"max-video-preview:-1"},"canonical":"https:\/\/www.sevenjackpots.com\/br\/mini-games\/dice\/","og_locale":"en_US","og_type":"article","og_title":"Dice","og_description":"Melhores Dice Cassino Online Jogar Dice Gr\u00e1tis Dice Dicas Nossa equipe possui mais de 30 anos de experi\u00eancia e conhecimento sobre cassinos online e seus","og_url":"https:\/\/www.sevenjackpots.com\/br\/mini-games\/dice\/","og_site_name":"SevenJackpots - India&#039;s Best Online Casino Guide","article_publisher":"https:\/\/www.facebook.com\/Sevenjackpots.in\/","article_modified_time":"2024-11-29T10:51:34+00:00","og_image":[{"width":600,"height":400,"url":"https:\/\/www.sevenjackpots.com\/wp-content\/uploads\/2022\/12\/dice-spribe.jpg","type":"image\/jpeg"}],"twitter_card":"summary_large_image","twitter_misc":{"Est. tempo de leitura":"6 minutos"},"schema":{"@context":"https:\/\/schema.org","@graph":[{"@type":"WebPage","@id":"https:\/\/www.sevenjackpots.com\/br\/mini-games\/dice\/","url":"https:\/\/www.sevenjackpots.com\/br\/mini-games\/dice\/","name":"Dice Aposta: Como jogar Dice nos cassinos online no Brasil","isPartOf":{"@id":"https:\/\/www.sevenjackpots.com\/br\/#website"},"primaryImageOfPage":{"@id":"https:\/\/www.sevenjackpots.com\/br\/mini-games\/dice\/#primaryimage"},"image":{"@id":"https:\/\/www.sevenjackpots.com\/br\/mini-games\/dice\/#primaryimage"},"thumbnailUrl":"https:\/\/www.sevenjackpots.com\/wp-content\/uploads\/2022\/12\/dice-spribe.jpg","datePublished":"2023-01-14T12:47:26+00:00","dateModified":"2024-11-29T10:51:34+00:00","description":"Dice \u00e9 um jogo de aposta incr\u00edvel dispon\u00edvel nos melhores cassinos online. Escolha maior ou menor, fa\u00e7a sua aposta, role o dado e ganhe!","inLanguage":"pt-BR","potentialAction":[{"@type":"ReadAction","target":["https:\/\/www.sevenjackpots.com\/br\/mini-games\/dice\/"]}]},{"@type":"ImageObject","inLanguage":"pt-BR","@id":"https:\/\/www.sevenjackpots.com\/br\/mini-games\/dice\/#primaryimage","url":"https:\/\/www.sevenjackpots.com\/wp-content\/uploads\/2022\/12\/dice-spribe.jpg","contentUrl":"https:\/\/www.sevenjackpots.com\/wp-content\/uploads\/2022\/12\/dice-spribe.jpg","width":600,"height":400,"caption":"screenshot of spribe dice game showing game interface."},{"@type":"BreadcrumbList","@id":"https:\/\/www.sevenjackpots.com\/br\/mini-games\/dice\/#breadcrumb","itemListElement":[{"@type":"ListItem","position":1,"name":"Home","item":"https:\/\/www.sevenjackpots.com\/br\/"},{"@type":"ListItem","position":2,"name":"Mini Games","item":"https:\/\/www.sevenjackpots.com\/br\/mini-games\/"},{"@type":"ListItem","position":3,"name":"Dice"}]},{"@type":"WebSite","@id":"https:\/\/www.sevenjackpots.com\/br\/#website","url":"https:\/\/www.sevenjackpots.com\/br\/","name":"SevenJackpots - India's Best Online Casino Guide","description":"","publisher":{"@id":"https:\/\/www.sevenjackpots.com\/br\/#organization"},"potentialAction":[{"@type":"SearchAction","target":{"@type":"EntryPoint","urlTemplate":"https:\/\/www.sevenjackpots.com\/br\/?s={search_term_string}"},"query-input":{"@type":"PropertyValueSpecification","valueRequired":true,"valueName":"search_term_string"}}],"inLanguage":"pt-BR"},{"@type":"Organization","@id":"https:\/\/www.sevenjackpots.com\/br\/#organization","name":"SevenJackpots","url":"https:\/\/www.sevenjackpots.com\/br\/","logo":{"@type":"ImageObject","inLanguage":"pt-BR","@id":"https:\/\/www.sevenjackpots.com\/br\/#\/schema\/logo\/image\/","url":"https:\/\/www.sevenjackpots.com\/wp-content\/uploads\/2024\/09\/sevenjackpots-yoast.png","contentUrl":"https:\/\/www.sevenjackpots.com\/wp-content\/uploads\/2024\/09\/sevenjackpots-yoast.png","width":750,"height":750,"caption":"SevenJackpots"},"image":{"@id":"https:\/\/www.sevenjackpots.com\/br\/#\/schema\/logo\/image\/"},"sameAs":["https:\/\/www.facebook.com\/Sevenjackpots.in\/","https:\/\/www.youtube.com\/channel\/UCn-K2LNaXT1XckDT1l8MnfA","https:\/\/www.instagram.com\/sevenjackpots\/"]}]}},"acf":[],"_links":{"self":[{"href":"https:\/\/www.sevenjackpots.com\/br\/wp-json\/wp\/v2\/pages\/25762","targetHints":{"allow":["GET"]}}],"collection":[{"href":"https:\/\/www.sevenjackpots.com\/br\/wp-json\/wp\/v2\/pages"}],"about":[{"href":"https:\/\/www.sevenjackpots.com\/br\/wp-json\/wp\/v2\/types\/page"}],"author":[{"embeddable":true,"href":"https:\/\/www.sevenjackpots.com\/br\/wp-json\/wp\/v2\/users\/4"}],"replies":[{"embeddable":true,"href":"https:\/\/www.sevenjackpots.com\/br\/wp-json\/wp\/v2\/comments?post=25762"}],"version-history":[{"count":16,"href":"https:\/\/www.sevenjackpots.com\/br\/wp-json\/wp\/v2\/pages\/25762\/revisions"}],"predecessor-version":[{"id":38796,"href":"https:\/\/www.sevenjackpots.com\/br\/wp-json\/wp\/v2\/pages\/25762\/revisions\/38796"}],"up":[{"embeddable":true,"href":"https:\/\/www.sevenjackpots.com\/br\/wp-json\/wp\/v2\/pages\/25766"}],"wp:featuredmedia":[{"embeddable":true,"href":"https:\/\/www.sevenjackpots.com\/br\/wp-json\/wp\/v2\/media\/25510"}],"wp:attachment":[{"href":"https:\/\/www.sevenjackpots.com\/br\/wp-json\/wp\/v2\/media?parent=25762"}],"wp:term":[{"taxonomy":"category","embeddable":true,"href":"https:\/\/www.sevenjackpots.com\/br\/wp-json\/wp\/v2\/categories?post=25762"},{"taxonomy":"post_tag","embeddable":true,"href":"https:\/\/www.sevenjackpots.com\/br\/wp-json\/wp\/v2\/tags?post=25762"}],"curies":[{"name":"wp","href":"https:\/\/api.w.org\/{rel}","templated":true}]}}