{"id":26063,"date":"2023-02-21T18:40:21","date_gmt":"2023-02-21T18:40:21","guid":{"rendered":"https:\/\/www.sevenjackpots.com\/?page_id=26063"},"modified":"2025-08-26T04:50:32","modified_gmt":"2025-08-26T04:50:32","slug":"monopoly-live","status":"publish","type":"page","link":"https:\/\/www.sevenjackpots.com\/br\/monopoly-live\/","title":{"rendered":"MONOPOLY Live"},"content":{"rendered":"<h2 style=\"text-align: center;\" id=\"1-melhor-cassino-ao-vivo\">Melhor Cassino Ao Vivo<\/h2>\n<h2 style=\"text-align: center;\" id=\"2-como-jogar-monopoly-live\">Como Jogar MONOPOLY Live<\/h2>\n<p>MONOPOLY Live \u00e9 um tipo de jogo Game Show, e se voc\u00ea j\u00e1 jogou Dream Catcher, voc\u00ea j\u00e1 conhece metade do jogo.<\/p>\n<p>Mas isso \u00e9 muito mais do que apenas uma roda da sorte. No jogo MONOPOLY Live, voc\u00ea desfrutar\u00e1 de uma rodada de b\u00f4nus 3D adicional mostrada em Realidade Aumentada no est\u00fadio do Game Show.<\/p>\n<p>Para jogar o jogo de b\u00f4nus em 3D, voc\u00ea ter\u00e1 que apostar em uma ou mais se\u00e7\u00f5es de b\u00f4nus da roda; \u201c2 rolls\u201d e \u201c4 rolls\u201d. se o flapper da roda parar na se\u00e7\u00e3o de b\u00f4nus em que voc\u00ea apostou, voc\u00ea se qualifica para a pr\u00f3xima rodada!<\/p>\n<div style=\"margin-top: -160px;\">\n<div class=\"box-text\" style=\"\">\n<h3 style=\"text-align: center;\">Jogo de B\u00f4nus de MONOPOLY Live<\/h3>\n<p><img decoding=\"async\" class=\"aligncenter wp-image-23647\" src=\"https:\/\/www.sevenjackpots.com\/wp-content\/uploads\/2024\/05\/monopoly-live-mr-monopoly-bonus.jpg\" alt=\"screenshot of the monopoly live bonus game round showing the board game and Mr. Monopoly.\" width=\"601\" height=\"300\" \/><\/p>\n<p>Todos os jogadores poder\u00e3o ver o jogo de b\u00f4nus \u00e0 medida que se desenrola. Apenas aqueles que fizeram uma aposta ativa em qualquer uma das se\u00e7\u00f5es de b\u00f4nus participar\u00e3o dele.<\/p>\n<p>Durante o jogo de b\u00f4nus, o pr\u00f3prio MR.MONOPOLY caminha \u00e0 volta de um tabuleiro 3D MONOPOLY e coleta pr\u00eamios em dinheiro para os jogadores. Quantos passos ele dar\u00e1 \u00e9 determinado pelo lan\u00e7amento de dois dados.<\/p>\n<p>Assim como no jogo de tabuleiro MONOPOLY, diferentes se\u00e7\u00f5es do tabuleiro representam diferentes recursos:<\/p>\n<ul>\n<li>Propriedades, servi\u00e7os p\u00fablicos, ferrovias e estacionamento gratuito t\u00eam pr\u00eamios b\u00e1sicos em dinheiro.<\/li>\n<li>Casas e hot\u00e9is s\u00e3o constru\u00eddos aleatoriamente no in\u00edcio do jogo de b\u00f4nus, aumentando o pr\u00eamio nessas se\u00e7\u00f5es.<\/li>\n<li>Um lan\u00e7amento de dados extra \u00e9 concedido se conseguir o mesmo n\u00famero no lan\u00e7amento dos dois dados, exceto para os dados lan\u00e7ados para sair da Pris\u00e3o.<\/li>\n<li>Um pr\u00eamio em dinheiro ou uma taxa aguarda se o MR.MONOPOLY parar em &#8220;Chance&#8221; (Sorte) ou &#8220;Community Chest&#8221; (Cofre Comunit\u00e1rio).<\/li>\n<li>Impostos e taxas s\u00f3 podem ser deduzidos dentro dos limites de seus ganhos com recursos de b\u00f4nus, ou seja, eles nunca podem deixar voc\u00ea com saldo negativo.<\/li>\n<li>O Imposto de Renda reduz seus ganhos de b\u00f4nus em 10%, o Supertax em 20%.<\/li>\n<li>Passar na casa de partida &#8220;GO&#8221; dobra todos os pr\u00eamios do tabuleiro coletados a partir de ent\u00e3o.<\/li>\n<li>Parar em &#8220;Ir para a pris\u00e3o&#8221; requer que o mesmo n\u00famero seja lan\u00e7ado nos dois dados para poder sair.<\/li>\n<\/ul>\n<\/div>\n<div class=\"box-text\" style=\"\">\n<h3 style=\"text-align: center;\">Apresentador de MONOPOLY Live<\/h3>\n<p><img decoding=\"async\" class=\"aligncenter wp-image-23646\" src=\"https:\/\/www.sevenjackpots.com\/wp-content\/uploads\/2021\/04\/monopoly-live-wheel.jpg\" alt=\"the monopoly live game show host and the game's lucky wheel.\" width=\"492\" height=\"328\" srcset=\"https:\/\/www.sevenjackpots.com\/wp-content\/uploads\/2021\/04\/monopoly-live-wheel.jpg 900w, https:\/\/www.sevenjackpots.com\/wp-content\/uploads\/2021\/04\/monopoly-live-wheel-300x200.jpg 300w, https:\/\/www.sevenjackpots.com\/wp-content\/uploads\/2021\/04\/monopoly-live-wheel-768x512.jpg 768w, https:\/\/www.sevenjackpots.com\/wp-content\/uploads\/2021\/04\/monopoly-live-wheel-105x70.jpg 105w, https:\/\/www.sevenjackpots.com\/wp-content\/uploads\/2021\/04\/monopoly-live-wheel-150x100.jpg 150w, https:\/\/www.sevenjackpots.com\/wp-content\/uploads\/2021\/04\/monopoly-live-wheel-135x90.jpg 135w, https:\/\/www.sevenjackpots.com\/wp-content\/uploads\/2021\/04\/monopoly-live-wheel-270x180.jpg 270w, https:\/\/www.sevenjackpots.com\/wp-content\/uploads\/2021\/04\/monopoly-live-wheel-350x233.jpg 350w, https:\/\/www.sevenjackpots.com\/wp-content\/uploads\/2021\/04\/monopoly-live-wheel-80x53.jpg 80w\" sizes=\"(max-width: 492px) 100vw, 492px\" \/><\/p>\n<p>O crupi\u00ea ao vivo de MONOPOLY Live \u00e9 conhecido como apresentador de Game Show. \u00c9 ele que o conduzir\u00e1 durante sua experi\u00eancia de jogo.<\/p>\n<p>O anfitri\u00e3o informar\u00e1 quando voc\u00ea pode fazer apostas e tamb\u00e9m informar\u00e1 como o jogo progride. Isso \u00e9 v\u00e1lido tanto durante o giro da roda quanto no jogo de b\u00f4nus.<\/p>\n<\/div>\n<\/div>\n<h2 style=\"text-align: center;\" id=\"3-regras-de-monopoly-live\">Regras de MONOPOLY Live<\/h2>\n<p>As regras de MONOPOLY Live s\u00e3o simples e semelhantes \u00e0s de <a href=\"https:\/\/www.sevenjackpots.com\/br\/crazy-time\/\">Crazy Time<\/a>. Isso quer dizer que \u00e9 necess\u00e1rio fazer uma aposta em um segmento b\u00f4nus para ter a chance de disput\u00e1-lo.<\/p>\n<p>Certifique-se de fazer apostas nas se\u00e7\u00f5es em que deseja apostar e observe o desenrolar do jogo. Se voc\u00ea fizer apostas id\u00eanticas em cada rodada do jogo, pode usar o recurso de jogo autom\u00e1tico.<\/p>\n<div class=\"box-text\" style=\"\">\n<h3>Apostas e Pagamentos de MONOPOLY Live<\/h3>\n<p>Neste jogo voc\u00ea pode fazer apostas entre R$ 0,50 e R$ 5.000 com chances de ganhar at\u00e9 R$ 3.000.000!<\/p>\n<p>As se\u00e7\u00f5es 1, 2, 5 e 10 na roda representam o pagamento.\u00a0 Ou seja: a se\u00e7\u00e3o 1 paga 1:1, a se\u00e7\u00e3o 2 paga 2:1 e assim por diante.<\/p>\n<p>A se\u00e7\u00e3o CHANCE (Sorte) na roda pagar\u00e1 um pr\u00eamio em dinheiro aleat\u00f3rio ou um multiplicador. J\u00e1 o recurso de B\u00f4nus paga no m\u00e1ximo R$ 3.000.000.<\/p>\n<\/div>\n<div class=\"box-text\" style=\"\">\n<p><img decoding=\"async\" class=\"aligncenter wp-image-7941\" role=\"img\" src=\"https:\/\/www.sevenjackpots.com\/wp-content\/uploads\/2020\/06\/mobile-play.svg\" alt=\"\u00cdcone ilustrado de uma m\u00e3o segurando um celular.\" width=\"150\" height=\"150\" \/><\/p>\n<h2 id=\"4-monopoly-live-no-celular\">MONOPOLY Live no Celular<\/h2>\n<p>MONOPOLY Live foi desenvolvido em HTML5 para cada dispositivo exclusivo, para que voc\u00ea obtenha a melhor experi\u00eancia de jogo poss\u00edvel, independentemente de estar usando um dispositivo m\u00f3vel ou tablet.<\/p>\n<p>A Evolution tamb\u00e9m garantiu que voc\u00ea poder\u00e1 jogar tanto em modo retrato como em modo paisagem em dispositivos iOS ou Android. Em tablets, no entanto, o jogo \u00e9 executado apenas no modo paisagem.<\/p>\n<\/div>\n<div class=\"box-text\" style=\"\">\n<h2 id=\"5-conclusao\">Conclus\u00e3o<\/h2>\n<p>Os jogadores que procuram entretenimento ao vivo excepcional, sem precisar de aprender regras complicadas ou jogar contra um dealer, v\u00e3o adorar MONOPOLY Live.<\/p>\n<p>Acreditamos que aqueles que gostam de mesas de <a href=\"https:\/\/www.sevenjackpots.com\/br\/roleta\/\">roleta online<\/a> gostam mais deste jogo. J\u00e1 os jogadores que costumam jogar jogos como <a href=\"https:\/\/www.sevenjackpots.com\/br\/jogos-crash\/\">Crash Games<\/a> e <a href=\"https:\/\/www.sevenjackpots.com\/br\/blackjack-online\/\">blackjack online<\/a> podem preferir um jogo mais inclusivo.<\/p>\n<p>N\u00e3o importa que tipo de jogador voc\u00ea seja, temos certeza de que voc\u00ea achar\u00e1 MONOPOLY Live divertido. Divirta-se com este jogo em um dos nossos sites de <a href=\"https:\/\/www.sevenjackpots.com\/br\/cassinos-online\/\">cassino brasileiros<\/a> mais populares!<\/p>\n<\/div>\n<p>\n","protected":false},"excerpt":{"rendered":"<p>Melhor Cassino Ao Vivo Como Jogar MONOPOLY Live MONOPOLY Live \u00e9 um tipo de jogo [&hellip;]<\/p>\n","protected":false},"author":4,"featured_media":23081,"parent":0,"menu_order":0,"comment_status":"closed","ping_status":"closed","template":"","meta":{"_acf_changed":false,"footnotes":""},"categories":[],"tags":[1307,1022],"class_list":["post-26063","page","type-page","status-publish","has-post-thumbnail","hentry","tag-evolution-br","tag-game-show-br"],"yoast_head":"<!-- This site is optimized with the Yoast SEO Premium plugin v26.0 (Yoast SEO v27.5) - https:\/\/yoast.com\/product\/yoast-seo-premium-wordpress\/ -->\n<title>MONOPOLY Live: Jogue com Dinheiro Real no Brasil<\/title>\n<meta name=\"description\" content=\"Jogue Banco Imobili\u00e1rio ao vivo valendo dinheiro real! Veja como jogar Monopoly Live nas melhores casas de aposta da atualidade!\" \/>\n<meta name=\"robots\" content=\"index, follow, max-snippet:-1, max-image-preview:large, max-video-preview:-1\" \/>\n<link rel=\"canonical\" href=\"https:\/\/www.sevenjackpots.com\/br\/monopoly-live\/\" \/>\n<meta property=\"og:locale\" content=\"en_US\" \/>\n<meta property=\"og:type\" content=\"article\" \/>\n<meta property=\"og:title\" content=\"MONOPOLY Live\" \/>\n<meta property=\"og:description\" content=\"Melhor Cassino Ao Vivo Como Jogar MONOPOLY Live MONOPOLY Live \u00e9 um tipo de jogo Game Show, e se voc\u00ea j\u00e1 jogou Dream Catcher, voc\u00ea j\u00e1 conhece metade do\" \/>\n<meta property=\"og:url\" content=\"https:\/\/www.sevenjackpots.com\/br\/monopoly-live\/\" \/>\n<meta property=\"og:site_name\" content=\"SevenJackpots - India&#039;s Best Online Casino Guide\" \/>\n<meta property=\"article:publisher\" content=\"https:\/\/www.facebook.com\/Sevenjackpots.in\/\" \/>\n<meta property=\"article:modified_time\" content=\"2025-08-26T04:50:32+00:00\" \/>\n<meta property=\"og:image\" content=\"https:\/\/www.sevenjackpots.com\/wp-content\/uploads\/2020\/12\/monopoly-live-evolution-game.png\" \/>\n\t<meta property=\"og:image:width\" content=\"900\" \/>\n\t<meta property=\"og:image:height\" content=\"600\" \/>\n\t<meta property=\"og:image:type\" content=\"image\/png\" \/>\n<meta name=\"twitter:card\" content=\"summary_large_image\" \/>\n<meta name=\"twitter:label1\" content=\"Est. tempo de leitura\" \/>\n\t<meta name=\"twitter:data1\" content=\"4 minutos\" \/>\n<script type=\"application\/ld+json\" class=\"yoast-schema-graph\">{\"@context\":\"https:\\\/\\\/schema.org\",\"@graph\":[{\"@type\":\"WebPage\",\"@id\":\"https:\\\/\\\/www.sevenjackpots.com\\\/br\\\/monopoly-live\\\/\",\"url\":\"https:\\\/\\\/www.sevenjackpots.com\\\/br\\\/monopoly-live\\\/\",\"name\":\"MONOPOLY Live: Jogue com Dinheiro Real no Brasil\",\"isPartOf\":{\"@id\":\"https:\\\/\\\/www.sevenjackpots.com\\\/br\\\/#website\"},\"primaryImageOfPage\":{\"@id\":\"https:\\\/\\\/www.sevenjackpots.com\\\/br\\\/monopoly-live\\\/#primaryimage\"},\"image\":{\"@id\":\"https:\\\/\\\/www.sevenjackpots.com\\\/br\\\/monopoly-live\\\/#primaryimage\"},\"thumbnailUrl\":\"https:\\\/\\\/www.sevenjackpots.com\\\/wp-content\\\/uploads\\\/2020\\\/12\\\/monopoly-live-evolution-game.png\",\"datePublished\":\"2023-02-21T18:40:21+00:00\",\"dateModified\":\"2025-08-26T04:50:32+00:00\",\"description\":\"Jogue Banco Imobili\u00e1rio ao vivo valendo dinheiro real! Veja como jogar Monopoly Live nas melhores casas de aposta da atualidade!\",\"inLanguage\":\"pt-BR\",\"potentialAction\":[{\"@type\":\"ReadAction\",\"target\":[\"https:\\\/\\\/www.sevenjackpots.com\\\/br\\\/monopoly-live\\\/\"]}]},{\"@type\":\"ImageObject\",\"inLanguage\":\"pt-BR\",\"@id\":\"https:\\\/\\\/www.sevenjackpots.com\\\/br\\\/monopoly-live\\\/#primaryimage\",\"url\":\"https:\\\/\\\/www.sevenjackpots.com\\\/wp-content\\\/uploads\\\/2020\\\/12\\\/monopoly-live-evolution-game.png\",\"contentUrl\":\"https:\\\/\\\/www.sevenjackpots.com\\\/wp-content\\\/uploads\\\/2020\\\/12\\\/monopoly-live-evolution-game.png\",\"width\":900,\"height\":600,\"caption\":\"Monopoly Live logo\"},{\"@type\":\"BreadcrumbList\",\"@id\":\"https:\\\/\\\/www.sevenjackpots.com\\\/br\\\/monopoly-live\\\/#breadcrumb\",\"itemListElement\":[{\"@type\":\"ListItem\",\"position\":1,\"name\":\"Home\",\"item\":\"https:\\\/\\\/www.sevenjackpots.com\\\/br\\\/\"},{\"@type\":\"ListItem\",\"position\":2,\"name\":\"MONOPOLY Live\"}]},{\"@type\":\"WebSite\",\"@id\":\"https:\\\/\\\/www.sevenjackpots.com\\\/br\\\/#website\",\"url\":\"https:\\\/\\\/www.sevenjackpots.com\\\/br\\\/\",\"name\":\"SevenJackpots - India's Best Online Casino Guide\",\"description\":\"\",\"publisher\":{\"@id\":\"https:\\\/\\\/www.sevenjackpots.com\\\/br\\\/#organization\"},\"potentialAction\":[{\"@type\":\"SearchAction\",\"target\":{\"@type\":\"EntryPoint\",\"urlTemplate\":\"https:\\\/\\\/www.sevenjackpots.com\\\/br\\\/?s={search_term_string}\"},\"query-input\":{\"@type\":\"PropertyValueSpecification\",\"valueRequired\":true,\"valueName\":\"search_term_string\"}}],\"inLanguage\":\"pt-BR\"},{\"@type\":\"Organization\",\"@id\":\"https:\\\/\\\/www.sevenjackpots.com\\\/br\\\/#organization\",\"name\":\"SevenJackpots\",\"url\":\"https:\\\/\\\/www.sevenjackpots.com\\\/br\\\/\",\"logo\":{\"@type\":\"ImageObject\",\"inLanguage\":\"pt-BR\",\"@id\":\"https:\\\/\\\/www.sevenjackpots.com\\\/br\\\/#\\\/schema\\\/logo\\\/image\\\/\",\"url\":\"https:\\\/\\\/www.sevenjackpots.com\\\/wp-content\\\/uploads\\\/2024\\\/09\\\/sevenjackpots-yoast.png\",\"contentUrl\":\"https:\\\/\\\/www.sevenjackpots.com\\\/wp-content\\\/uploads\\\/2024\\\/09\\\/sevenjackpots-yoast.png\",\"width\":750,\"height\":750,\"caption\":\"SevenJackpots\"},\"image\":{\"@id\":\"https:\\\/\\\/www.sevenjackpots.com\\\/br\\\/#\\\/schema\\\/logo\\\/image\\\/\"},\"sameAs\":[\"https:\\\/\\\/www.facebook.com\\\/Sevenjackpots.in\\\/\",\"https:\\\/\\\/www.youtube.com\\\/channel\\\/UCn-K2LNaXT1XckDT1l8MnfA\",\"https:\\\/\\\/www.instagram.com\\\/sevenjackpots\\\/\"]}]}<\/script>\n<!-- \/ Yoast SEO Premium plugin. -->","yoast_head_json":{"title":"MONOPOLY Live: Jogue com Dinheiro Real no Brasil","description":"Jogue Banco Imobili\u00e1rio ao vivo valendo dinheiro real! Veja como jogar Monopoly Live nas melhores casas de aposta da atualidade!","robots":{"index":"index","follow":"follow","max-snippet":"max-snippet:-1","max-image-preview":"max-image-preview:large","max-video-preview":"max-video-preview:-1"},"canonical":"https:\/\/www.sevenjackpots.com\/br\/monopoly-live\/","og_locale":"en_US","og_type":"article","og_title":"MONOPOLY Live","og_description":"Melhor Cassino Ao Vivo Como Jogar MONOPOLY Live MONOPOLY Live \u00e9 um tipo de jogo Game Show, e se voc\u00ea j\u00e1 jogou Dream Catcher, voc\u00ea j\u00e1 conhece metade do","og_url":"https:\/\/www.sevenjackpots.com\/br\/monopoly-live\/","og_site_name":"SevenJackpots - India&#039;s Best Online Casino Guide","article_publisher":"https:\/\/www.facebook.com\/Sevenjackpots.in\/","article_modified_time":"2025-08-26T04:50:32+00:00","og_image":[{"width":900,"height":600,"url":"https:\/\/www.sevenjackpots.com\/wp-content\/uploads\/2020\/12\/monopoly-live-evolution-game.png","type":"image\/png"}],"twitter_card":"summary_large_image","twitter_misc":{"Est. tempo de leitura":"4 minutos"},"schema":{"@context":"https:\/\/schema.org","@graph":[{"@type":"WebPage","@id":"https:\/\/www.sevenjackpots.com\/br\/monopoly-live\/","url":"https:\/\/www.sevenjackpots.com\/br\/monopoly-live\/","name":"MONOPOLY Live: Jogue com Dinheiro Real no Brasil","isPartOf":{"@id":"https:\/\/www.sevenjackpots.com\/br\/#website"},"primaryImageOfPage":{"@id":"https:\/\/www.sevenjackpots.com\/br\/monopoly-live\/#primaryimage"},"image":{"@id":"https:\/\/www.sevenjackpots.com\/br\/monopoly-live\/#primaryimage"},"thumbnailUrl":"https:\/\/www.sevenjackpots.com\/wp-content\/uploads\/2020\/12\/monopoly-live-evolution-game.png","datePublished":"2023-02-21T18:40:21+00:00","dateModified":"2025-08-26T04:50:32+00:00","description":"Jogue Banco Imobili\u00e1rio ao vivo valendo dinheiro real! Veja como jogar Monopoly Live nas melhores casas de aposta da atualidade!","inLanguage":"pt-BR","potentialAction":[{"@type":"ReadAction","target":["https:\/\/www.sevenjackpots.com\/br\/monopoly-live\/"]}]},{"@type":"ImageObject","inLanguage":"pt-BR","@id":"https:\/\/www.sevenjackpots.com\/br\/monopoly-live\/#primaryimage","url":"https:\/\/www.sevenjackpots.com\/wp-content\/uploads\/2020\/12\/monopoly-live-evolution-game.png","contentUrl":"https:\/\/www.sevenjackpots.com\/wp-content\/uploads\/2020\/12\/monopoly-live-evolution-game.png","width":900,"height":600,"caption":"Monopoly Live logo"},{"@type":"BreadcrumbList","@id":"https:\/\/www.sevenjackpots.com\/br\/monopoly-live\/#breadcrumb","itemListElement":[{"@type":"ListItem","position":1,"name":"Home","item":"https:\/\/www.sevenjackpots.com\/br\/"},{"@type":"ListItem","position":2,"name":"MONOPOLY Live"}]},{"@type":"WebSite","@id":"https:\/\/www.sevenjackpots.com\/br\/#website","url":"https:\/\/www.sevenjackpots.com\/br\/","name":"SevenJackpots - India's Best Online Casino Guide","description":"","publisher":{"@id":"https:\/\/www.sevenjackpots.com\/br\/#organization"},"potentialAction":[{"@type":"SearchAction","target":{"@type":"EntryPoint","urlTemplate":"https:\/\/www.sevenjackpots.com\/br\/?s={search_term_string}"},"query-input":{"@type":"PropertyValueSpecification","valueRequired":true,"valueName":"search_term_string"}}],"inLanguage":"pt-BR"},{"@type":"Organization","@id":"https:\/\/www.sevenjackpots.com\/br\/#organization","name":"SevenJackpots","url":"https:\/\/www.sevenjackpots.com\/br\/","logo":{"@type":"ImageObject","inLanguage":"pt-BR","@id":"https:\/\/www.sevenjackpots.com\/br\/#\/schema\/logo\/image\/","url":"https:\/\/www.sevenjackpots.com\/wp-content\/uploads\/2024\/09\/sevenjackpots-yoast.png","contentUrl":"https:\/\/www.sevenjackpots.com\/wp-content\/uploads\/2024\/09\/sevenjackpots-yoast.png","width":750,"height":750,"caption":"SevenJackpots"},"image":{"@id":"https:\/\/www.sevenjackpots.com\/br\/#\/schema\/logo\/image\/"},"sameAs":["https:\/\/www.facebook.com\/Sevenjackpots.in\/","https:\/\/www.youtube.com\/channel\/UCn-K2LNaXT1XckDT1l8MnfA","https:\/\/www.instagram.com\/sevenjackpots\/"]}]}},"acf":[],"_links":{"self":[{"href":"https:\/\/www.sevenjackpots.com\/br\/wp-json\/wp\/v2\/pages\/26063","targetHints":{"allow":["GET"]}}],"collection":[{"href":"https:\/\/www.sevenjackpots.com\/br\/wp-json\/wp\/v2\/pages"}],"about":[{"href":"https:\/\/www.sevenjackpots.com\/br\/wp-json\/wp\/v2\/types\/page"}],"author":[{"embeddable":true,"href":"https:\/\/www.sevenjackpots.com\/br\/wp-json\/wp\/v2\/users\/4"}],"replies":[{"embeddable":true,"href":"https:\/\/www.sevenjackpots.com\/br\/wp-json\/wp\/v2\/comments?post=26063"}],"version-history":[{"count":12,"href":"https:\/\/www.sevenjackpots.com\/br\/wp-json\/wp\/v2\/pages\/26063\/revisions"}],"predecessor-version":[{"id":42865,"href":"https:\/\/www.sevenjackpots.com\/br\/wp-json\/wp\/v2\/pages\/26063\/revisions\/42865"}],"wp:featuredmedia":[{"embeddable":true,"href":"https:\/\/www.sevenjackpots.com\/br\/wp-json\/wp\/v2\/media\/23081"}],"wp:attachment":[{"href":"https:\/\/www.sevenjackpots.com\/br\/wp-json\/wp\/v2\/media?parent=26063"}],"wp:term":[{"taxonomy":"category","embeddable":true,"href":"https:\/\/www.sevenjackpots.com\/br\/wp-json\/wp\/v2\/categories?post=26063"},{"taxonomy":"post_tag","embeddable":true,"href":"https:\/\/www.sevenjackpots.com\/br\/wp-json\/wp\/v2\/tags?post=26063"}],"curies":[{"name":"wp","href":"https:\/\/api.w.org\/{rel}","templated":true}]}}