{"id":26265,"date":"2023-03-08T15:41:22","date_gmt":"2023-03-08T15:41:22","guid":{"rendered":"https:\/\/www.sevenjackpots.com\/?page_id=26265"},"modified":"2024-10-24T17:41:45","modified_gmt":"2024-10-24T17:41:45","slug":"verificar-a-sua-conta","status":"publish","type":"page","link":"https:\/\/www.sevenjackpots.com\/br\/verificar-a-sua-conta\/","title":{"rendered":"Verificar a Sua Conta"},"content":{"rendered":"<div class='toc moreless-style'><input type='checkbox' class='toc__checkbox' id='toc-toggle'><label for='toc-toggle' class='toc__label'><div class='toc__h5-title moreless-button'><p>Contents<\/p><\/div><\/label><div class='toc__items'><div class='toc__item-h2'><a href='#1-como-verificar-a-sua-conta'>Como verificar a sua conta<\/a><\/div><div class='toc__item-h2'><a href='#2-que-documentos-que-preciso-enviar'>Que documentos que preciso enviar?<\/a><\/div><div class='toc__item-h2'><a href='#3-como-faco-para-enviar-os-documentos'>Como fa\u00e7o para enviar os documentos?<\/a><\/div><div class='toc__item-h2'><a href='#4-verificacao-dos-metodos-de-pagamento-usados-na-conta'>Verifica\u00e7\u00e3o dos m\u00e9todos de pagamento usados na conta<\/a><\/div><div class='toc__item-h2'><a href='#5-qual-e-a-fonte-de-rendimento'>Qual \u00e9 a fonte de rendimento?<\/a><\/div><div class='toc__item-h2'><a href='#6-por-que-devo-enviar-provas-da-fonte-de-rendimentos'>Por que devo enviar provas da fonte de rendimentos?<\/a><\/div><div class='toc__item-h2'><a href='#7-como-ter-seus-documentos-aprovados-na-primeira-tentativa'>Como ter seus documentos aprovados na primeira tentativa<\/a><\/div><div class='toc__item-h2'><a href='#8-conclusao'>Conclus\u00e3o<\/a><\/div><\/div><\/div>\n<h2 id=\"1-como-verificar-a-sua-conta\">Como verificar a sua conta<\/h2>\n<ol class=\"timeline-numeric timeline-numeric--primary\">\n<li>Tire uma foto ou digitalize os documentos solicitados<\/li>\n<li>Suba os documentos no site ou envie os documentos por e-mail<\/li>\n<li>Aguarde at\u00e9 que o cassino confirme que recebeu e aprovou os documentos, ou se precisa fazer altera\u00e7\u00f5es.<\/li>\n<\/ol>\n<div class=\"note\">\n<h3>Como sei se \u00e9 leg\u00edtimo?<\/h3>\n<p>Se voc\u00ea recebeu uma notifica\u00e7\u00e3o do cassino para verificar sua conta dentro da plataforma, esta \u00e9 uma solicita\u00e7\u00e3o leg\u00edtima. No caso de um pedido por e-mail, certifique-se de verificar o endere\u00e7o de e-mail de onde foi enviado. Se n\u00e3o tiver certeza, entre em contato com o <a href=\"https:\/\/www.sevenjackpots.com\/br\/suporte-ao-cliente\/\">suporte ao cliente<\/a> do cassino em quest\u00e3o. F\u00e1cil!<\/p>\n<\/div>\n<h2 id=\"2-que-documentos-que-preciso-enviar\">Que documentos que preciso enviar?<\/h2>\n<p>Uma verifica\u00e7\u00e3o de conta comum \u00e9 necess\u00e1ria acima de tudo para confirmar sua identidade. A documenta\u00e7\u00e3o solicitada inclui:<\/p>\n<ul>\n<li><strong>ID<\/strong> \u2013 Qualquer documento de identifica\u00e7\u00e3o oficial v\u00e1lido. Voc\u00ea pode usar sua identidade, sua carteira de motorista ou seu passaporte.<\/li>\n<li><strong>Comprovante de endere\u00e7o<\/strong> \u2013 Um documento que mostra seu nome e endere\u00e7o residencial. A documenta\u00e7\u00e3o v\u00e1lida ser\u00e1 uma conta de servi\u00e7os p\u00fablicos, extrato banc\u00e1rio, documentos de seguro ou qualquer outro documento oficial recebido.<\/li>\n<li><strong>Comprovante de m\u00e9todo de pagamento<\/strong> \u2013 Voc\u00ea pode ter que fornecer prova de que \u00e9 o propriet\u00e1rio do m\u00e9todo de pagamento usado. O documento exigido depender\u00e1 do m\u00e9todo utilizado (vamos dar uma olhada nisso em breve).<\/li>\n<li><strong>FOTO ID<\/strong> \u2013 Em casos raros, voc\u00ea pode ter que enviar uma foto selfie sua, segurando sua identidade ao lado do rosto.<\/li>\n<\/ul>\n<h2 id=\"3-como-faco-para-enviar-os-documentos\">Como fa\u00e7o para enviar os documentos?<\/h2>\n<p>Voc\u00ea pode enviar a documenta\u00e7\u00e3o de duas maneiras diferentes, dependendo do cassino em que estiver jogando. Alguns cassinos t\u00eam um portal de verifica\u00e7\u00e3o em seu site, onde voc\u00ea pode enviar seus documentos diretamente. Outros operadores exigir\u00e3o que voc\u00ea os envie por e-mail.<\/p>\n<p>Preferimos o processo no site, pois \u00e9 r\u00e1pido, f\u00e1cil e um pouco mais seguro do que enviar informa\u00e7\u00f5es confidenciais por e-mail.<\/p>\n<p><img decoding=\"async\" width=\"1000\" height=\"500\" class=\"aligncenter size-full wp-image-10017\" src=\"https:\/\/www.sevenjackpots.com\/wp-content\/uploads\/2021\/04\/online-casino-account-verification.jpg\" alt=\"credit card play chips and dice on a laptop image\" \/><\/p>\n<h3>Quando devo enviar os documentos?<\/h3>\n<p>Todos os jogadores ativos ter\u00e3o que verificar suas contas mais cedo ou mais tarde, mas a maioria das verifica\u00e7\u00f5es ocorre quando os jogadores fazem sua primeira solicita\u00e7\u00e3o de saque.<\/p>\n<p>Se voc\u00ea preferir agilizar o processo de verifica\u00e7\u00e3o, fa\u00e7a o que costumamos fazer; solicite a verifica\u00e7\u00e3o manual de sua conta!<\/p>\n<p>Basta entrar em contato com o suporte ao cliente e informar que deseja verificar sua conta. Eles ir\u00e3o inform\u00e1-lo sobre os documentos necess\u00e1rios e uma vez fornecidos, voc\u00ea estar\u00e1 totalmente verificado e pronto para jogar!<\/p>\n<h3>Como meus documentos s\u00e3o tratados?<\/h3>\n<p>Seus documentos ser\u00e3o revisados apenas por funcion\u00e1rios treinados e certificados do cassino. Geralmente, eles fazem parte da equipe de suporte, seguran\u00e7a ou pagamentos.<\/p>\n<p>Todos os documentos s\u00e3o armazenados em bancos de dados criptografados, protegidos pelo mesmo tipo de firewalls e criptografia SSL utilizados por bancos e \u00f3rg\u00e3os governamentais.<\/p>\n<h2 id=\"4-verificacao-dos-metodos-de-pagamento-usados-na-conta\">Verifica\u00e7\u00e3o dos m\u00e9todos de pagamento usados na conta<\/h2>\n<p>Como mencionamos anteriormente, os cassinos online \u00e0s vezes precisam verificar seu m\u00e9todo de pagamento para garantir que ele pertence a voc\u00ea. O tipo de documenta\u00e7\u00e3o necess\u00e1ria depender\u00e1 do m\u00e9todo de dep\u00f3sito utilizado:<\/p>\n<ul class=\"check-star\">\n<li><strong>Cart\u00e3o de cr\u00e9dito\/d\u00e9bito: <\/strong>uma foto do cart\u00e3o. Apenas os 4 primeiros e 6 \u00faltimos d\u00edgitos do n\u00famero do cart\u00e3o devem estar vis\u00edveis, mais a data de validade do cart\u00e3o e seu nome. N\u00e3o h\u00e1 necessidade de enviar o verso do cart\u00e3o, a menos que os detalhes necess\u00e1rios estejam localizados l\u00e1.<\/li>\n<li><strong>E-Wallet (<a href=\"https:\/\/www.sevenjackpots.com\/br\/metodo-de-pagamento\/pix\/\">PIX<\/a>, <a href=\"https:\/\/www.sevenjackpots.com\/br\/metodo-de-pagamento\/cassinos-com-boleto\/\">Boleto<\/a>, <a href=\"https:\/\/www.sevenjackpots.com\/br\/metodo-de-pagamento\/cassinos-pay4fun\/\">Pay4Fun<\/a>, etc.): <\/strong>captura de tela da sua conta na carteira quando logado. Deve mostrar seu nome, o ID da conta do seu m\u00e9todo de pagamento e a URL da p\u00e1gina (se usada no navegador).<\/li>\n<li><strong>Conta banc\u00e1ria (Transfer\u00eancia banc\u00e1ria, etc.):<\/strong> um extrato banc\u00e1rio recente mostrando seu nome e o logotipo do banco. Em alguns casos, o cassino exigir\u00e1 que o extrato mostre a transa\u00e7\u00e3o feita para o site do cassino.<\/li>\n<\/ul>\n<h3>Por que preciso enviar os documentos?<\/h3>\n<p>As licen\u00e7as emitidas por reguladores de cassinos confi\u00e1veis exigem que as plataformas de aposta verifiquem seus jogadores.<\/p>\n<p>As <a href=\"https:\/\/www.sevenjackpots.com\/br\/licencas-de-cassino\/\">licen\u00e7as de jogo<\/a> funcionam para prevenir tudo, desde lavagem de dinheiro a financiamento de terrorismo, fraude e roubo de identidade. Parte desse trabalho \u00e9 receber a confirma\u00e7\u00e3o de que os jogadores s\u00e3o quem dizem ser.<\/p>\n<p>Embora o processo possa parecer irritante, este \u00e9 apenas um pequeno inc\u00f4modo se comparado \u00e0 garantia que voc\u00ea e seu dinheiro est\u00e3o protegidos contra danos.<\/p>\n<h3>Verificando se voc\u00ea n\u00e3o se autoexcluiu<\/h3>\n<p>O <a href=\"https:\/\/www.sevenjackpots.com\/br\/cassinos-online\/\">cassino online<\/a> n\u00e3o est\u00e1 apenas verificando voc\u00ea para mant\u00ea-lo protegido contra atividades fraudulentas, mas tamb\u00e9m se preocupa com sua seguran\u00e7a geral.<\/p>\n<p>Se voc\u00ea j\u00e1 possui uma conta no cassino que foi encerrada por autoexclus\u00e3o, n\u00e3o poder\u00e1 jogar, pois o cassino seguir\u00e1 processos r\u00edgidos de <a href=\"https:\/\/www.sevenjackpots.com\/br\/jogo-responsavel\/\">jogo respons\u00e1vel<\/a>. Se for esse o caso, entenda que eles o impedir\u00e3o de jogar para sua seguran\u00e7a.<\/p>\n<h3>Verificando que voc\u00ea tem idade suficiente<\/h3>\n<p>O jogo \u00e9 uma atividade que s\u00f3 deve ser praticada por maiores de 18 anos. De fato, se for descoberto que um cassino permite que menores de idade joguem com dinheiro real, eles podem enfrentar multas pesadas ou perder sua licen\u00e7a de jogo.<\/p>\n<p>Portanto, saiba que voc\u00ea n\u00e3o pode jogar se for menor de 18 anos.<\/p>\n<h3>Como sei se meus documentos foram verificados?<\/h3>\n<p>O processo de verifica\u00e7\u00e3o pode levar de menos de uma hora a at\u00e9 12 horas, dependendo do cassino.<\/p>\n<p>Normalmente, seus documentos s\u00e3o revisados por uma pessoa real e, se estiverem ocupados, isso afetar\u00e1 o tempo de processamento. Assim que sua conta for verificada, voc\u00ea receber\u00e1 um e-mail que confirmar\u00e1 a verifica\u00e7\u00e3o.<\/p>\n<h2 id=\"5-qual-e-a-fonte-de-rendimento\">Qual \u00e9 a fonte de rendimento?<\/h2>\n<p>A maioria dos jogadores nunca ter\u00e1 que fornecer documentos para comprovar sua fonte de rendimentos. Ainda assim, se voc\u00ea for VIP ou jogador de alto risco, \u00e9 prov\u00e1vel que voc\u00ea se depare com essa verifica\u00e7\u00e3o.<\/p>\n<p>A fonte de receitas \u00e9 um tipo de verifica\u00e7\u00e3o que o cassino solicitar\u00e1 se voc\u00ea estiver jogando com uma quantia alta de dinheiro.<\/p>\n<p>Resumindo, voc\u00ea ter\u00e1 que fornecer documenta\u00e7\u00e3o mostrando como est\u00e1 financiando seu jogo. Se o dinheiro vier do seu sal\u00e1rio, patrim\u00f4nio, ganhos em outros sites de apostas ou em outro lugar, o cassino exigir\u00e1 provas disso.<\/p>\n<h2 id=\"6-por-que-devo-enviar-provas-da-fonte-de-rendimentos\">Por que devo enviar provas da fonte de rendimentos?<\/h2>\n<p>Mais uma vez, faz parte do requisito da licen\u00e7a saber quem voc\u00ea \u00e9. Tamb\u00e9m \u00e9 importante saber de onde vem o dinheiro que est\u00e1 usando.<\/p>\n<p>Compreender a origem do dinheiro usado em seu site de jogos de azar garantir\u00e1 que os fundos n\u00e3o sejam provenientes de atividades criminosas.<\/p>\n<p>Saber a origem dos seus fundos tamb\u00e9m \u00e9 importante de um ponto de vista de jogo respons\u00e1vel. O cassino vai querer saber se voc\u00ea pode jogar da maneira que est\u00e1 fazendo.<\/p>\n<h2 id=\"7-como-ter-seus-documentos-aprovados-na-primeira-tentativa\">Como ter seus documentos aprovados na primeira tentativa<\/h2>\n<p>Ao verificar sua conta, existem alguns pontos-chave que voc\u00ea deve ter em mente para que o processo seja r\u00e1pido. Acredite, ouvimos hist\u00f3rias horr\u00edveis de jogadores que ficaram meses sem verificar suas contas simplesmente porque n\u00e3o enviaram os documentos corretamente.<\/p>\n<p>Siga esta lista de verifica\u00e7\u00e3o para garantir que sua conta seja verificada rapidamente!<\/p>\n<div class=\"note\">\n<h3>Checklist de Verifica\u00e7\u00e3o de Conta da SevenJackpots:<\/h3>\n<ul>\n<li><strong>Envie documentos v\u00e1lidos \u2013 <\/strong>Seus documentos n\u00e3o podem estar vencidos, e para contas de servi\u00e7os p\u00fablicos e extratos banc\u00e1rios, certifique-se de que o documento foi emitido nos \u00faltimos 3 meses e que consta a data de emiss\u00e3o.<\/li>\n<li><strong>Mostre o documento inteiro \u2013 <\/strong>N\u00e3o importa se \u00e9 uma foto ou digitaliza\u00e7\u00e3o, certifique-se que inclui TODOS OS QUATRO CANTOS do documento!<\/li>\n<li><strong>Certifique-se de que a informa\u00e7\u00e3o \u00e9 clara e leg\u00edvel \u2013 <\/strong>O erro mais comum que os jogadores cometem \u00e9 enviar documentos pouco claros, borrados ou com resolu\u00e7\u00e3o muito baixa, que s\u00e3o negados j\u00e1 que n\u00e3o podem ser verificados adequadamente. Use uma c\u00e2mera digital, sua webcam ou uma c\u00e2mera m\u00f3vel e certifique-se de que as fotos estejam n\u00edtidas antes de envi\u00e1-las.<\/li>\n<li><strong>Detalhes correspondentes \u00e0 sua conta do cassino \u2013 <\/strong>Se voc\u00ea mudou de casa, mudou seu sobrenome, mudou seu sexo ou se mudou para outro pa\u00eds, pode ser necess\u00e1rio fornecer documenta\u00e7\u00e3o adicional. Certifique-se de que os detalhes correspondem aos dados de contato da sua conta de cassino. Se n\u00e3o, explique por qu\u00ea.<\/li>\n<li><strong>Nunca, jamais crie uma conta com os dados de outra pessoa \u2013<\/strong> N\u00e3o podemos enfatizar isso o suficiente. Uma conta de cassino \u00e9 pessoal, ent\u00e3o use seus dados ao criar uma. Usar os detalhes de outra pessoa pode causar grandes problemas na hora de verificar sua conta.<\/li>\n<\/ul>\n<\/div>\n<h2 id=\"8-conclusao\">Conclus\u00e3o<\/h2>\n<p>A verifica\u00e7\u00e3o da sua conta do cassino n\u00e3o precisa ser um inc\u00f4modo quando \u00e9 feita corretamente. Tudo o que voc\u00ea precisa fazer \u00e9 seguir nossas dicas que acabamos de mencionar.<\/p>\n<p>Lembre-se: um site de cassino online lida com muito dinheiro real. Eles precisam saber quem est\u00e1 usando o site para manter voc\u00ea e seus fundos seguros e protegidos.<\/p>\n","protected":false},"excerpt":{"rendered":"<p>Como verificar a sua conta Tire uma foto ou digitalize os documentos solicitados Suba os [&hellip;]<\/p>\n","protected":false},"author":4,"featured_media":22853,"parent":0,"menu_order":0,"comment_status":"closed","ping_status":"closed","template":"","meta":{"_acf_changed":false,"footnotes":""},"categories":[812],"tags":[],"class_list":["post-26265","page","type-page","status-publish","has-post-thumbnail","hentry","category-uncategorized-br"],"yoast_head":"<!-- This site is optimized with the Yoast SEO Premium plugin v26.0 (Yoast SEO v27.5) - https:\/\/yoast.com\/product\/yoast-seo-premium-wordpress\/ -->\n<title>Verificar a Sua Conta para fazer saques em um casino<\/title>\n<meta name=\"description\" content=\"Entenda porque os cassinos precisam Verificar a Sua Conta dos jogadores antes que possam fazer seus primeiros saques.\" \/>\n<meta name=\"robots\" content=\"index, follow, max-snippet:-1, max-image-preview:large, max-video-preview:-1\" \/>\n<link rel=\"canonical\" href=\"https:\/\/www.sevenjackpots.com\/br\/verificar-a-sua-conta\/\" \/>\n<meta property=\"og:locale\" content=\"en_US\" \/>\n<meta property=\"og:type\" content=\"article\" \/>\n<meta property=\"og:title\" content=\"Verificar a Sua Conta\" \/>\n<meta property=\"og:description\" content=\"Como verificar a sua conta Tire uma foto ou digitalize os documentos solicitados Suba os documentos no site ou envie os documentos por e-mail Aguarde at\u00e9\" \/>\n<meta property=\"og:url\" content=\"https:\/\/www.sevenjackpots.com\/br\/verificar-a-sua-conta\/\" \/>\n<meta property=\"og:site_name\" content=\"SevenJackpots - India&#039;s Best Online Casino Guide\" \/>\n<meta property=\"article:publisher\" content=\"https:\/\/www.facebook.com\/Sevenjackpots.in\/\" \/>\n<meta property=\"article:modified_time\" content=\"2024-10-24T17:41:45+00:00\" \/>\n<meta property=\"og:image\" content=\"https:\/\/www.sevenjackpots.com\/wp-content\/uploads\/2020\/08\/online-casino-account-verification.jpg\" \/>\n\t<meta property=\"og:image:width\" content=\"1000\" \/>\n\t<meta property=\"og:image:height\" content=\"500\" \/>\n\t<meta property=\"og:image:type\" content=\"image\/jpeg\" \/>\n<meta name=\"twitter:card\" content=\"summary_large_image\" \/>\n<meta name=\"twitter:label1\" content=\"Est. tempo de leitura\" \/>\n\t<meta name=\"twitter:data1\" content=\"7 minutos\" \/>\n<script type=\"application\/ld+json\" class=\"yoast-schema-graph\">{\"@context\":\"https:\\\/\\\/schema.org\",\"@graph\":[{\"@type\":\"WebPage\",\"@id\":\"https:\\\/\\\/www.sevenjackpots.com\\\/br\\\/verificar-a-sua-conta\\\/\",\"url\":\"https:\\\/\\\/www.sevenjackpots.com\\\/br\\\/verificar-a-sua-conta\\\/\",\"name\":\"Verificar a Sua Conta para fazer saques em um casino\",\"isPartOf\":{\"@id\":\"https:\\\/\\\/www.sevenjackpots.com\\\/br\\\/#website\"},\"primaryImageOfPage\":{\"@id\":\"https:\\\/\\\/www.sevenjackpots.com\\\/br\\\/verificar-a-sua-conta\\\/#primaryimage\"},\"image\":{\"@id\":\"https:\\\/\\\/www.sevenjackpots.com\\\/br\\\/verificar-a-sua-conta\\\/#primaryimage\"},\"thumbnailUrl\":\"https:\\\/\\\/www.sevenjackpots.com\\\/wp-content\\\/uploads\\\/2020\\\/08\\\/online-casino-account-verification.jpg\",\"datePublished\":\"2023-03-08T15:41:22+00:00\",\"dateModified\":\"2024-10-24T17:41:45+00:00\",\"description\":\"Entenda porque os cassinos precisam Verificar a Sua Conta dos jogadores antes que possam fazer seus primeiros saques.\",\"inLanguage\":\"pt-BR\",\"potentialAction\":[{\"@type\":\"ReadAction\",\"target\":[\"https:\\\/\\\/www.sevenjackpots.com\\\/br\\\/verificar-a-sua-conta\\\/\"]}]},{\"@type\":\"ImageObject\",\"inLanguage\":\"pt-BR\",\"@id\":\"https:\\\/\\\/www.sevenjackpots.com\\\/br\\\/verificar-a-sua-conta\\\/#primaryimage\",\"url\":\"https:\\\/\\\/www.sevenjackpots.com\\\/wp-content\\\/uploads\\\/2020\\\/08\\\/online-casino-account-verification.jpg\",\"contentUrl\":\"https:\\\/\\\/www.sevenjackpots.com\\\/wp-content\\\/uploads\\\/2020\\\/08\\\/online-casino-account-verification.jpg\",\"width\":1000,\"height\":500,\"caption\":\"credit card play chips and dice on a laptop.\"},{\"@type\":\"BreadcrumbList\",\"@id\":\"https:\\\/\\\/www.sevenjackpots.com\\\/br\\\/verificar-a-sua-conta\\\/#breadcrumb\",\"itemListElement\":[{\"@type\":\"ListItem\",\"position\":1,\"name\":\"Home\",\"item\":\"https:\\\/\\\/www.sevenjackpots.com\\\/br\\\/\"},{\"@type\":\"ListItem\",\"position\":2,\"name\":\"Verificar a Sua Conta\"}]},{\"@type\":\"WebSite\",\"@id\":\"https:\\\/\\\/www.sevenjackpots.com\\\/br\\\/#website\",\"url\":\"https:\\\/\\\/www.sevenjackpots.com\\\/br\\\/\",\"name\":\"SevenJackpots - India's Best Online Casino Guide\",\"description\":\"\",\"publisher\":{\"@id\":\"https:\\\/\\\/www.sevenjackpots.com\\\/br\\\/#organization\"},\"potentialAction\":[{\"@type\":\"SearchAction\",\"target\":{\"@type\":\"EntryPoint\",\"urlTemplate\":\"https:\\\/\\\/www.sevenjackpots.com\\\/br\\\/?s={search_term_string}\"},\"query-input\":{\"@type\":\"PropertyValueSpecification\",\"valueRequired\":true,\"valueName\":\"search_term_string\"}}],\"inLanguage\":\"pt-BR\"},{\"@type\":\"Organization\",\"@id\":\"https:\\\/\\\/www.sevenjackpots.com\\\/br\\\/#organization\",\"name\":\"SevenJackpots\",\"url\":\"https:\\\/\\\/www.sevenjackpots.com\\\/br\\\/\",\"logo\":{\"@type\":\"ImageObject\",\"inLanguage\":\"pt-BR\",\"@id\":\"https:\\\/\\\/www.sevenjackpots.com\\\/br\\\/#\\\/schema\\\/logo\\\/image\\\/\",\"url\":\"https:\\\/\\\/www.sevenjackpots.com\\\/wp-content\\\/uploads\\\/2024\\\/09\\\/sevenjackpots-yoast.png\",\"contentUrl\":\"https:\\\/\\\/www.sevenjackpots.com\\\/wp-content\\\/uploads\\\/2024\\\/09\\\/sevenjackpots-yoast.png\",\"width\":750,\"height\":750,\"caption\":\"SevenJackpots\"},\"image\":{\"@id\":\"https:\\\/\\\/www.sevenjackpots.com\\\/br\\\/#\\\/schema\\\/logo\\\/image\\\/\"},\"sameAs\":[\"https:\\\/\\\/www.facebook.com\\\/Sevenjackpots.in\\\/\",\"https:\\\/\\\/www.youtube.com\\\/channel\\\/UCn-K2LNaXT1XckDT1l8MnfA\",\"https:\\\/\\\/www.instagram.com\\\/sevenjackpots\\\/\"]}]}<\/script>\n<!-- \/ Yoast SEO Premium plugin. -->","yoast_head_json":{"title":"Verificar a Sua Conta para fazer saques em um casino","description":"Entenda porque os cassinos precisam Verificar a Sua Conta dos jogadores antes que possam fazer seus primeiros saques.","robots":{"index":"index","follow":"follow","max-snippet":"max-snippet:-1","max-image-preview":"max-image-preview:large","max-video-preview":"max-video-preview:-1"},"canonical":"https:\/\/www.sevenjackpots.com\/br\/verificar-a-sua-conta\/","og_locale":"en_US","og_type":"article","og_title":"Verificar a Sua Conta","og_description":"Como verificar a sua conta Tire uma foto ou digitalize os documentos solicitados Suba os documentos no site ou envie os documentos por e-mail Aguarde at\u00e9","og_url":"https:\/\/www.sevenjackpots.com\/br\/verificar-a-sua-conta\/","og_site_name":"SevenJackpots - India&#039;s Best Online Casino Guide","article_publisher":"https:\/\/www.facebook.com\/Sevenjackpots.in\/","article_modified_time":"2024-10-24T17:41:45+00:00","og_image":[{"width":1000,"height":500,"url":"https:\/\/www.sevenjackpots.com\/wp-content\/uploads\/2020\/08\/online-casino-account-verification.jpg","type":"image\/jpeg"}],"twitter_card":"summary_large_image","twitter_misc":{"Est. tempo de leitura":"7 minutos"},"schema":{"@context":"https:\/\/schema.org","@graph":[{"@type":"WebPage","@id":"https:\/\/www.sevenjackpots.com\/br\/verificar-a-sua-conta\/","url":"https:\/\/www.sevenjackpots.com\/br\/verificar-a-sua-conta\/","name":"Verificar a Sua Conta para fazer saques em um casino","isPartOf":{"@id":"https:\/\/www.sevenjackpots.com\/br\/#website"},"primaryImageOfPage":{"@id":"https:\/\/www.sevenjackpots.com\/br\/verificar-a-sua-conta\/#primaryimage"},"image":{"@id":"https:\/\/www.sevenjackpots.com\/br\/verificar-a-sua-conta\/#primaryimage"},"thumbnailUrl":"https:\/\/www.sevenjackpots.com\/wp-content\/uploads\/2020\/08\/online-casino-account-verification.jpg","datePublished":"2023-03-08T15:41:22+00:00","dateModified":"2024-10-24T17:41:45+00:00","description":"Entenda porque os cassinos precisam Verificar a Sua Conta dos jogadores antes que possam fazer seus primeiros saques.","inLanguage":"pt-BR","potentialAction":[{"@type":"ReadAction","target":["https:\/\/www.sevenjackpots.com\/br\/verificar-a-sua-conta\/"]}]},{"@type":"ImageObject","inLanguage":"pt-BR","@id":"https:\/\/www.sevenjackpots.com\/br\/verificar-a-sua-conta\/#primaryimage","url":"https:\/\/www.sevenjackpots.com\/wp-content\/uploads\/2020\/08\/online-casino-account-verification.jpg","contentUrl":"https:\/\/www.sevenjackpots.com\/wp-content\/uploads\/2020\/08\/online-casino-account-verification.jpg","width":1000,"height":500,"caption":"credit card play chips and dice on a laptop."},{"@type":"BreadcrumbList","@id":"https:\/\/www.sevenjackpots.com\/br\/verificar-a-sua-conta\/#breadcrumb","itemListElement":[{"@type":"ListItem","position":1,"name":"Home","item":"https:\/\/www.sevenjackpots.com\/br\/"},{"@type":"ListItem","position":2,"name":"Verificar a Sua Conta"}]},{"@type":"WebSite","@id":"https:\/\/www.sevenjackpots.com\/br\/#website","url":"https:\/\/www.sevenjackpots.com\/br\/","name":"SevenJackpots - India's Best Online Casino Guide","description":"","publisher":{"@id":"https:\/\/www.sevenjackpots.com\/br\/#organization"},"potentialAction":[{"@type":"SearchAction","target":{"@type":"EntryPoint","urlTemplate":"https:\/\/www.sevenjackpots.com\/br\/?s={search_term_string}"},"query-input":{"@type":"PropertyValueSpecification","valueRequired":true,"valueName":"search_term_string"}}],"inLanguage":"pt-BR"},{"@type":"Organization","@id":"https:\/\/www.sevenjackpots.com\/br\/#organization","name":"SevenJackpots","url":"https:\/\/www.sevenjackpots.com\/br\/","logo":{"@type":"ImageObject","inLanguage":"pt-BR","@id":"https:\/\/www.sevenjackpots.com\/br\/#\/schema\/logo\/image\/","url":"https:\/\/www.sevenjackpots.com\/wp-content\/uploads\/2024\/09\/sevenjackpots-yoast.png","contentUrl":"https:\/\/www.sevenjackpots.com\/wp-content\/uploads\/2024\/09\/sevenjackpots-yoast.png","width":750,"height":750,"caption":"SevenJackpots"},"image":{"@id":"https:\/\/www.sevenjackpots.com\/br\/#\/schema\/logo\/image\/"},"sameAs":["https:\/\/www.facebook.com\/Sevenjackpots.in\/","https:\/\/www.youtube.com\/channel\/UCn-K2LNaXT1XckDT1l8MnfA","https:\/\/www.instagram.com\/sevenjackpots\/"]}]}},"acf":[],"_links":{"self":[{"href":"https:\/\/www.sevenjackpots.com\/br\/wp-json\/wp\/v2\/pages\/26265","targetHints":{"allow":["GET"]}}],"collection":[{"href":"https:\/\/www.sevenjackpots.com\/br\/wp-json\/wp\/v2\/pages"}],"about":[{"href":"https:\/\/www.sevenjackpots.com\/br\/wp-json\/wp\/v2\/types\/page"}],"author":[{"embeddable":true,"href":"https:\/\/www.sevenjackpots.com\/br\/wp-json\/wp\/v2\/users\/4"}],"replies":[{"embeddable":true,"href":"https:\/\/www.sevenjackpots.com\/br\/wp-json\/wp\/v2\/comments?post=26265"}],"version-history":[{"count":6,"href":"https:\/\/www.sevenjackpots.com\/br\/wp-json\/wp\/v2\/pages\/26265\/revisions"}],"predecessor-version":[{"id":37657,"href":"https:\/\/www.sevenjackpots.com\/br\/wp-json\/wp\/v2\/pages\/26265\/revisions\/37657"}],"wp:featuredmedia":[{"embeddable":true,"href":"https:\/\/www.sevenjackpots.com\/br\/wp-json\/wp\/v2\/media\/22853"}],"wp:attachment":[{"href":"https:\/\/www.sevenjackpots.com\/br\/wp-json\/wp\/v2\/media?parent=26265"}],"wp:term":[{"taxonomy":"category","embeddable":true,"href":"https:\/\/www.sevenjackpots.com\/br\/wp-json\/wp\/v2\/categories?post=26265"},{"taxonomy":"post_tag","embeddable":true,"href":"https:\/\/www.sevenjackpots.com\/br\/wp-json\/wp\/v2\/tags?post=26265"}],"curies":[{"name":"wp","href":"https:\/\/api.w.org\/{rel}","templated":true}]}}