{"id":26906,"date":"2023-05-30T08:38:08","date_gmt":"2023-05-30T08:38:08","guid":{"rendered":"https:\/\/www.sevenjackpots.com\/?page_id=26906"},"modified":"2024-10-25T13:59:25","modified_gmt":"2024-10-25T13:59:25","slug":"jogos-de-cassino-online-no-brasil","status":"publish","type":"page","link":"https:\/\/www.sevenjackpots.com\/br\/jogos-de-cassino-online-no-brasil\/","title":{"rendered":"Pesquisa"},"content":{"rendered":"<h2 id=\"1-jogos-de-cassinos-online-no-brasil-leis-e-regulamentacao\">Jogos de Cassinos Online no Brasil: Leis e Regulamenta\u00e7\u00e3o<\/h2>\n<p>Nossos estudos sobre a legisla\u00e7\u00e3o atual e futura s\u00e3o fundamentais para aqueles que desejam saber mais sobre a <strong>situa\u00e7\u00e3o legal dos jogos de apostas com dinheiro real no Brasil<\/strong>. Explicamos para voc\u00ea como funcionam as <strong>leis estaduais e nacionais<\/strong> de jogos. Regras de tributa\u00e7\u00e3o para apostas online, padr\u00f5es de licenciamento para cassinos offshore e dom\u00e9sticos e muito mais.<\/p>\n<p>A <a href=\"https:\/\/www.sevenjackpots.com\/br\/sobre-nos\/\">equipe de pesquisa do SevenJackpots<\/a> traz para voc\u00ea an\u00e1lises de especialistas jur\u00eddicos, as melhores pr\u00e1ticas globais e todas as pol\u00edticas governamentais que afetam jogadores, operadores ou qualquer pessoa interessada em apostar online no Brasil.<\/p>\n<h2 id=\"2-tendencias-de-mercado-e-estudos-de-caso\">Tend\u00eancias de Mercado e Estudos de Caso<\/h2>\n<p>Colocamos os relat\u00f3rios mais recentes do setor em perspectiva. Mergulhamos profundamente nas estat\u00edsticas do mercado e detalhamos as inova\u00e7\u00f5es mais recentes da ind\u00fastria. Assim, jogadores podem ter uma vis\u00e3o clara do <strong>cen\u00e1rio do mercado brasileiro de apostas e cassinos online<\/strong>. Mais importante, fornecemos dados exclusivos como pesquisas prim\u00e1rias e revelamos como os <strong>cassinos online realmente funcionam<\/strong>.<\/p>\n<p>Desde tend\u00eancias globais a estudos de caso mais focados em certas tem\u00e1ticas, nossos relat\u00f3rios fornecem aos jogadores uma melhor compreens\u00e3o de como a tecnologia mais recente, m\u00e9todos de pagamentos digitais e tend\u00eancias de m\u00eddia online transformam o mundo do jogo.<\/p>\n<h2 id=\"3-cultura-brasileira-de-igaming\">Cultura Brasileira de iGaming<\/h2>\n<p>Hoje em dia, o jogo online tornou-se um mercado global altamente competitivo. Para a maioria dos brasileiros, no entanto, os <strong>jogos sempre fizeram parte do cotidiano<\/strong>, das tradi\u00e7\u00f5es familiares e at\u00e9 mesmo da cultura de trabalho.<\/p>\n<p>Desde as antigas tradi\u00e7\u00f5es de jogos \u00e0 moderna cultura de apostas online &#8211; os relat\u00f3rios do SevenJackpots revelam o <strong>contexto social e econ\u00f4mico<\/strong> de <strong>popularidade<\/strong> do <strong>cassino online no Brasil<\/strong>. Nossos estudos comparativos destacam as comunidades de jogos urbanos, rurais e virtuais. Melhor ainda, eles ajudam as operadoras offshore a aproximar-se do que os jogadores brasileiros apreciam e exigem das melhores plataformas de cassinos online.<\/p>\n\n<h2 id=\"4-por-que-revelamos-os-dados-brutos-da-industria-de-jogos-online\">Por Que Revelamos Os Dados Brutos Da Ind\u00fastria De Jogos Online?<\/h2>\n<p>O jogo online \u00e9 a nossa paix\u00e3o. N\u00f3s nos <strong>esfor\u00e7amos para ser\u00a0objetivos e imparciais<\/strong> ao <strong>analisar<\/strong> jogos e provedores. Isso tamb\u00e9m \u00e9 v\u00e1lido para falar sobre quest\u00f5es essenciais, como impostos ou leis de jogos de apostas.<\/p>\n<p>Temos anos de experi\u00eancia em cassinos online. Ainda assim, a melhor maneira de se manter atualizado \u00e9 se aprofundar nos novos dados do setor. Acompanhar <strong>not\u00edcias, tend\u00eancias de mercado e regras<\/strong>. Coletamos nossos dados prim\u00e1rios das maiores plataformas de cassino do mercado brasileiro \u2013 e <strong>somos transparentes<\/strong> em rela\u00e7\u00e3o a isso!<\/p>\n<p>Simplificando: preferimos apoiar nossas declara\u00e7\u00f5es e opini\u00f5es com <strong>estat\u00edsticas reais<\/strong> sobre apostas online. Tamb\u00e9m analisamos as <strong>tend\u00eancias<\/strong> de <strong>jogos nacionais<\/strong> e <strong>globais<\/strong> por meio de fontes p\u00fablicas e pesquisas secund\u00e1rias relevantes.<\/p>\n<p>Realizamos esse trabalho para que voc\u00ea possa ter tranquilidade ao escolher um de<strong> nossos cassinos online recomendados<\/strong>. Mais do que isso, fazemos porque os jogadores confiam em n\u00f3s e queremos merecer essa <strong>confian\u00e7a<\/strong>!<\/p>\n<p>Sendo assim, garantimos encontrar os melhores jogos de cassino online no Brasil!<\/p>\n","protected":false},"excerpt":{"rendered":"<p>Jogos de Cassinos Online no Brasil: Leis e Regulamenta\u00e7\u00e3o Nossos estudos sobre a legisla\u00e7\u00e3o atual [&hellip;]<\/p>\n","protected":false},"author":4,"featured_media":0,"parent":0,"menu_order":0,"comment_status":"closed","ping_status":"closed","template":"","meta":{"_acf_changed":false,"footnotes":""},"categories":[812],"tags":[],"class_list":["post-26906","page","type-page","status-publish","hentry","category-uncategorized-br"],"yoast_head":"<!-- This site is optimized with the Yoast SEO Premium plugin v26.0 (Yoast SEO v27.5) - https:\/\/yoast.com\/product\/yoast-seo-premium-wordpress\/ -->\n<title>Jogos de Cassino Online no Brasil: Relat\u00f3rio Completo<\/title>\n<meta name=\"description\" content=\"Conhe\u00e7a melhor o cen\u00e1rio de jogos de cassino online no Brasil com estudos ricos em informa\u00e7\u00f5es detalhadas, baseados em dados atuais.\" \/>\n<meta name=\"robots\" content=\"index, follow, max-snippet:-1, max-image-preview:large, max-video-preview:-1\" \/>\n<link rel=\"canonical\" href=\"https:\/\/www.sevenjackpots.com\/br\/jogos-de-cassino-online-no-brasil\/\" \/>\n<meta property=\"og:locale\" content=\"en_US\" \/>\n<meta property=\"og:type\" content=\"article\" \/>\n<meta property=\"og:title\" content=\"Pesquisa\" \/>\n<meta property=\"og:description\" content=\"Jogos de Cassinos Online no Brasil: Leis e Regulamenta\u00e7\u00e3o Nossos estudos sobre a legisla\u00e7\u00e3o atual e futura s\u00e3o fundamentais para aqueles que desejam saber\" \/>\n<meta property=\"og:url\" content=\"https:\/\/www.sevenjackpots.com\/br\/jogos-de-cassino-online-no-brasil\/\" \/>\n<meta property=\"og:site_name\" content=\"SevenJackpots - India&#039;s Best Online Casino Guide\" \/>\n<meta property=\"article:publisher\" content=\"https:\/\/www.facebook.com\/Sevenjackpots.in\/\" \/>\n<meta property=\"article:modified_time\" content=\"2024-10-25T13:59:25+00:00\" \/>\n<meta name=\"twitter:card\" content=\"summary_large_image\" \/>\n<meta name=\"twitter:label1\" content=\"Est. tempo de leitura\" \/>\n\t<meta name=\"twitter:data1\" content=\"3 minutos\" \/>\n<script type=\"application\/ld+json\" class=\"yoast-schema-graph\">{\"@context\":\"https:\\\/\\\/schema.org\",\"@graph\":[{\"@type\":\"WebPage\",\"@id\":\"https:\\\/\\\/www.sevenjackpots.com\\\/br\\\/jogos-de-cassino-online-no-brasil\\\/\",\"url\":\"https:\\\/\\\/www.sevenjackpots.com\\\/br\\\/jogos-de-cassino-online-no-brasil\\\/\",\"name\":\"Jogos de Cassino Online no Brasil: Relat\u00f3rio Completo\",\"isPartOf\":{\"@id\":\"https:\\\/\\\/www.sevenjackpots.com\\\/br\\\/#website\"},\"datePublished\":\"2023-05-30T08:38:08+00:00\",\"dateModified\":\"2024-10-25T13:59:25+00:00\",\"description\":\"Conhe\u00e7a melhor o cen\u00e1rio de jogos de cassino online no Brasil com estudos ricos em informa\u00e7\u00f5es detalhadas, baseados em dados atuais.\",\"inLanguage\":\"pt-BR\",\"potentialAction\":[{\"@type\":\"ReadAction\",\"target\":[\"https:\\\/\\\/www.sevenjackpots.com\\\/br\\\/jogos-de-cassino-online-no-brasil\\\/\"]}]},{\"@type\":\"BreadcrumbList\",\"@id\":\"https:\\\/\\\/www.sevenjackpots.com\\\/br\\\/jogos-de-cassino-online-no-brasil\\\/#breadcrumb\",\"itemListElement\":[{\"@type\":\"ListItem\",\"position\":1,\"name\":\"Home\",\"item\":\"https:\\\/\\\/www.sevenjackpots.com\\\/br\\\/\"},{\"@type\":\"ListItem\",\"position\":2,\"name\":\"Pesquisa\"}]},{\"@type\":\"WebSite\",\"@id\":\"https:\\\/\\\/www.sevenjackpots.com\\\/br\\\/#website\",\"url\":\"https:\\\/\\\/www.sevenjackpots.com\\\/br\\\/\",\"name\":\"SevenJackpots - India's Best Online Casino Guide\",\"description\":\"\",\"publisher\":{\"@id\":\"https:\\\/\\\/www.sevenjackpots.com\\\/br\\\/#organization\"},\"potentialAction\":[{\"@type\":\"SearchAction\",\"target\":{\"@type\":\"EntryPoint\",\"urlTemplate\":\"https:\\\/\\\/www.sevenjackpots.com\\\/br\\\/?s={search_term_string}\"},\"query-input\":{\"@type\":\"PropertyValueSpecification\",\"valueRequired\":true,\"valueName\":\"search_term_string\"}}],\"inLanguage\":\"pt-BR\"},{\"@type\":\"Organization\",\"@id\":\"https:\\\/\\\/www.sevenjackpots.com\\\/br\\\/#organization\",\"name\":\"SevenJackpots\",\"url\":\"https:\\\/\\\/www.sevenjackpots.com\\\/br\\\/\",\"logo\":{\"@type\":\"ImageObject\",\"inLanguage\":\"pt-BR\",\"@id\":\"https:\\\/\\\/www.sevenjackpots.com\\\/br\\\/#\\\/schema\\\/logo\\\/image\\\/\",\"url\":\"https:\\\/\\\/www.sevenjackpots.com\\\/wp-content\\\/uploads\\\/2024\\\/09\\\/sevenjackpots-yoast.png\",\"contentUrl\":\"https:\\\/\\\/www.sevenjackpots.com\\\/wp-content\\\/uploads\\\/2024\\\/09\\\/sevenjackpots-yoast.png\",\"width\":750,\"height\":750,\"caption\":\"SevenJackpots\"},\"image\":{\"@id\":\"https:\\\/\\\/www.sevenjackpots.com\\\/br\\\/#\\\/schema\\\/logo\\\/image\\\/\"},\"sameAs\":[\"https:\\\/\\\/www.facebook.com\\\/Sevenjackpots.in\\\/\",\"https:\\\/\\\/www.youtube.com\\\/channel\\\/UCn-K2LNaXT1XckDT1l8MnfA\",\"https:\\\/\\\/www.instagram.com\\\/sevenjackpots\\\/\"]}]}<\/script>\n<!-- \/ Yoast SEO Premium plugin. -->","yoast_head_json":{"title":"Jogos de Cassino Online no Brasil: Relat\u00f3rio Completo","description":"Conhe\u00e7a melhor o cen\u00e1rio de jogos de cassino online no Brasil com estudos ricos em informa\u00e7\u00f5es detalhadas, baseados em dados atuais.","robots":{"index":"index","follow":"follow","max-snippet":"max-snippet:-1","max-image-preview":"max-image-preview:large","max-video-preview":"max-video-preview:-1"},"canonical":"https:\/\/www.sevenjackpots.com\/br\/jogos-de-cassino-online-no-brasil\/","og_locale":"en_US","og_type":"article","og_title":"Pesquisa","og_description":"Jogos de Cassinos Online no Brasil: Leis e Regulamenta\u00e7\u00e3o Nossos estudos sobre a legisla\u00e7\u00e3o atual e futura s\u00e3o fundamentais para aqueles que desejam saber","og_url":"https:\/\/www.sevenjackpots.com\/br\/jogos-de-cassino-online-no-brasil\/","og_site_name":"SevenJackpots - India&#039;s Best Online Casino Guide","article_publisher":"https:\/\/www.facebook.com\/Sevenjackpots.in\/","article_modified_time":"2024-10-25T13:59:25+00:00","twitter_card":"summary_large_image","twitter_misc":{"Est. tempo de leitura":"3 minutos"},"schema":{"@context":"https:\/\/schema.org","@graph":[{"@type":"WebPage","@id":"https:\/\/www.sevenjackpots.com\/br\/jogos-de-cassino-online-no-brasil\/","url":"https:\/\/www.sevenjackpots.com\/br\/jogos-de-cassino-online-no-brasil\/","name":"Jogos de Cassino Online no Brasil: Relat\u00f3rio Completo","isPartOf":{"@id":"https:\/\/www.sevenjackpots.com\/br\/#website"},"datePublished":"2023-05-30T08:38:08+00:00","dateModified":"2024-10-25T13:59:25+00:00","description":"Conhe\u00e7a melhor o cen\u00e1rio de jogos de cassino online no Brasil com estudos ricos em informa\u00e7\u00f5es detalhadas, baseados em dados atuais.","inLanguage":"pt-BR","potentialAction":[{"@type":"ReadAction","target":["https:\/\/www.sevenjackpots.com\/br\/jogos-de-cassino-online-no-brasil\/"]}]},{"@type":"BreadcrumbList","@id":"https:\/\/www.sevenjackpots.com\/br\/jogos-de-cassino-online-no-brasil\/#breadcrumb","itemListElement":[{"@type":"ListItem","position":1,"name":"Home","item":"https:\/\/www.sevenjackpots.com\/br\/"},{"@type":"ListItem","position":2,"name":"Pesquisa"}]},{"@type":"WebSite","@id":"https:\/\/www.sevenjackpots.com\/br\/#website","url":"https:\/\/www.sevenjackpots.com\/br\/","name":"SevenJackpots - India's Best Online Casino Guide","description":"","publisher":{"@id":"https:\/\/www.sevenjackpots.com\/br\/#organization"},"potentialAction":[{"@type":"SearchAction","target":{"@type":"EntryPoint","urlTemplate":"https:\/\/www.sevenjackpots.com\/br\/?s={search_term_string}"},"query-input":{"@type":"PropertyValueSpecification","valueRequired":true,"valueName":"search_term_string"}}],"inLanguage":"pt-BR"},{"@type":"Organization","@id":"https:\/\/www.sevenjackpots.com\/br\/#organization","name":"SevenJackpots","url":"https:\/\/www.sevenjackpots.com\/br\/","logo":{"@type":"ImageObject","inLanguage":"pt-BR","@id":"https:\/\/www.sevenjackpots.com\/br\/#\/schema\/logo\/image\/","url":"https:\/\/www.sevenjackpots.com\/wp-content\/uploads\/2024\/09\/sevenjackpots-yoast.png","contentUrl":"https:\/\/www.sevenjackpots.com\/wp-content\/uploads\/2024\/09\/sevenjackpots-yoast.png","width":750,"height":750,"caption":"SevenJackpots"},"image":{"@id":"https:\/\/www.sevenjackpots.com\/br\/#\/schema\/logo\/image\/"},"sameAs":["https:\/\/www.facebook.com\/Sevenjackpots.in\/","https:\/\/www.youtube.com\/channel\/UCn-K2LNaXT1XckDT1l8MnfA","https:\/\/www.instagram.com\/sevenjackpots\/"]}]}},"acf":[],"_links":{"self":[{"href":"https:\/\/www.sevenjackpots.com\/br\/wp-json\/wp\/v2\/pages\/26906","targetHints":{"allow":["GET"]}}],"collection":[{"href":"https:\/\/www.sevenjackpots.com\/br\/wp-json\/wp\/v2\/pages"}],"about":[{"href":"https:\/\/www.sevenjackpots.com\/br\/wp-json\/wp\/v2\/types\/page"}],"author":[{"embeddable":true,"href":"https:\/\/www.sevenjackpots.com\/br\/wp-json\/wp\/v2\/users\/4"}],"replies":[{"embeddable":true,"href":"https:\/\/www.sevenjackpots.com\/br\/wp-json\/wp\/v2\/comments?post=26906"}],"version-history":[{"count":9,"href":"https:\/\/www.sevenjackpots.com\/br\/wp-json\/wp\/v2\/pages\/26906\/revisions"}],"predecessor-version":[{"id":37689,"href":"https:\/\/www.sevenjackpots.com\/br\/wp-json\/wp\/v2\/pages\/26906\/revisions\/37689"}],"wp:attachment":[{"href":"https:\/\/www.sevenjackpots.com\/br\/wp-json\/wp\/v2\/media?parent=26906"}],"wp:term":[{"taxonomy":"category","embeddable":true,"href":"https:\/\/www.sevenjackpots.com\/br\/wp-json\/wp\/v2\/categories?post=26906"},{"taxonomy":"post_tag","embeddable":true,"href":"https:\/\/www.sevenjackpots.com\/br\/wp-json\/wp\/v2\/tags?post=26906"}],"curies":[{"name":"wp","href":"https:\/\/api.w.org\/{rel}","templated":true}]}}