{"id":30890,"date":"2024-02-21T07:34:13","date_gmt":"2024-02-21T07:34:13","guid":{"rendered":"https:\/\/www.sevenjackpots.com\/?page_id=30890"},"modified":"2025-04-23T12:46:20","modified_gmt":"2025-04-23T12:46:20","slug":"eduardo-a","status":"publish","type":"page","link":"https:\/\/www.sevenjackpots.com\/br\/sobre-nos\/eduardo-a\/","title":{"rendered":"Eduardo A"},"content":{"rendered":"<div class=\"note\">\n<h2 id=\"1-sobre-a-eduardo\">Sobre a Eduardo<\/h2>\n<p>Eduardo \u00e9 o novo refor\u00e7o no time de especialistas da SevenJackpots. Brasileiro, carioca, ele vem de uma longa jornada como escritor para diversos segmentos: reviews de filmes e jogos, artigos, blogs, tutoriais, tradu\u00e7\u00f5es e muitos outros.<\/p>\n<p>Nos \u00faltimos anos, descobriu que suas habilidades de pesquisa, an\u00e1lise e escrita s\u00e3o perfeitas parar criar conte\u00fado para iGaming, a ind\u00fastria de jogos de cassino online. Ele come\u00e7ou fazendo an\u00e1lises de cassinos e jogos de cassino e quando se deu conta, j\u00e1 era respons\u00e1vel pelo conte\u00fado iGaming de diversos sites, brasileiros e internacionais.<\/p>\n<p>Agora como membro de nossa equipe, seu trabalho \u00e9 criar conte\u00fado para nossa p\u00e1gina em pt-BR, assim como adaptar o conte\u00fado de nossas p\u00e1ginas internacionais.<br \/>\n<\/div>\n<div class=\"note\">\n<h2 id=\"2-midia-social-e-contato\">M\u00eddia Social e Contato<\/h2>\n<p>Eduardo est\u00e1 dispon\u00edvel nas redes sociais ou por e-mail. Segue os links abaixo:<\/p>\n<p><a style=\"text-decoration: unset;\" href=\"http:\/\/www.linkedin.com\/in\/eduardo-alves-de-mattos-90a66223a\" target=\"_blank\" rel=\"noopener\"><img decoding=\"async\" style=\"margin-right: 10px;\" src=\"https:\/\/www.sevenjackpots.com\/wp-content\/uploads\/\/2021\/04\/linkedin-icon.svg\" width=\"20\" height=\"20\" \/>LinkedIn <\/a><\/p>\n<\/div>\n","protected":false},"excerpt":{"rendered":"","protected":false},"author":4,"featured_media":30897,"parent":24824,"menu_order":0,"comment_status":"closed","ping_status":"closed","template":"","meta":{"_acf_changed":false,"footnotes":""},"categories":[],"tags":[],"class_list":["post-30890","page","type-page","status-publish","has-post-thumbnail","hentry"],"yoast_head":"<!-- This site is optimized with the Yoast SEO Premium plugin v26.0 (Yoast SEO v27.5) - https:\/\/yoast.com\/product\/yoast-seo-premium-wordpress\/ -->\n<title>Sobre n\u00f3s - Eduardo A, Escritor do SevenJackpots<\/title>\n<meta name=\"description\" content=\"Conhe\u00e7a a Eduardo Alves, Escritor do SevenJackpots.\" \/>\n<meta name=\"robots\" content=\"index, follow, max-snippet:-1, max-image-preview:large, max-video-preview:-1\" \/>\n<link rel=\"canonical\" href=\"https:\/\/www.sevenjackpots.com\/br\/sobre-nos\/eduardo-a\/\" \/>\n<meta property=\"og:locale\" content=\"en_US\" \/>\n<meta property=\"og:type\" content=\"article\" \/>\n<meta property=\"og:title\" content=\"Eduardo A\" \/>\n<meta property=\"og:url\" content=\"https:\/\/www.sevenjackpots.com\/br\/sobre-nos\/eduardo-a\/\" \/>\n<meta property=\"og:site_name\" content=\"SevenJackpots - India&#039;s Best Online Casino Guide\" \/>\n<meta property=\"article:publisher\" content=\"https:\/\/www.facebook.com\/Sevenjackpots.in\/\" \/>\n<meta property=\"article:modified_time\" content=\"2025-04-23T12:46:20+00:00\" \/>\n<meta property=\"og:image\" content=\"https:\/\/www.sevenjackpots.com\/wp-content\/uploads\/2024\/02\/eduardo-alves-feature-image-sevenjackpots-1.png\" \/>\n\t<meta property=\"og:image:width\" content=\"700\" \/>\n\t<meta property=\"og:image:height\" content=\"700\" \/>\n\t<meta property=\"og:image:type\" content=\"image\/png\" \/>\n<meta name=\"twitter:card\" content=\"summary_large_image\" \/>\n<meta name=\"twitter:label1\" content=\"Est. tempo de leitura\" \/>\n\t<meta name=\"twitter:data1\" content=\"2 minutos\" \/>\n<script type=\"application\/ld+json\" class=\"yoast-schema-graph\">{\"@context\":\"https:\\\/\\\/schema.org\",\"@graph\":[{\"@type\":\"WebPage\",\"@id\":\"https:\\\/\\\/www.sevenjackpots.com\\\/br\\\/sobre-nos\\\/eduardo-a\\\/\",\"url\":\"https:\\\/\\\/www.sevenjackpots.com\\\/br\\\/sobre-nos\\\/eduardo-a\\\/\",\"name\":\"Sobre n\u00f3s - Eduardo A, Escritor do SevenJackpots\",\"isPartOf\":{\"@id\":\"https:\\\/\\\/www.sevenjackpots.com\\\/br\\\/#website\"},\"primaryImageOfPage\":{\"@id\":\"https:\\\/\\\/www.sevenjackpots.com\\\/br\\\/sobre-nos\\\/eduardo-a\\\/#primaryimage\"},\"image\":{\"@id\":\"https:\\\/\\\/www.sevenjackpots.com\\\/br\\\/sobre-nos\\\/eduardo-a\\\/#primaryimage\"},\"thumbnailUrl\":\"https:\\\/\\\/www.sevenjackpots.com\\\/wp-content\\\/uploads\\\/2024\\\/02\\\/eduardo-alves-feature-image-sevenjackpots-1.png\",\"datePublished\":\"2024-02-21T07:34:13+00:00\",\"dateModified\":\"2025-04-23T12:46:20+00:00\",\"description\":\"Conhe\u00e7a a Eduardo Alves, Escritor do SevenJackpots.\",\"inLanguage\":\"pt-BR\",\"potentialAction\":[{\"@type\":\"ReadAction\",\"target\":[\"https:\\\/\\\/www.sevenjackpots.com\\\/br\\\/sobre-nos\\\/eduardo-a\\\/\"]}]},{\"@type\":\"ImageObject\",\"inLanguage\":\"pt-BR\",\"@id\":\"https:\\\/\\\/www.sevenjackpots.com\\\/br\\\/sobre-nos\\\/eduardo-a\\\/#primaryimage\",\"url\":\"https:\\\/\\\/www.sevenjackpots.com\\\/wp-content\\\/uploads\\\/2024\\\/02\\\/eduardo-alves-feature-image-sevenjackpots-1.png\",\"contentUrl\":\"https:\\\/\\\/www.sevenjackpots.com\\\/wp-content\\\/uploads\\\/2024\\\/02\\\/eduardo-alves-feature-image-sevenjackpots-1.png\",\"width\":700,\"height\":700,\"caption\":\"Retrato ilustrado de Eduardo Alves.\"},{\"@type\":\"BreadcrumbList\",\"@id\":\"https:\\\/\\\/www.sevenjackpots.com\\\/br\\\/sobre-nos\\\/eduardo-a\\\/#breadcrumb\",\"itemListElement\":[{\"@type\":\"ListItem\",\"position\":1,\"name\":\"Home\",\"item\":\"https:\\\/\\\/www.sevenjackpots.com\\\/br\\\/\"},{\"@type\":\"ListItem\",\"position\":2,\"name\":\"Sobre n\u00f3s\",\"item\":\"https:\\\/\\\/www.sevenjackpots.com\\\/br\\\/sobre-nos\\\/\"},{\"@type\":\"ListItem\",\"position\":3,\"name\":\"Eduardo A\"}]},{\"@type\":\"WebSite\",\"@id\":\"https:\\\/\\\/www.sevenjackpots.com\\\/br\\\/#website\",\"url\":\"https:\\\/\\\/www.sevenjackpots.com\\\/br\\\/\",\"name\":\"SevenJackpots - India's Best Online Casino Guide\",\"description\":\"\",\"publisher\":{\"@id\":\"https:\\\/\\\/www.sevenjackpots.com\\\/br\\\/#organization\"},\"potentialAction\":[{\"@type\":\"SearchAction\",\"target\":{\"@type\":\"EntryPoint\",\"urlTemplate\":\"https:\\\/\\\/www.sevenjackpots.com\\\/br\\\/?s={search_term_string}\"},\"query-input\":{\"@type\":\"PropertyValueSpecification\",\"valueRequired\":true,\"valueName\":\"search_term_string\"}}],\"inLanguage\":\"pt-BR\"},{\"@type\":\"Organization\",\"@id\":\"https:\\\/\\\/www.sevenjackpots.com\\\/br\\\/#organization\",\"name\":\"SevenJackpots\",\"url\":\"https:\\\/\\\/www.sevenjackpots.com\\\/br\\\/\",\"logo\":{\"@type\":\"ImageObject\",\"inLanguage\":\"pt-BR\",\"@id\":\"https:\\\/\\\/www.sevenjackpots.com\\\/br\\\/#\\\/schema\\\/logo\\\/image\\\/\",\"url\":\"https:\\\/\\\/www.sevenjackpots.com\\\/wp-content\\\/uploads\\\/2024\\\/09\\\/sevenjackpots-yoast.png\",\"contentUrl\":\"https:\\\/\\\/www.sevenjackpots.com\\\/wp-content\\\/uploads\\\/2024\\\/09\\\/sevenjackpots-yoast.png\",\"width\":750,\"height\":750,\"caption\":\"SevenJackpots\"},\"image\":{\"@id\":\"https:\\\/\\\/www.sevenjackpots.com\\\/br\\\/#\\\/schema\\\/logo\\\/image\\\/\"},\"sameAs\":[\"https:\\\/\\\/www.facebook.com\\\/Sevenjackpots.in\\\/\",\"https:\\\/\\\/www.youtube.com\\\/channel\\\/UCn-K2LNaXT1XckDT1l8MnfA\",\"https:\\\/\\\/www.instagram.com\\\/sevenjackpots\\\/\"]}]}<\/script>\n<!-- \/ Yoast SEO Premium plugin. -->","yoast_head_json":{"title":"Sobre n\u00f3s - Eduardo A, Escritor do SevenJackpots","description":"Conhe\u00e7a a Eduardo Alves, Escritor do SevenJackpots.","robots":{"index":"index","follow":"follow","max-snippet":"max-snippet:-1","max-image-preview":"max-image-preview:large","max-video-preview":"max-video-preview:-1"},"canonical":"https:\/\/www.sevenjackpots.com\/br\/sobre-nos\/eduardo-a\/","og_locale":"en_US","og_type":"article","og_title":"Eduardo A","og_url":"https:\/\/www.sevenjackpots.com\/br\/sobre-nos\/eduardo-a\/","og_site_name":"SevenJackpots - India&#039;s Best Online Casino Guide","article_publisher":"https:\/\/www.facebook.com\/Sevenjackpots.in\/","article_modified_time":"2025-04-23T12:46:20+00:00","og_image":[{"width":700,"height":700,"url":"https:\/\/www.sevenjackpots.com\/wp-content\/uploads\/2024\/02\/eduardo-alves-feature-image-sevenjackpots-1.png","type":"image\/png"}],"twitter_card":"summary_large_image","twitter_misc":{"Est. tempo de leitura":"2 minutos"},"schema":{"@context":"https:\/\/schema.org","@graph":[{"@type":"WebPage","@id":"https:\/\/www.sevenjackpots.com\/br\/sobre-nos\/eduardo-a\/","url":"https:\/\/www.sevenjackpots.com\/br\/sobre-nos\/eduardo-a\/","name":"Sobre n\u00f3s - Eduardo A, Escritor do SevenJackpots","isPartOf":{"@id":"https:\/\/www.sevenjackpots.com\/br\/#website"},"primaryImageOfPage":{"@id":"https:\/\/www.sevenjackpots.com\/br\/sobre-nos\/eduardo-a\/#primaryimage"},"image":{"@id":"https:\/\/www.sevenjackpots.com\/br\/sobre-nos\/eduardo-a\/#primaryimage"},"thumbnailUrl":"https:\/\/www.sevenjackpots.com\/wp-content\/uploads\/2024\/02\/eduardo-alves-feature-image-sevenjackpots-1.png","datePublished":"2024-02-21T07:34:13+00:00","dateModified":"2025-04-23T12:46:20+00:00","description":"Conhe\u00e7a a Eduardo Alves, Escritor do SevenJackpots.","inLanguage":"pt-BR","potentialAction":[{"@type":"ReadAction","target":["https:\/\/www.sevenjackpots.com\/br\/sobre-nos\/eduardo-a\/"]}]},{"@type":"ImageObject","inLanguage":"pt-BR","@id":"https:\/\/www.sevenjackpots.com\/br\/sobre-nos\/eduardo-a\/#primaryimage","url":"https:\/\/www.sevenjackpots.com\/wp-content\/uploads\/2024\/02\/eduardo-alves-feature-image-sevenjackpots-1.png","contentUrl":"https:\/\/www.sevenjackpots.com\/wp-content\/uploads\/2024\/02\/eduardo-alves-feature-image-sevenjackpots-1.png","width":700,"height":700,"caption":"Retrato ilustrado de Eduardo Alves."},{"@type":"BreadcrumbList","@id":"https:\/\/www.sevenjackpots.com\/br\/sobre-nos\/eduardo-a\/#breadcrumb","itemListElement":[{"@type":"ListItem","position":1,"name":"Home","item":"https:\/\/www.sevenjackpots.com\/br\/"},{"@type":"ListItem","position":2,"name":"Sobre n\u00f3s","item":"https:\/\/www.sevenjackpots.com\/br\/sobre-nos\/"},{"@type":"ListItem","position":3,"name":"Eduardo A"}]},{"@type":"WebSite","@id":"https:\/\/www.sevenjackpots.com\/br\/#website","url":"https:\/\/www.sevenjackpots.com\/br\/","name":"SevenJackpots - India's Best Online Casino Guide","description":"","publisher":{"@id":"https:\/\/www.sevenjackpots.com\/br\/#organization"},"potentialAction":[{"@type":"SearchAction","target":{"@type":"EntryPoint","urlTemplate":"https:\/\/www.sevenjackpots.com\/br\/?s={search_term_string}"},"query-input":{"@type":"PropertyValueSpecification","valueRequired":true,"valueName":"search_term_string"}}],"inLanguage":"pt-BR"},{"@type":"Organization","@id":"https:\/\/www.sevenjackpots.com\/br\/#organization","name":"SevenJackpots","url":"https:\/\/www.sevenjackpots.com\/br\/","logo":{"@type":"ImageObject","inLanguage":"pt-BR","@id":"https:\/\/www.sevenjackpots.com\/br\/#\/schema\/logo\/image\/","url":"https:\/\/www.sevenjackpots.com\/wp-content\/uploads\/2024\/09\/sevenjackpots-yoast.png","contentUrl":"https:\/\/www.sevenjackpots.com\/wp-content\/uploads\/2024\/09\/sevenjackpots-yoast.png","width":750,"height":750,"caption":"SevenJackpots"},"image":{"@id":"https:\/\/www.sevenjackpots.com\/br\/#\/schema\/logo\/image\/"},"sameAs":["https:\/\/www.facebook.com\/Sevenjackpots.in\/","https:\/\/www.youtube.com\/channel\/UCn-K2LNaXT1XckDT1l8MnfA","https:\/\/www.instagram.com\/sevenjackpots\/"]}]}},"acf":[],"_links":{"self":[{"href":"https:\/\/www.sevenjackpots.com\/br\/wp-json\/wp\/v2\/pages\/30890","targetHints":{"allow":["GET"]}}],"collection":[{"href":"https:\/\/www.sevenjackpots.com\/br\/wp-json\/wp\/v2\/pages"}],"about":[{"href":"https:\/\/www.sevenjackpots.com\/br\/wp-json\/wp\/v2\/types\/page"}],"author":[{"embeddable":true,"href":"https:\/\/www.sevenjackpots.com\/br\/wp-json\/wp\/v2\/users\/4"}],"replies":[{"embeddable":true,"href":"https:\/\/www.sevenjackpots.com\/br\/wp-json\/wp\/v2\/comments?post=30890"}],"version-history":[{"count":4,"href":"https:\/\/www.sevenjackpots.com\/br\/wp-json\/wp\/v2\/pages\/30890\/revisions"}],"predecessor-version":[{"id":40978,"href":"https:\/\/www.sevenjackpots.com\/br\/wp-json\/wp\/v2\/pages\/30890\/revisions\/40978"}],"up":[{"embeddable":true,"href":"https:\/\/www.sevenjackpots.com\/br\/wp-json\/wp\/v2\/pages\/24824"}],"wp:featuredmedia":[{"embeddable":true,"href":"https:\/\/www.sevenjackpots.com\/br\/wp-json\/wp\/v2\/media\/30897"}],"wp:attachment":[{"href":"https:\/\/www.sevenjackpots.com\/br\/wp-json\/wp\/v2\/media?parent=30890"}],"wp:term":[{"taxonomy":"category","embeddable":true,"href":"https:\/\/www.sevenjackpots.com\/br\/wp-json\/wp\/v2\/categories?post=30890"},{"taxonomy":"post_tag","embeddable":true,"href":"https:\/\/www.sevenjackpots.com\/br\/wp-json\/wp\/v2\/tags?post=30890"}],"curies":[{"name":"wp","href":"https:\/\/api.w.org\/{rel}","templated":true}]}}