{"id":33763,"date":"2024-06-14T08:43:09","date_gmt":"2024-06-14T08:43:09","guid":{"rendered":"https:\/\/www.sevenjackpots.com\/?page_id=33763"},"modified":"2024-11-29T10:34:54","modified_gmt":"2024-11-29T10:34:54","slug":"estrategia-de-craps","status":"publish","type":"page","link":"https:\/\/www.sevenjackpots.com\/br\/craps-online\/estrategia-de-craps\/","title":{"rendered":"Estrat\u00e9gia de Craps"},"content":{"rendered":"<h2 id=\"1-melhores-cassinos-para-jogar-craps\">Melhores Cassinos Para Jogar Craps<\/h2>\n<h2 id=\"2-estrategias-de-craps-online\">Estrat\u00e9gias de Craps Online<\/h2>\n<p><img decoding=\"async\" class=\"aligncenter wp-image-12816 size-large\" src=\"https:\/\/www.sevenjackpots.com\/wp-content\/uploads\/2021\/04\/craps-strategy-banner-1024x683.jpg\" alt=\"mesa de Craps ao vivo.\" width=\"1024\" height=\"683\" srcset=\"https:\/\/www.sevenjackpots.com\/wp-content\/uploads\/2021\/04\/craps-strategy-banner-1024x683.jpg 1024w, https:\/\/www.sevenjackpots.com\/wp-content\/uploads\/2021\/04\/craps-strategy-banner-300x200.jpg 300w, https:\/\/www.sevenjackpots.com\/wp-content\/uploads\/2021\/04\/craps-strategy-banner-768x512.jpg 768w, https:\/\/www.sevenjackpots.com\/wp-content\/uploads\/2021\/04\/craps-strategy-banner-1536x1024.jpg 1536w, https:\/\/www.sevenjackpots.com\/wp-content\/uploads\/2021\/04\/craps-strategy-banner-105x70.jpg 105w, https:\/\/www.sevenjackpots.com\/wp-content\/uploads\/2021\/04\/craps-strategy-banner-150x100.jpg 150w, https:\/\/www.sevenjackpots.com\/wp-content\/uploads\/2021\/04\/craps-strategy-banner-135x90.jpg 135w, https:\/\/www.sevenjackpots.com\/wp-content\/uploads\/2021\/04\/craps-strategy-banner-270x180.jpg 270w, https:\/\/www.sevenjackpots.com\/wp-content\/uploads\/2021\/04\/craps-strategy-banner-350x233.jpg 350w, https:\/\/www.sevenjackpots.com\/wp-content\/uploads\/2021\/04\/craps-strategy-banner-80x53.jpg 80w, https:\/\/www.sevenjackpots.com\/wp-content\/uploads\/2021\/04\/craps-strategy-banner.jpg 1600w\" sizes=\"(max-width: 1024px) 100vw, 1024px\" \/><\/p>\n<p>Se voc\u00ea chegou aqui, j\u00e1 conhece as\u00a0<a href=\"https:\/\/www.sevenjackpots.com\/br\/craps-online\/regras-de-craps\/\">regras de Craps<\/a>\u00a0e est\u00e1 pronto para tentar novas maneiras de apostar.<\/p>\n<p>N\u00e3o h\u00e1 nada de errado em apenas fazer apostas na\u00a0<em>Pass Line<\/em>; \u00e9 assim que todo iniciante aprende a jogar Craps. Mas aqui, voc\u00ea encontrar\u00e1 as t\u00e9cnicas de Craps para aumentar seus ganhos.<\/p>\n<p>Se voc\u00ea ainda \u00e9 um novato no jogo e ainda n\u00e3o leu nosso guia de Craps a dinheiro real, sugerimos que volte em nosso artigo e se familiarize com o jogo. Al\u00e9m disso, aprenda tamb\u00e9m como funcionam as\u00a0<a href=\"https:\/\/www.sevenjackpots.com\/br\/craps-online\/apostas-em-craps\/\">apostas em Craps<\/a>.<\/p>\n<\/p>\n<h2 id=\"3-como-ganhar-no-craps\">Como ganhar no Craps<\/h2>\n<p>Vamos come\u00e7ar falando o \u00f3bvio: o jogo de Craps \u00e9 baseado na sorte, com n\u00fameros tirados em uma rolagem de dados totalmente imprevis\u00edvel.<\/p>\n<p>Por isso, n\u00e3o existe f\u00f3rmula m\u00e1gica para ganhar, mas voc\u00ea certamente pode aumentar suas chances de vit\u00f3ria usando as estrat\u00e9gias de Craps listadas a seguir.<\/p>\n<h3>Iron Cross<\/h3>\n<p>A estrat\u00e9gia de Craps Iron Cross tenta cobrir a maior quantidade de n\u00fameros poss\u00edvel. Ela une uma\u00a0<em>Pass Line<\/em>\u00a0com uma\u00a0<em>Place Bet<\/em>\u00a0e uma\u00a0<em>Field Bet<\/em>.<\/p>\n<p>De forma resumida, essa combina\u00e7\u00e3o permitir\u00e1 que voc\u00ea ganhe com qualquer n\u00famero na fase\u00a0<em>Point<\/em>, exceto o 7.<\/p>\n<p>A aposta\u00a0<em>Field<\/em>\u00a0cobrir\u00e1 os n\u00fameros 2, 3, 4, 9, 10, 11 e 12, e a aposta\u00a0<em>Place<\/em>\u00a0cobrir\u00e1 os dois n\u00fameros que faltam, enquanto sua aposta\u00a0<em>Pass<\/em>\u00a0cobre o n\u00famero\u00a0<em>Point<\/em>.<\/p>\n<div class=\"box-text\" style=\"\">\n<h3>Como usar a estrat\u00e9gia Iron Cross passo-a-passo<\/h3>\n<ol>\n<li>Fa\u00e7a uma aposta na\u00a0<em>Pass Line<\/em>.<\/li>\n<li>O dado \u00e9 lan\u00e7ado at\u00e9 a fase\u00a0<em>Point<\/em>.<\/li>\n<li>Fa\u00e7a sua aposta no\u00a0<em>Field<\/em>.<\/li>\n<li>Coloque uma aposta\u00a0<em>Place<\/em>\u00a0nos n\u00fameros n\u00e3o cobertos pelo\u00a0<em>Field<\/em>\u00a0ou pelo\u00a0<em>Point<\/em>.<\/li>\n<li>Quando os dados rolarem, voc\u00ea ganha com qualquer n\u00famero que n\u00e3o seja um 7!<\/li>\n<\/ol>\n<\/div>\n<div class=\"box-text\" style=\"\">\n<h3>Exemplo Pr\u00e1tico de Iron Cross<\/h3>\n<ul class=\"check-mark\">\n<li>Sua aposta \u00e9 feita no\u00a0<em>Pass Line<\/em>.<\/li>\n<li>O resultado da rolagem \u00e9 5, que se torna o\u00a0<em>Point<\/em>.<\/li>\n<li>Voc\u00ea faz uma aposta\u00a0<em>Field<\/em>\u00a0e uma\u00a0<em>Place<\/em>\u00a0no 6 e no 8.<\/li>\n<li>Todos os n\u00fameros est\u00e3o cobertos pela aposta, exceto o 7.<\/li>\n<li>O dado \u00e9 rolado e o resultado \u00e9 9, resultando na vit\u00f3ria do\u00a0<em>Field<\/em>\u00a0que paga 1:1.<\/li>\n<li>Voc\u00ea faz outra aposta no\u00a0<em>Field<\/em>, enquanto as outras apostas permanecem.<\/li>\n<li>O dado \u00e9 rolado com um 5, fazendo sua aposta\u00a0<em>Pass<\/em>\u00a0vencer.<\/li>\n<li>A aposta\u00a0<em>Field<\/em>\u00a0retorna para voc\u00ea, enquanto a\u00a0<em>Place<\/em>\u00a0permanece, mas inativa, esperando um novo\u00a0<em>Point<\/em>.<\/li>\n<\/ul>\n<\/div>\n<h2 id=\"4-three-point-molly\">Three Point Molly<\/h2>\n<p>Esta \u00e9 uma aposta de Craps que usa a\u00a0<em>Pass Line<\/em>\u00a0junto com a\u00a0<em>Come Bet<\/em>.<\/p>\n<p>Esta estrat\u00e9gia de Craps tem como foco assegurar sua aposta na\u00a0<em>Pass Line<\/em>, j\u00e1 que a\u00a0<em>Come Bet<\/em>\u00a0\u00e9 paga com um 7 ou 11, n\u00fameros que fariam sua\u00a0<em>Pass Line<\/em>\u00a0perder quando um\u00a0<em>Point<\/em>\u00a0for estabelecido.<\/p>\n<p>Sempre aposte o mesmo valor em ambas modalidades de aposta.<\/p>\n<div class=\"box-text\" style=\"\">\n<h3>Como usar a estrat\u00e9gia Three Point Molly passo-a-passo<\/h3>\n<ol>\n<li>Coloque sua aposta na\u00a0<em>Pass Line<\/em>.<\/li>\n<li>O dado \u00e9 rolado at\u00e9 um n\u00famero\u00a0<em>Point<\/em>.<\/li>\n<li>Coloque sua\u00a0<em>Come Bet<\/em>.<\/li>\n<li>Sua aposta\u00a0<em>Come<\/em>\u00a0\u00e9 colocada em um n\u00famero.<\/li>\n<li>Coloque outra aposta\u00a0<em>Come<\/em>.<\/li>\n<li>A segunda aposta\u00a0<em>Come<\/em>\u00a0tamb\u00e9m \u00e9 colocada em um n\u00famero.<\/li>\n<li>Se uma de suas apostas\u00a0<em>Come<\/em>\u00a0vencer, coloque outra.<\/li>\n<li>A rodada \u00e9 jogada at\u00e9 que um 7 seja tirado.<\/li>\n<\/ol>\n<\/div>\n<h2 id=\"5-inside-22\">Inside 22<\/h2>\n<p>A estrat\u00e9gia de Craps Inside 22 \u00e9 usada com uma\u00a0<em>Pass Line<\/em>\u00a0e apostas internas\u00a0<em>Place<\/em>\u00a0nos n\u00fameros 5, 6, 8 e 9.<\/p>\n<p>Claro que, se o\u00a0<em>Point<\/em>\u00a0for um destes n\u00fameros, n\u00e3o ser\u00e1 necess\u00e1rio fazer uma aposta\u00a0<em>Place<\/em>\u00a0nele.<\/p>\n<div class=\"box-text\" style=\"\">\n<h3>Como usar a estrat\u00e9gia Inside 22 passo-a-passo<\/h3>\n<ol>\n<li>Fa\u00e7a uma aposta na\u00a0<em>Pass Line<\/em>.<\/li>\n<li>Espere o\u00a0<em>Point<\/em>\u00a0ser atingido.<\/li>\n<li>Coloque uma\u00a0<em>Place<\/em>\u00a0nos n\u00fameros 5, 6, 8 e 9.<\/li>\n<li>Ganhe ao acertar qualquer um destes n\u00fameros.<\/li>\n<\/ol>\n<\/div>\n<p>\n<h2 id=\"6-apostas-do-contra\">Apostas do contra<\/h2>\n<p>Esta n\u00e3o \u00e9 uma estrat\u00e9gia t\u00e3o elaborada quanto as anteriores, mas que certamente tem seu espa\u00e7o entre as melhores estrat\u00e9gias de Craps.<\/p>\n<p>Nela, voc\u00ea vai contra a mar\u00e9, apostando sempre no\u00a0<em>Don\u2019t Pass Line<\/em>. Por padr\u00e3o, a margem da casa neste tipo de aposta \u00e9 menor, te trazendo mais chances de ganhar.<\/p>\n<p>Este tipo de estrat\u00e9gia de aposta n\u00e3o \u00e9 t\u00e3o popular em cassinos f\u00edsicos porque voc\u00ea ganha enquanto todos os outros jogadores perdem, o que certamente traria olhos fulminantes para sua vit\u00f3ria.<\/p>\n<p>Apostando no Craps online, voc\u00ea n\u00e3o tem esse problema, podendo comemorar sua vit\u00f3ria sem ofender ningu\u00e9m.<\/p>\n<\/p>\n<div class=\"box-text\" style=\"\">\n<h2 id=\"7-a-estrategia-de-martingale-funciona-em-craps\">A estrat\u00e9gia de Martingale funciona em Craps?<\/h2>\n<p>O jogo de Craps possui dezenas de modalidades de apostas, mas nenhuma delas possui exatamente 50% de chance de vit\u00f3ria.<\/p>\n<p>Dito isso, \u00e9 poss\u00edvel sim fazer apostas adicionais e aumentar a chance de sucesso para poder utilizar a t\u00e9cnica de Martingale, o problema \u00e9: os pagamentos n\u00e3o v\u00e3o compensar os custos das apostas.<\/p>\n<p>Por isso, n\u00e3o recomendamos essa estrat\u00e9gia de cassino online jogando Craps.<\/p>\n<\/div>\n<div class=\"box-text\" style=\"\">\n<h2 id=\"8-como-melhorar-seu-jogo-de-craps\">Como melhorar seu jogo de Craps<\/h2>\n<p>As estrat\u00e9gias de Craps apresentadas aqui podem realmente alavancar suas vit\u00f3rias ao apostar neste jogo de dados de cassino online. Dito isso, existe algo que pode trazer at\u00e9 mesmo mais impacto em suas apostas, principalmente a longo prazo.<\/p>\n<p>Estamos falando do\u00a0<a href=\"https:\/\/www.sevenjackpots.com\/br\/jogo-responsavel\/\">jogo respons\u00e1vel<\/a>.<\/p>\n<p>Esta \u00e9 uma estrat\u00e9gia de cassino universal, que te permite gerir sua banca e apostar em Craps e outros jogos sem ter preju\u00edzos financeiros.<\/p>\n<p>\u00c9 muito importante pr\u00e9-determinar limites em suas sess\u00f5es de jogo, mesmo que voc\u00ea esteja ganhando. Voc\u00ea tamb\u00e9m jamais deve apostar dinheiro que n\u00e3o tem ou que n\u00e3o foi separado para essa finalidade.<\/p>\n<p>Seguindo estas diretrizes, voc\u00ea ver\u00e1 que seus ganhos ser\u00e3o muito mais positivos ao longo de sua jornada de apostas online!<\/p>\n<\/div>\n<p>\n<h2 id=\"9-qual-a-melhor-estrategia-de-craps\">Qual a melhor estrat\u00e9gia de Craps?<\/h2>\n<p>Se tiv\u00e9ssemos que escolher apenas uma para ser a melhor estrat\u00e9gia de Craps, dir\u00edamos que o jogo respons\u00e1vel ainda supera e muito todo tipo de macete na hora de apostar.<\/p>\n<p>Tamb\u00e9m n\u00e3o adianta tentar usar v\u00e1rias estrat\u00e9gias para ganhar em cassinos online se voc\u00ea acabar\u00e1 quebrando sua banca.<\/p>\n<p>Por isso, use sempre uma estrat\u00e9gia compat\u00edvel com seu perfil, mesmo que ela n\u00e3o traga ganhos expressivos de uma s\u00f3 vez.<\/p>\n<p>Se quiser manter um n\u00famero est\u00e1vel de vit\u00f3rias, sugerimos que fique com apostas no\u00a0<em>Don\u2019t Pass Line<\/em>. \u00c9 simples, gratificante e pode trazer um \u00f3timo retorno!<\/p>\n<h2 id=\"10-guias-de-craps-online\">Guias de Craps Online<\/h2>\n<p><span style=\"font-weight: 400;\"><\/span><\/p>\n","protected":false},"excerpt":{"rendered":"<p>Melhores Cassinos Para Jogar Craps Estrat\u00e9gias de Craps Online Se voc\u00ea chegou aqui, j\u00e1 conhece [&hellip;]<\/p>\n","protected":false},"author":4,"featured_media":12816,"parent":33758,"menu_order":0,"comment_status":"closed","ping_status":"closed","template":"","meta":{"_acf_changed":false,"footnotes":""},"categories":[812],"tags":[1361],"class_list":["post-33763","page","type-page","status-publish","has-post-thumbnail","hentry","category-uncategorized-br","tag-craps-br"],"yoast_head":"<!-- This site is optimized with the Yoast SEO Premium plugin v26.0 (Yoast SEO v27.5) - https:\/\/yoast.com\/product\/yoast-seo-premium-wordpress\/ -->\n<title>Estrat\u00e9gia de Craps - SevenJackpots<\/title>\n<meta name=\"description\" content=\"Conhe\u00e7a as melhores estrat\u00e9gias de Craps. Neste tutorial voc\u00ea ir\u00e1 descobrir como ganhar no Craps e aumentar suas conquistas em cassinos.\" \/>\n<meta name=\"robots\" content=\"index, follow, max-snippet:-1, max-image-preview:large, max-video-preview:-1\" \/>\n<link rel=\"canonical\" href=\"https:\/\/www.sevenjackpots.com\/br\/craps-online\/estrategia-de-craps\/\" \/>\n<meta property=\"og:locale\" content=\"en_US\" \/>\n<meta property=\"og:type\" content=\"article\" \/>\n<meta property=\"og:title\" content=\"Estrat\u00e9gia de Craps\" \/>\n<meta property=\"og:description\" content=\"Melhores Cassinos Para Jogar Craps Estrat\u00e9gias de Craps Online Se voc\u00ea chegou aqui, j\u00e1 conhece as\u00a0regras de Craps\u00a0e est\u00e1 pronto para tentar novas maneiras\" \/>\n<meta property=\"og:url\" content=\"https:\/\/www.sevenjackpots.com\/br\/craps-online\/estrategia-de-craps\/\" \/>\n<meta property=\"og:site_name\" content=\"SevenJackpots - India&#039;s Best Online Casino Guide\" \/>\n<meta property=\"article:publisher\" content=\"https:\/\/www.facebook.com\/Sevenjackpots.in\/\" \/>\n<meta property=\"article:modified_time\" content=\"2024-11-29T10:34:54+00:00\" \/>\n<meta property=\"og:image\" content=\"https:\/\/www.sevenjackpots.com\/wp-content\/uploads\/2021\/04\/craps-strategy-banner.jpg\" \/>\n\t<meta property=\"og:image:width\" content=\"1600\" \/>\n\t<meta property=\"og:image:height\" content=\"1067\" \/>\n\t<meta property=\"og:image:type\" content=\"image\/jpeg\" \/>\n<meta name=\"twitter:card\" content=\"summary_large_image\" \/>\n<meta name=\"twitter:label1\" content=\"Est. tempo de leitura\" \/>\n\t<meta name=\"twitter:data1\" content=\"5 minutos\" \/>\n<script type=\"application\/ld+json\" class=\"yoast-schema-graph\">{\"@context\":\"https:\\\/\\\/schema.org\",\"@graph\":[{\"@type\":\"WebPage\",\"@id\":\"https:\\\/\\\/www.sevenjackpots.com\\\/br\\\/craps-online\\\/estrategia-de-craps\\\/\",\"url\":\"https:\\\/\\\/www.sevenjackpots.com\\\/br\\\/craps-online\\\/estrategia-de-craps\\\/\",\"name\":\"Estrat\u00e9gia de Craps - SevenJackpots\",\"isPartOf\":{\"@id\":\"https:\\\/\\\/www.sevenjackpots.com\\\/br\\\/#website\"},\"primaryImageOfPage\":{\"@id\":\"https:\\\/\\\/www.sevenjackpots.com\\\/br\\\/craps-online\\\/estrategia-de-craps\\\/#primaryimage\"},\"image\":{\"@id\":\"https:\\\/\\\/www.sevenjackpots.com\\\/br\\\/craps-online\\\/estrategia-de-craps\\\/#primaryimage\"},\"thumbnailUrl\":\"https:\\\/\\\/www.sevenjackpots.com\\\/wp-content\\\/uploads\\\/2021\\\/04\\\/craps-strategy-banner.jpg\",\"datePublished\":\"2024-06-14T08:43:09+00:00\",\"dateModified\":\"2024-11-29T10:34:54+00:00\",\"description\":\"Conhe\u00e7a as melhores estrat\u00e9gias de Craps. Neste tutorial voc\u00ea ir\u00e1 descobrir como ganhar no Craps e aumentar suas conquistas em cassinos.\",\"inLanguage\":\"pt-BR\",\"potentialAction\":[{\"@type\":\"ReadAction\",\"target\":[\"https:\\\/\\\/www.sevenjackpots.com\\\/br\\\/craps-online\\\/estrategia-de-craps\\\/\"]}]},{\"@type\":\"ImageObject\",\"inLanguage\":\"pt-BR\",\"@id\":\"https:\\\/\\\/www.sevenjackpots.com\\\/br\\\/craps-online\\\/estrategia-de-craps\\\/#primaryimage\",\"url\":\"https:\\\/\\\/www.sevenjackpots.com\\\/wp-content\\\/uploads\\\/2021\\\/04\\\/craps-strategy-banner.jpg\",\"contentUrl\":\"https:\\\/\\\/www.sevenjackpots.com\\\/wp-content\\\/uploads\\\/2021\\\/04\\\/craps-strategy-banner.jpg\",\"width\":1600,\"height\":1067,\"caption\":\"mesa de Craps ao vivo.\"},{\"@type\":\"BreadcrumbList\",\"@id\":\"https:\\\/\\\/www.sevenjackpots.com\\\/br\\\/craps-online\\\/estrategia-de-craps\\\/#breadcrumb\",\"itemListElement\":[{\"@type\":\"ListItem\",\"position\":1,\"name\":\"Home\",\"item\":\"https:\\\/\\\/www.sevenjackpots.com\\\/br\\\/\"},{\"@type\":\"ListItem\",\"position\":2,\"name\":\"Craps\",\"item\":\"https:\\\/\\\/www.sevenjackpots.com\\\/br\\\/craps-online\\\/\"},{\"@type\":\"ListItem\",\"position\":3,\"name\":\"Estrat\u00e9gia de Craps\"}]},{\"@type\":\"WebSite\",\"@id\":\"https:\\\/\\\/www.sevenjackpots.com\\\/br\\\/#website\",\"url\":\"https:\\\/\\\/www.sevenjackpots.com\\\/br\\\/\",\"name\":\"SevenJackpots - India's Best Online Casino Guide\",\"description\":\"\",\"publisher\":{\"@id\":\"https:\\\/\\\/www.sevenjackpots.com\\\/br\\\/#organization\"},\"potentialAction\":[{\"@type\":\"SearchAction\",\"target\":{\"@type\":\"EntryPoint\",\"urlTemplate\":\"https:\\\/\\\/www.sevenjackpots.com\\\/br\\\/?s={search_term_string}\"},\"query-input\":{\"@type\":\"PropertyValueSpecification\",\"valueRequired\":true,\"valueName\":\"search_term_string\"}}],\"inLanguage\":\"pt-BR\"},{\"@type\":\"Organization\",\"@id\":\"https:\\\/\\\/www.sevenjackpots.com\\\/br\\\/#organization\",\"name\":\"SevenJackpots\",\"url\":\"https:\\\/\\\/www.sevenjackpots.com\\\/br\\\/\",\"logo\":{\"@type\":\"ImageObject\",\"inLanguage\":\"pt-BR\",\"@id\":\"https:\\\/\\\/www.sevenjackpots.com\\\/br\\\/#\\\/schema\\\/logo\\\/image\\\/\",\"url\":\"https:\\\/\\\/www.sevenjackpots.com\\\/wp-content\\\/uploads\\\/2024\\\/09\\\/sevenjackpots-yoast.png\",\"contentUrl\":\"https:\\\/\\\/www.sevenjackpots.com\\\/wp-content\\\/uploads\\\/2024\\\/09\\\/sevenjackpots-yoast.png\",\"width\":750,\"height\":750,\"caption\":\"SevenJackpots\"},\"image\":{\"@id\":\"https:\\\/\\\/www.sevenjackpots.com\\\/br\\\/#\\\/schema\\\/logo\\\/image\\\/\"},\"sameAs\":[\"https:\\\/\\\/www.facebook.com\\\/Sevenjackpots.in\\\/\",\"https:\\\/\\\/www.youtube.com\\\/channel\\\/UCn-K2LNaXT1XckDT1l8MnfA\",\"https:\\\/\\\/www.instagram.com\\\/sevenjackpots\\\/\"]}]}<\/script>\n<!-- \/ Yoast SEO Premium plugin. -->","yoast_head_json":{"title":"Estrat\u00e9gia de Craps - SevenJackpots","description":"Conhe\u00e7a as melhores estrat\u00e9gias de Craps. Neste tutorial voc\u00ea ir\u00e1 descobrir como ganhar no Craps e aumentar suas conquistas em cassinos.","robots":{"index":"index","follow":"follow","max-snippet":"max-snippet:-1","max-image-preview":"max-image-preview:large","max-video-preview":"max-video-preview:-1"},"canonical":"https:\/\/www.sevenjackpots.com\/br\/craps-online\/estrategia-de-craps\/","og_locale":"en_US","og_type":"article","og_title":"Estrat\u00e9gia de Craps","og_description":"Melhores Cassinos Para Jogar Craps Estrat\u00e9gias de Craps Online Se voc\u00ea chegou aqui, j\u00e1 conhece as\u00a0regras de Craps\u00a0e est\u00e1 pronto para tentar novas maneiras","og_url":"https:\/\/www.sevenjackpots.com\/br\/craps-online\/estrategia-de-craps\/","og_site_name":"SevenJackpots - India&#039;s Best Online Casino Guide","article_publisher":"https:\/\/www.facebook.com\/Sevenjackpots.in\/","article_modified_time":"2024-11-29T10:34:54+00:00","og_image":[{"width":1600,"height":1067,"url":"https:\/\/www.sevenjackpots.com\/wp-content\/uploads\/2021\/04\/craps-strategy-banner.jpg","type":"image\/jpeg"}],"twitter_card":"summary_large_image","twitter_misc":{"Est. tempo de leitura":"5 minutos"},"schema":{"@context":"https:\/\/schema.org","@graph":[{"@type":"WebPage","@id":"https:\/\/www.sevenjackpots.com\/br\/craps-online\/estrategia-de-craps\/","url":"https:\/\/www.sevenjackpots.com\/br\/craps-online\/estrategia-de-craps\/","name":"Estrat\u00e9gia de Craps - SevenJackpots","isPartOf":{"@id":"https:\/\/www.sevenjackpots.com\/br\/#website"},"primaryImageOfPage":{"@id":"https:\/\/www.sevenjackpots.com\/br\/craps-online\/estrategia-de-craps\/#primaryimage"},"image":{"@id":"https:\/\/www.sevenjackpots.com\/br\/craps-online\/estrategia-de-craps\/#primaryimage"},"thumbnailUrl":"https:\/\/www.sevenjackpots.com\/wp-content\/uploads\/2021\/04\/craps-strategy-banner.jpg","datePublished":"2024-06-14T08:43:09+00:00","dateModified":"2024-11-29T10:34:54+00:00","description":"Conhe\u00e7a as melhores estrat\u00e9gias de Craps. Neste tutorial voc\u00ea ir\u00e1 descobrir como ganhar no Craps e aumentar suas conquistas em cassinos.","inLanguage":"pt-BR","potentialAction":[{"@type":"ReadAction","target":["https:\/\/www.sevenjackpots.com\/br\/craps-online\/estrategia-de-craps\/"]}]},{"@type":"ImageObject","inLanguage":"pt-BR","@id":"https:\/\/www.sevenjackpots.com\/br\/craps-online\/estrategia-de-craps\/#primaryimage","url":"https:\/\/www.sevenjackpots.com\/wp-content\/uploads\/2021\/04\/craps-strategy-banner.jpg","contentUrl":"https:\/\/www.sevenjackpots.com\/wp-content\/uploads\/2021\/04\/craps-strategy-banner.jpg","width":1600,"height":1067,"caption":"mesa de Craps ao vivo."},{"@type":"BreadcrumbList","@id":"https:\/\/www.sevenjackpots.com\/br\/craps-online\/estrategia-de-craps\/#breadcrumb","itemListElement":[{"@type":"ListItem","position":1,"name":"Home","item":"https:\/\/www.sevenjackpots.com\/br\/"},{"@type":"ListItem","position":2,"name":"Craps","item":"https:\/\/www.sevenjackpots.com\/br\/craps-online\/"},{"@type":"ListItem","position":3,"name":"Estrat\u00e9gia de Craps"}]},{"@type":"WebSite","@id":"https:\/\/www.sevenjackpots.com\/br\/#website","url":"https:\/\/www.sevenjackpots.com\/br\/","name":"SevenJackpots - India's Best Online Casino Guide","description":"","publisher":{"@id":"https:\/\/www.sevenjackpots.com\/br\/#organization"},"potentialAction":[{"@type":"SearchAction","target":{"@type":"EntryPoint","urlTemplate":"https:\/\/www.sevenjackpots.com\/br\/?s={search_term_string}"},"query-input":{"@type":"PropertyValueSpecification","valueRequired":true,"valueName":"search_term_string"}}],"inLanguage":"pt-BR"},{"@type":"Organization","@id":"https:\/\/www.sevenjackpots.com\/br\/#organization","name":"SevenJackpots","url":"https:\/\/www.sevenjackpots.com\/br\/","logo":{"@type":"ImageObject","inLanguage":"pt-BR","@id":"https:\/\/www.sevenjackpots.com\/br\/#\/schema\/logo\/image\/","url":"https:\/\/www.sevenjackpots.com\/wp-content\/uploads\/2024\/09\/sevenjackpots-yoast.png","contentUrl":"https:\/\/www.sevenjackpots.com\/wp-content\/uploads\/2024\/09\/sevenjackpots-yoast.png","width":750,"height":750,"caption":"SevenJackpots"},"image":{"@id":"https:\/\/www.sevenjackpots.com\/br\/#\/schema\/logo\/image\/"},"sameAs":["https:\/\/www.facebook.com\/Sevenjackpots.in\/","https:\/\/www.youtube.com\/channel\/UCn-K2LNaXT1XckDT1l8MnfA","https:\/\/www.instagram.com\/sevenjackpots\/"]}]}},"acf":[],"_links":{"self":[{"href":"https:\/\/www.sevenjackpots.com\/br\/wp-json\/wp\/v2\/pages\/33763","targetHints":{"allow":["GET"]}}],"collection":[{"href":"https:\/\/www.sevenjackpots.com\/br\/wp-json\/wp\/v2\/pages"}],"about":[{"href":"https:\/\/www.sevenjackpots.com\/br\/wp-json\/wp\/v2\/types\/page"}],"author":[{"embeddable":true,"href":"https:\/\/www.sevenjackpots.com\/br\/wp-json\/wp\/v2\/users\/4"}],"replies":[{"embeddable":true,"href":"https:\/\/www.sevenjackpots.com\/br\/wp-json\/wp\/v2\/comments?post=33763"}],"version-history":[{"count":10,"href":"https:\/\/www.sevenjackpots.com\/br\/wp-json\/wp\/v2\/pages\/33763\/revisions"}],"predecessor-version":[{"id":38752,"href":"https:\/\/www.sevenjackpots.com\/br\/wp-json\/wp\/v2\/pages\/33763\/revisions\/38752"}],"up":[{"embeddable":true,"href":"https:\/\/www.sevenjackpots.com\/br\/wp-json\/wp\/v2\/pages\/33758"}],"wp:featuredmedia":[{"embeddable":true,"href":"https:\/\/www.sevenjackpots.com\/br\/wp-json\/wp\/v2\/media\/12816"}],"wp:attachment":[{"href":"https:\/\/www.sevenjackpots.com\/br\/wp-json\/wp\/v2\/media?parent=33763"}],"wp:term":[{"taxonomy":"category","embeddable":true,"href":"https:\/\/www.sevenjackpots.com\/br\/wp-json\/wp\/v2\/categories?post=33763"},{"taxonomy":"post_tag","embeddable":true,"href":"https:\/\/www.sevenjackpots.com\/br\/wp-json\/wp\/v2\/tags?post=33763"}],"curies":[{"name":"wp","href":"https:\/\/api.w.org\/{rel}","templated":true}]}}