{"id":33775,"date":"2024-06-14T08:52:38","date_gmt":"2024-06-14T08:52:38","guid":{"rendered":"https:\/\/www.sevenjackpots.com\/?page_id=33775"},"modified":"2024-11-29T10:34:59","modified_gmt":"2024-11-29T10:34:59","slug":"regras-de-craps","status":"publish","type":"page","link":"https:\/\/www.sevenjackpots.com\/br\/craps-online\/regras-de-craps\/","title":{"rendered":"Regras de Craps"},"content":{"rendered":"<h2 id=\"1-melhores-cassinos-para-jogar-craps\">Melhores Cassinos Para Jogar Craps<\/h2>\n<\/p>\n<div class=\"box-text\" style=\"\">\n<h2 id=\"2-como-comecar-no-jogo-de-craps\">Como come\u00e7ar no jogo de Craps<\/h2>\n<p>Vamos deixar mastigado para voc\u00ea. Para come\u00e7ar no jogo de Craps, basta fazer o seguinte:<\/p>\n<ol class=\"timeline-numeric timeline-numeric--primary\">\n<li><strong>Aposte no\u00a0Pass Line\u00a0(7 ou 11) ou no\u00a0Don\u2019t Pass Line\u00a0(2, 3 ou 12). <\/strong><\/li>\n<li><strong>Se um\u00a0Point\u00a0foi feito (4, 5, 6, 8, 9 ou 10), voc\u00ea pode fazer apostas adicionais.<\/strong><\/li>\n<li><strong>Um resultado de 7 ou igual ao\u00a0Point\u00a0encerra o jogo, definindo os vencedores.<\/strong><\/li>\n<\/ol>\n<\/div>\n<p>\n<h2 id=\"3-regras-de-craps-online\">Regras de Craps Online<\/h2>\n<p>Voc\u00ea j\u00e1 deve ter visto uma mesa do jogo Craps, cheia de n\u00fameros e op\u00e7\u00f5es de aposta. Assim como em uma mesa de\u00a0<a href=\"https:\/\/www.sevenjackpots.com\/br\/roleta\/\">roleta<\/a>, voc\u00ea colocar\u00e1 suas fichas no tipo de aposta que quer fazer.<\/p>\n<p>Se voc\u00ea est\u00e1 seguindo nosso guia de\u00a0<a href=\"https:\/\/www.sevenjackpots.com\/br\/craps-online\/\">como jogar Craps<\/a>, j\u00e1 deve ter uma ideia de como o jogo funciona. Seja como for, abaixo voc\u00ea encontrar\u00e1 o formato de uma partida de Craps a dinheiro real.<\/p>\n<div class=\"col-box\"><div class=\"col-box--1-2 \" style=\"\">\n<h3>Come Out<\/h3>\n<p>O jogo come\u00e7a com um\u00a0<em>Come Out<\/em>, o lan\u00e7amento de dados que inicia o jogo. Neste momento, o jogo ainda n\u00e3o possui um\u00a0<em>Point<\/em>, sendo sinalizado pela placa de \u201cOFF\u201d, assim como na interface visual de sua tela.<\/p>\n<p>Nesta fase do jogo, voc\u00ea poder\u00e1 fazer dois tipos de aposta:\u00a0<em>Pass Line<\/em>\u00a0ou\u00a0<em>Don\u2019t Pass Line<\/em>.<\/p>\n<p>Na aposta de\u00a0<em>Pass Line<\/em>\u00a0voc\u00ea ganhar\u00e1 imediatamente se o resultado dos dados for 7 ou 11, mas perde se o resultado for 2, 3 ou 12.<\/p>\n<p>Na\u00a0<em>Don\u2019t Pass Line<\/em>\u00a0voc\u00ea ganhar\u00e1 imediatamente se o resultado dos dados for 2 ou 3, mas perde se o resultado for 7 ou 11. No caso de um 12, a aposta \u00e9 considerada um empate e devolvida aos seus fundos.<\/p>\n<p>Se o resultado nos dados foi qualquer um destes n\u00fameros, o jogo n\u00e3o mudar\u00e1 de fase, com uma nova rodada\u00a0<em>Come Out<\/em>\u00a0se iniciando no pr\u00f3ximo turno.<\/p>\n<p>Quando o resultado for 4, 5, 6, 8, 9 ou 10, tal n\u00famero ser\u00e1 chamado de\u00a0<em>Point<\/em>. Neste momento, a placa \u00e9 virada e marcada como \u201cON\u201d, sinalizando o atual n\u00famero de\u00a0<em>Point<\/em>.<\/p>\n<\/div> <div class=\"col-box--2-2 \" style=\"\">\n<h3>Point<\/h3>\n<p>Sempre que um\u00a0<em>Point<\/em>\u00a0estiver ativo, o jogo entrar\u00e1 em sua segunda fase, a\u00a0<em>Point Roll<\/em>. Nesta fase, os dados continuam a ser jogados at\u00e9 que o resultado seja 7 ou um valor igual ao\u00a0<em>Point<\/em>.<\/p>\n<p>A partir deste momento, novas apostas podem ser feitas, mas n\u00e3o s\u00e3o obrigat\u00f3rias. Voc\u00ea pode optar por manter sua aposta no\u00a0<em>Pass Line<\/em>\u00a0ou no\u00a0<em>Don\u2019t Pass Line<\/em>, ou fazer uma nova aposta em outra rolagem (que explicaremos melhor mais adiante).<\/p>\n<p>Nas rodadas\u00a0<em>Point Roll<\/em>, se os dados resultarem em um valor igual ao\u00a0<em>Point<\/em>, jogadores com apostas na\u00a0<em>Pass Line<\/em>\u00a0ganham.<\/p>\n<p>Se os dados resultarem no n\u00famero 7 na rodada\u00a0<em>Point Roll<\/em>, ent\u00e3o aqueles com apostas na\u00a0<em>Don\u2019t Pass<\/em>\u00a0Line ganham.<\/p>\n<\/div><\/div>\n<\/div><div class=\"divide  \" style=\"background-color:; margin:;\">\r\n        <div class=\"container\">\r\n            <div class=\"\" style=\"padding: 2rem 0 8rem 0rem;\">\n<h2 id=\"4-mesa-de-craps\">Mesa de Craps<\/h2>\n<p>A mesa de Craps \u00e9 sem sombra de d\u00favida a mais bela e imponente mesa de jogo encontrada em cassinos.<\/p>\n<p>Por mais que, em um primeiro momento, ela possa parecer confusa, com op\u00e7\u00f5es demais, quando entendemos as regras de Craps fica tudo muito claro.<\/p>\n<p>Lembre-se tamb\u00e9m que algumas mesas de Craps s\u00e3o espelhadas, onde o lado esquerdo \u00e9 id\u00eantico ao direito. Isso \u00e9 feito em cassinos f\u00edsicos para que jogadores em todas as posi\u00e7\u00f5es da mesa possam ver as op\u00e7\u00f5es de jogo.<\/p>\n<p>Por padr\u00e3o, na parte de cima da mesa, onde fica o crupi\u00ea, voc\u00ea encontrar\u00e1 as apostas\u00a0<em>Place<\/em>. No meio teremos as apostas\u00a0<em>Come<\/em>\u00a0e\u00a0<em>Field<\/em>.<\/p>\n<p>Perto de voc\u00ea, na parte de baixo, s\u00e3o encontradas as apostas\u00a0<em>Pass Line<\/em>\u00a0e\u00a0<em>Don\u2019t Pass Line<\/em>. J\u00e1 no meio da mesa temos as\u00a0<em>Hardline<\/em>, um grupo de apostas parecido com as apostas paralelas em\u00a0<a href=\"https:\/\/www.sevenjackpots.com\/br\/blackjack-online\/\">blackjack<\/a>.<\/p>\n<\/div><\/div><\/div><div class=\"container\">\n<div class=\"box-text\" style=\"margin-top:-120px;\">\n<h2 id=\"5-termos-de-craps\">Termos de Craps<\/h2>\n<p>Uma coisa que chama muita aten\u00e7\u00e3o dos jogadores que querem aprender a jogar Craps s\u00e3o os termos em ingl\u00eas usados para descrever jogadas e apostas. Ser\u00e1 que \u00e9 preciso aprender outra l\u00edngua para jogar Craps?<\/p>\n<p>N\u00e3o se preocupe. Apesar dos termos de Craps serem usados na l\u00edngua inglesa, eles s\u00e3o f\u00e1ceis de pegar e assimilar.<\/p>\n<p>Para facilitar sua vida, montamos uma lista com a terminologia de cada palavra. Acompanhe:<\/p>\n<p><strong>Pass Line<\/strong>\u00a0\u2013 Aposta padr\u00e3o feita durante uma rodada\u00a0<em>Come Out<\/em>. Ela ganha com um 7 ou 11 e perde com um 2, 3 ou 12. Se o resultado for um\u00a0<em>Point<\/em>, ela passa para a pr\u00f3xima fase.<\/p>\n<p><strong>Don\u2019t Pass<\/strong>\u00a0\u2013 Igual ao anterior, mas voc\u00ea perde com um 7 ou 11 e ganha com um 2, 3 ou 12.<\/p>\n<p><strong>Come Out Roll<\/strong>\u00a0\u2013 \u00c9 a rodada que inicia o jogo de Craps, passando para pr\u00f3xima fase caso o resultado seja um\u00a0<em>Point<\/em>.<\/p>\n<p><strong>Point<\/strong>\u00a0\u2013 \u00c9 o n\u00famero obtido na rodada\u00a0<em>Come Out<\/em>, quando o resultado do teste \u00e9 4, 5, 6, 8, 9 ou 10.<\/p>\n<p><strong>Marker<\/strong>\u00a0\u2013 \u00c9 a placa que sinaliza se o jogo est\u00e1 na fase\u00a0<em>Come Out<\/em>\u00a0ou na fase\u00a0<em>Point<\/em>. Sinalizando um \u201cOFF\u201d, o jogo est\u00e1 no\u00a0<em>Come Out<\/em>. Ele \u00e9 colocado em \u201cON\u201d sobre o n\u00famero\u00a0<em>Point<\/em>\u00a0para sinaliz\u00e1-lo.<\/p>\n<p><strong>Odds<\/strong>\u00a0\u2013 Um tipo de aposta que pode ser feita quando existe um n\u00famero\u00a0<em>Point<\/em>, com um valor determinado de acordo com sua aposta no\u00a0<em>Pass Line<\/em>.<\/p>\n<p><strong>Place Bet<\/strong>\u00a0\u2013 Aposta em um n\u00famero espec\u00edfico ap\u00f3s o\u00a0<em>Point<\/em>\u00a0ser estabelecido.<\/p>\n<p><strong>Field Bet<\/strong>\u00a0\u2013 Uma aposta combinada que cobre v\u00e1rios n\u00fameros: 2, 3, 4, 9, 10, 11 e 12, pagando o dobro com um 2 e 12.<\/p>\n<p><strong>Come Bet<\/strong>\u00a0\u2013 \u00c9 como uma aposta no\u00a0<em>Pass Line<\/em>, mas ap\u00f3s a\u00a0<em>Come Out<\/em>\u00a0ter sido feita.<\/p>\n<p><strong>Don\u2019t Come Bet<\/strong>\u00a0\u2013 Como uma aposta no\u00a0<em>Don\u2019t Pass Line<\/em>, mas ap\u00f3s a\u00a0<em>Come Out<\/em>\u00a0ter sido feita.<\/p>\n<p><strong>Crap<\/strong>\u00a0\u2013 Os n\u00fameros chamados de Craps s\u00e3o os n\u00fameros 2, 3 e 12.<\/p>\n<p><strong>Seven Out<\/strong>\u00a0\u2013 Termo usado pelo crupi\u00ea ao vivo quando 7 \u00e9 rolado na\u00a0<em>Come Out<\/em>.<\/p>\n<p><strong>Hardline Bet<\/strong>\u00a0\u2013 Um tipo aposta feita no resultado de ambos os dados, como, por exemplo, 4 (2+2).<\/p>\n<\/div>\n<h2 id=\"6-regras-de-craps-ao-vivo\">Regras de Craps ao vivo<\/h2>\n<p>Apostas em Craps em uma mesa com um crupi\u00ea\u00a0<a href=\"https:\/\/www.sevenjackpots.com\/br\/cassino-ao-vivo\/\">ao vivo<\/a>\u00a0s\u00e3o iguais \u00e0quelas encontradas em cassinos f\u00edsicos.<\/p>\n<p>O crupi\u00ea \u00e9 respons\u00e1vel pela mesa, cantando o resultado dos dados e reabastecendo o bra\u00e7o mec\u00e2nico usado para arremess\u00e1-los.<\/p>\n<p>O crupi\u00ea tamb\u00e9m move a placa de \u201cON\/OFF\u201d, sinalizando o est\u00e1gio do jogo e o n\u00famero\u00a0<em>Point<\/em>.<\/p>\n<p>Como a mesa de Craps em um cassino est\u00fadio n\u00e3o est\u00e1 cercada pelo p\u00fablico e todos os dados matem\u00e1ticos s\u00e3o automaticamente calculados para cada apostador, o crupi\u00ea \u00e9 capaz de guiar o jogo sozinho, algo que n\u00e3o aconteceria em um cassino f\u00edsico.<\/p>\n<p>Nestes, mesas de Craps podem ter at\u00e9 quatro dealers ao mesmo tempo!<\/p>\n<p>\n<h2 id=\"7-como-aumentar-suas-chances-de-ganhar-em-craps\">Como aumentar suas chances de ganhar em Craps?<\/h2>\n<p>O primeiro passo para ganhar no Craps voc\u00ea j\u00e1 deu: acompanhar os guias de Craps online da SevenJackpots.<\/p>\n<p>Para alcan\u00e7ar um novo patamar em suas apostas, voc\u00ea deve utilizar as melhores\u00a0<a href=\"https:\/\/www.sevenjackpots.com\/br\/craps-online\/estrategia-de-craps\/\">estrat\u00e9gias de Craps<\/a>.<\/p>\n<p>\u00c9 claro, voc\u00ea n\u00e3o \u00e9 obrigado a us\u00e1-las, podendo apenas apostar e se divertir. Mas se estiver atr\u00e1s de mais vit\u00f3rias, voc\u00ea definitivamente deveria testar uma estrat\u00e9gia de cassino online.<\/p>\n<p>Como \u00faltima dica, relembramos: aposte sempre de forma respons\u00e1vel, respeitando sua banca e mantendo suas apostas saud\u00e1veis.<\/p>\n<h2 id=\"8-guias-de-craps-online\">Guias de Craps Online<\/h2>\n<p><span style=\"font-weight: 400;\"><\/span><\/p>\n","protected":false},"excerpt":{"rendered":"<p>Melhores Cassinos Para Jogar Craps Regras de Craps Online Voc\u00ea j\u00e1 deve ter visto uma [&hellip;]<\/p>\n","protected":false},"author":4,"featured_media":23623,"parent":33758,"menu_order":0,"comment_status":"closed","ping_status":"closed","template":"","meta":{"_acf_changed":false,"footnotes":""},"categories":[812],"tags":[1361],"class_list":["post-33775","page","type-page","status-publish","has-post-thumbnail","hentry","category-uncategorized-br","tag-craps-br"],"yoast_head":"<!-- This site is optimized with the Yoast SEO Premium plugin v26.0 (Yoast SEO v27.5) - https:\/\/yoast.com\/product\/yoast-seo-premium-wordpress\/ -->\n<title>Regras de Craps - SevenJackpots<\/title>\n<meta name=\"description\" content=\"Destrinchamos as regras de Craps para que voc\u00ea possa jogar com confian\u00e7a nos melhores cassinos. Aprenda tudo sobre o jogo Craps online!\" \/>\n<meta name=\"robots\" content=\"index, follow, max-snippet:-1, max-image-preview:large, max-video-preview:-1\" \/>\n<link rel=\"canonical\" href=\"https:\/\/www.sevenjackpots.com\/br\/craps-online\/regras-de-craps\/\" \/>\n<meta property=\"og:locale\" content=\"en_US\" \/>\n<meta property=\"og:type\" content=\"article\" \/>\n<meta property=\"og:title\" content=\"Regras de Craps\" \/>\n<meta property=\"og:description\" content=\"Melhores Cassinos Para Jogar Craps Regras de Craps Online Voc\u00ea j\u00e1 deve ter visto uma mesa do jogo Craps, cheia de n\u00fameros e op\u00e7\u00f5es de aposta. Assim como\" \/>\n<meta property=\"og:url\" content=\"https:\/\/www.sevenjackpots.com\/br\/craps-online\/regras-de-craps\/\" \/>\n<meta property=\"og:site_name\" content=\"SevenJackpots - India&#039;s Best Online Casino Guide\" \/>\n<meta property=\"article:publisher\" content=\"https:\/\/www.facebook.com\/Sevenjackpots.in\/\" \/>\n<meta property=\"article:modified_time\" content=\"2024-11-29T10:34:59+00:00\" \/>\n<meta property=\"og:image\" content=\"https:\/\/www.sevenjackpots.com\/wp-content\/uploads\/2021\/04\/online-craps-rules-banner.jpg\" \/>\n\t<meta property=\"og:image:width\" content=\"1600\" \/>\n\t<meta property=\"og:image:height\" content=\"1067\" \/>\n\t<meta property=\"og:image:type\" content=\"image\/jpeg\" \/>\n<meta name=\"twitter:card\" content=\"summary_large_image\" \/>\n<meta name=\"twitter:label1\" content=\"Est. tempo de leitura\" \/>\n\t<meta name=\"twitter:data1\" content=\"6 minutos\" \/>\n<script type=\"application\/ld+json\" class=\"yoast-schema-graph\">{\"@context\":\"https:\\\/\\\/schema.org\",\"@graph\":[{\"@type\":\"WebPage\",\"@id\":\"https:\\\/\\\/www.sevenjackpots.com\\\/br\\\/craps-online\\\/regras-de-craps\\\/\",\"url\":\"https:\\\/\\\/www.sevenjackpots.com\\\/br\\\/craps-online\\\/regras-de-craps\\\/\",\"name\":\"Regras de Craps - SevenJackpots\",\"isPartOf\":{\"@id\":\"https:\\\/\\\/www.sevenjackpots.com\\\/br\\\/#website\"},\"primaryImageOfPage\":{\"@id\":\"https:\\\/\\\/www.sevenjackpots.com\\\/br\\\/craps-online\\\/regras-de-craps\\\/#primaryimage\"},\"image\":{\"@id\":\"https:\\\/\\\/www.sevenjackpots.com\\\/br\\\/craps-online\\\/regras-de-craps\\\/#primaryimage\"},\"thumbnailUrl\":\"https:\\\/\\\/www.sevenjackpots.com\\\/wp-content\\\/uploads\\\/2021\\\/04\\\/online-craps-rules-banner.jpg\",\"datePublished\":\"2024-06-14T08:52:38+00:00\",\"dateModified\":\"2024-11-29T10:34:59+00:00\",\"description\":\"Destrinchamos as regras de Craps para que voc\u00ea possa jogar com confian\u00e7a nos melhores cassinos. Aprenda tudo sobre o jogo Craps online!\",\"inLanguage\":\"pt-BR\",\"potentialAction\":[{\"@type\":\"ReadAction\",\"target\":[\"https:\\\/\\\/www.sevenjackpots.com\\\/br\\\/craps-online\\\/regras-de-craps\\\/\"]}]},{\"@type\":\"ImageObject\",\"inLanguage\":\"pt-BR\",\"@id\":\"https:\\\/\\\/www.sevenjackpots.com\\\/br\\\/craps-online\\\/regras-de-craps\\\/#primaryimage\",\"url\":\"https:\\\/\\\/www.sevenjackpots.com\\\/wp-content\\\/uploads\\\/2021\\\/04\\\/online-craps-rules-banner.jpg\",\"contentUrl\":\"https:\\\/\\\/www.sevenjackpots.com\\\/wp-content\\\/uploads\\\/2021\\\/04\\\/online-craps-rules-banner.jpg\",\"width\":1600,\"height\":1067,\"caption\":\"mesa de Craps ao vivo.\"},{\"@type\":\"BreadcrumbList\",\"@id\":\"https:\\\/\\\/www.sevenjackpots.com\\\/br\\\/craps-online\\\/regras-de-craps\\\/#breadcrumb\",\"itemListElement\":[{\"@type\":\"ListItem\",\"position\":1,\"name\":\"Home\",\"item\":\"https:\\\/\\\/www.sevenjackpots.com\\\/br\\\/\"},{\"@type\":\"ListItem\",\"position\":2,\"name\":\"Craps\",\"item\":\"https:\\\/\\\/www.sevenjackpots.com\\\/br\\\/craps-online\\\/\"},{\"@type\":\"ListItem\",\"position\":3,\"name\":\"Regras de Craps\"}]},{\"@type\":\"WebSite\",\"@id\":\"https:\\\/\\\/www.sevenjackpots.com\\\/br\\\/#website\",\"url\":\"https:\\\/\\\/www.sevenjackpots.com\\\/br\\\/\",\"name\":\"SevenJackpots - India's Best Online Casino Guide\",\"description\":\"\",\"publisher\":{\"@id\":\"https:\\\/\\\/www.sevenjackpots.com\\\/br\\\/#organization\"},\"potentialAction\":[{\"@type\":\"SearchAction\",\"target\":{\"@type\":\"EntryPoint\",\"urlTemplate\":\"https:\\\/\\\/www.sevenjackpots.com\\\/br\\\/?s={search_term_string}\"},\"query-input\":{\"@type\":\"PropertyValueSpecification\",\"valueRequired\":true,\"valueName\":\"search_term_string\"}}],\"inLanguage\":\"pt-BR\"},{\"@type\":\"Organization\",\"@id\":\"https:\\\/\\\/www.sevenjackpots.com\\\/br\\\/#organization\",\"name\":\"SevenJackpots\",\"url\":\"https:\\\/\\\/www.sevenjackpots.com\\\/br\\\/\",\"logo\":{\"@type\":\"ImageObject\",\"inLanguage\":\"pt-BR\",\"@id\":\"https:\\\/\\\/www.sevenjackpots.com\\\/br\\\/#\\\/schema\\\/logo\\\/image\\\/\",\"url\":\"https:\\\/\\\/www.sevenjackpots.com\\\/wp-content\\\/uploads\\\/2024\\\/09\\\/sevenjackpots-yoast.png\",\"contentUrl\":\"https:\\\/\\\/www.sevenjackpots.com\\\/wp-content\\\/uploads\\\/2024\\\/09\\\/sevenjackpots-yoast.png\",\"width\":750,\"height\":750,\"caption\":\"SevenJackpots\"},\"image\":{\"@id\":\"https:\\\/\\\/www.sevenjackpots.com\\\/br\\\/#\\\/schema\\\/logo\\\/image\\\/\"},\"sameAs\":[\"https:\\\/\\\/www.facebook.com\\\/Sevenjackpots.in\\\/\",\"https:\\\/\\\/www.youtube.com\\\/channel\\\/UCn-K2LNaXT1XckDT1l8MnfA\",\"https:\\\/\\\/www.instagram.com\\\/sevenjackpots\\\/\"]}]}<\/script>\n<!-- \/ Yoast SEO Premium plugin. -->","yoast_head_json":{"title":"Regras de Craps - SevenJackpots","description":"Destrinchamos as regras de Craps para que voc\u00ea possa jogar com confian\u00e7a nos melhores cassinos. Aprenda tudo sobre o jogo Craps online!","robots":{"index":"index","follow":"follow","max-snippet":"max-snippet:-1","max-image-preview":"max-image-preview:large","max-video-preview":"max-video-preview:-1"},"canonical":"https:\/\/www.sevenjackpots.com\/br\/craps-online\/regras-de-craps\/","og_locale":"en_US","og_type":"article","og_title":"Regras de Craps","og_description":"Melhores Cassinos Para Jogar Craps Regras de Craps Online Voc\u00ea j\u00e1 deve ter visto uma mesa do jogo Craps, cheia de n\u00fameros e op\u00e7\u00f5es de aposta. Assim como","og_url":"https:\/\/www.sevenjackpots.com\/br\/craps-online\/regras-de-craps\/","og_site_name":"SevenJackpots - India&#039;s Best Online Casino Guide","article_publisher":"https:\/\/www.facebook.com\/Sevenjackpots.in\/","article_modified_time":"2024-11-29T10:34:59+00:00","og_image":[{"width":1600,"height":1067,"url":"https:\/\/www.sevenjackpots.com\/wp-content\/uploads\/2021\/04\/online-craps-rules-banner.jpg","type":"image\/jpeg"}],"twitter_card":"summary_large_image","twitter_misc":{"Est. tempo de leitura":"6 minutos"},"schema":{"@context":"https:\/\/schema.org","@graph":[{"@type":"WebPage","@id":"https:\/\/www.sevenjackpots.com\/br\/craps-online\/regras-de-craps\/","url":"https:\/\/www.sevenjackpots.com\/br\/craps-online\/regras-de-craps\/","name":"Regras de Craps - SevenJackpots","isPartOf":{"@id":"https:\/\/www.sevenjackpots.com\/br\/#website"},"primaryImageOfPage":{"@id":"https:\/\/www.sevenjackpots.com\/br\/craps-online\/regras-de-craps\/#primaryimage"},"image":{"@id":"https:\/\/www.sevenjackpots.com\/br\/craps-online\/regras-de-craps\/#primaryimage"},"thumbnailUrl":"https:\/\/www.sevenjackpots.com\/wp-content\/uploads\/2021\/04\/online-craps-rules-banner.jpg","datePublished":"2024-06-14T08:52:38+00:00","dateModified":"2024-11-29T10:34:59+00:00","description":"Destrinchamos as regras de Craps para que voc\u00ea possa jogar com confian\u00e7a nos melhores cassinos. Aprenda tudo sobre o jogo Craps online!","inLanguage":"pt-BR","potentialAction":[{"@type":"ReadAction","target":["https:\/\/www.sevenjackpots.com\/br\/craps-online\/regras-de-craps\/"]}]},{"@type":"ImageObject","inLanguage":"pt-BR","@id":"https:\/\/www.sevenjackpots.com\/br\/craps-online\/regras-de-craps\/#primaryimage","url":"https:\/\/www.sevenjackpots.com\/wp-content\/uploads\/2021\/04\/online-craps-rules-banner.jpg","contentUrl":"https:\/\/www.sevenjackpots.com\/wp-content\/uploads\/2021\/04\/online-craps-rules-banner.jpg","width":1600,"height":1067,"caption":"mesa de Craps ao vivo."},{"@type":"BreadcrumbList","@id":"https:\/\/www.sevenjackpots.com\/br\/craps-online\/regras-de-craps\/#breadcrumb","itemListElement":[{"@type":"ListItem","position":1,"name":"Home","item":"https:\/\/www.sevenjackpots.com\/br\/"},{"@type":"ListItem","position":2,"name":"Craps","item":"https:\/\/www.sevenjackpots.com\/br\/craps-online\/"},{"@type":"ListItem","position":3,"name":"Regras de Craps"}]},{"@type":"WebSite","@id":"https:\/\/www.sevenjackpots.com\/br\/#website","url":"https:\/\/www.sevenjackpots.com\/br\/","name":"SevenJackpots - India's Best Online Casino Guide","description":"","publisher":{"@id":"https:\/\/www.sevenjackpots.com\/br\/#organization"},"potentialAction":[{"@type":"SearchAction","target":{"@type":"EntryPoint","urlTemplate":"https:\/\/www.sevenjackpots.com\/br\/?s={search_term_string}"},"query-input":{"@type":"PropertyValueSpecification","valueRequired":true,"valueName":"search_term_string"}}],"inLanguage":"pt-BR"},{"@type":"Organization","@id":"https:\/\/www.sevenjackpots.com\/br\/#organization","name":"SevenJackpots","url":"https:\/\/www.sevenjackpots.com\/br\/","logo":{"@type":"ImageObject","inLanguage":"pt-BR","@id":"https:\/\/www.sevenjackpots.com\/br\/#\/schema\/logo\/image\/","url":"https:\/\/www.sevenjackpots.com\/wp-content\/uploads\/2024\/09\/sevenjackpots-yoast.png","contentUrl":"https:\/\/www.sevenjackpots.com\/wp-content\/uploads\/2024\/09\/sevenjackpots-yoast.png","width":750,"height":750,"caption":"SevenJackpots"},"image":{"@id":"https:\/\/www.sevenjackpots.com\/br\/#\/schema\/logo\/image\/"},"sameAs":["https:\/\/www.facebook.com\/Sevenjackpots.in\/","https:\/\/www.youtube.com\/channel\/UCn-K2LNaXT1XckDT1l8MnfA","https:\/\/www.instagram.com\/sevenjackpots\/"]}]}},"acf":[],"_links":{"self":[{"href":"https:\/\/www.sevenjackpots.com\/br\/wp-json\/wp\/v2\/pages\/33775","targetHints":{"allow":["GET"]}}],"collection":[{"href":"https:\/\/www.sevenjackpots.com\/br\/wp-json\/wp\/v2\/pages"}],"about":[{"href":"https:\/\/www.sevenjackpots.com\/br\/wp-json\/wp\/v2\/types\/page"}],"author":[{"embeddable":true,"href":"https:\/\/www.sevenjackpots.com\/br\/wp-json\/wp\/v2\/users\/4"}],"replies":[{"embeddable":true,"href":"https:\/\/www.sevenjackpots.com\/br\/wp-json\/wp\/v2\/comments?post=33775"}],"version-history":[{"count":6,"href":"https:\/\/www.sevenjackpots.com\/br\/wp-json\/wp\/v2\/pages\/33775\/revisions"}],"predecessor-version":[{"id":38753,"href":"https:\/\/www.sevenjackpots.com\/br\/wp-json\/wp\/v2\/pages\/33775\/revisions\/38753"}],"up":[{"embeddable":true,"href":"https:\/\/www.sevenjackpots.com\/br\/wp-json\/wp\/v2\/pages\/33758"}],"wp:featuredmedia":[{"embeddable":true,"href":"https:\/\/www.sevenjackpots.com\/br\/wp-json\/wp\/v2\/media\/23623"}],"wp:attachment":[{"href":"https:\/\/www.sevenjackpots.com\/br\/wp-json\/wp\/v2\/media?parent=33775"}],"wp:term":[{"taxonomy":"category","embeddable":true,"href":"https:\/\/www.sevenjackpots.com\/br\/wp-json\/wp\/v2\/categories?post=33775"},{"taxonomy":"post_tag","embeddable":true,"href":"https:\/\/www.sevenjackpots.com\/br\/wp-json\/wp\/v2\/tags?post=33775"}],"curies":[{"name":"wp","href":"https:\/\/api.w.org\/{rel}","templated":true}]}}