{"id":33779,"date":"2024-06-14T08:59:33","date_gmt":"2024-06-14T08:59:33","guid":{"rendered":"https:\/\/www.sevenjackpots.com\/?page_id=33779"},"modified":"2025-04-24T11:30:10","modified_gmt":"2025-04-24T11:30:10","slug":"apostas-em-craps","status":"publish","type":"page","link":"https:\/\/www.sevenjackpots.com\/br\/craps-online\/apostas-em-craps\/","title":{"rendered":"Apostas em Craps"},"content":{"rendered":"<h2 id=\"1-melhores-cassinos-para-jogar-craps\">Melhores Cassinos Para Jogar Craps<\/h2>\n<\/p>\n<h2 id=\"2-apostas-padrao\">Apostas padr\u00e3o<\/h2>\n<p>Se voc\u00ea j\u00e1 passou pelo nosso guia de Craps em\u00a0<a href=\"https:\/\/www.sevenjackpots.com\/br\/cassinos-online\/\">cassinos online<\/a>, sabe que diferentes tipos de apostas est\u00e3o dispon\u00edveis de acordo com o est\u00e1gio do jogo.<\/p>\n<p>Quando o jogo est\u00e1 na fase de\u00a0<em>Come Out<\/em>, as apostas s\u00e3o feitas apenas no\u00a0<em>Pass Line<\/em>\u00a0ou no\u00a0<em>Don\u2019t Pass Line<\/em>.<\/p>\n<p>Uma vez que um n\u00famero\u00a0<em>Point<\/em>\u00a0\u00e9 definido, novas op\u00e7\u00f5es de apostas surgem. Vamos conhecer todas as op\u00e7\u00f5es de apostas em Craps:<\/p>\n<div class=\"col-box\"><div class=\"col-box--1-2 \" style=\"\">\n<h3>Pass Line<\/h3>\n<p>Esta \u00e9, em disparado, a op\u00e7\u00e3o mais comum de aposta em Craps. Ela s\u00f3 pode ser feita quando o jogo est\u00e1 na fase de\u00a0<em>Come Out<\/em>, com a placa sinalizando \u201cOFF\u201d.<\/p>\n<p>Este tipo de aposta \u00e9 vitoriosa quando o resultado \u00e9 7 ou 11, perdendo no caso de um 2, 3 ou 12. Ela \u00e9 movida para o n\u00famero\u00a0<em>Point\u00a0<\/em>quando qualquer outro resultado \u00e9 rolado.<\/p>\n<p>Quando existe um n\u00famero\u00a0<em>Point<\/em>\u00a0ativo, com o sinal de \u201cON\u201d, ela ganha quando o n\u00famero\u00a0<em>Point<\/em>\u00a0\u00e9 rolado, perdendo caso saia um resultado de 7.<\/p>\n<p>Vale ainda mencionar que neste tipo de aposta a margem da casa \u00e9 de apenas 1.41%.<\/p>\n<\/div> <div class=\"col-box--2-2 \" style=\"\">\n<h3>Don\u2019t Pass Line<\/h3>\n<p>Esta aposta funciona como a\u00a0<em>Pass Line<\/em>\u00a0de forma invertida. Sendo assim, ela s\u00f3 pode ser feita durante a\u00a0<em>Come Out Roll<\/em>, ganhando caso o resultado seja 2 ou 3.<\/p>\n<p>A aposta perde com um resultado de 7 ou 11. No caso de um 12, \u00e9 considerado empate, retornando o valor da aposta ao jogador.<\/p>\n<p>Se outro n\u00famero for rolado, estabelecendo um\u00a0<em>Point<\/em>, ela ganhar\u00e1 com um n\u00famero 7 e perder\u00e1 caso o resultado dos dados seja igual ao\u00a0<em>Point<\/em>.<\/p>\n<p>Nesta aposta, a vantagem da casa \u00e9 ainda menor: 1.36%.<\/p>\n<\/div><\/div>\n<div class=\"col-box\"><div class=\"col-box--1-2 \" style=\"\">\n<h3>Come Bet<\/h3>\n<p>Apostas iguais a\u00a0<em>Pass Line<\/em>, feitas ap\u00f3s um\u00a0<em>Point<\/em>\u00a0estabelecido, que pagam quanto o n\u00famero tirado \u00e9 7 ou 11.<\/p>\n<p>Se for obtido um 4, 5, 6, 8, 9 ou 10, sua aposta\u00a0<em>Come<\/em>\u00a0\u00e9 transferida para tal n\u00famero, permitindo uma vit\u00f3ria se tal n\u00famero for rolado antes de um 7.<\/p>\n<\/div> <div class=\"col-box--2-2 \" style=\"\">\n<h3>Don\u2019t Come<\/h3>\n<p>Assim como a\u00a0<em>Don\u2019t Pass Line<\/em>\u00a0\u00e9 uma\u00a0<em>Pass Line<\/em>\u00a0invertida, a\u00a0<em>Don\u2019t Come<\/em>\u00a0tamb\u00e9m \u00e9 uma\u00a0<em>Come<\/em>\u00a0ao contr\u00e1rio.<\/p>\n<p>Ela ganha com resultado de 2 ou 3, perdendo com um 7 ou 11.<\/p>\n<p>Caso se mova para um n\u00famero\u00a0<em>Point<\/em>, ela passa a ganhar com um 7, perdendo com um n\u00famero igual ao\u00a0<em>Point<\/em>.<\/p>\n<\/div><\/div>\n<div class=\"col-box\"><div class=\"col-box--1-3 \" style=\"\">\n<h3>Place<\/h3>\n<p>\u00c9 uma aposta feita em um n\u00famero espec\u00edfico, que deve sair antes do n\u00famero 7 ou do n\u00famero\u00a0<em>Point<\/em>.<\/p>\n<p>As op\u00e7\u00f5es de n\u00fameros s\u00e3o 4, 5, 6, 8, 9 ou 10. A margem da casa fica assim:<\/p>\n<ul>\n<li>6 ou 8: 1.52%<\/li>\n<li>5 ou 9: 4%<\/li>\n<li>4 ou 10: 6.67%<\/li>\n<\/ul>\n<\/div> <div class=\"col-box--2-3 \"  style=\"\">\n<h3>Field<\/h3>\n<p>S\u00e3o apostas vitoriosas quando o resultado \u00e9 2, 3, 4, 9, 10, 11 ou 12, ou seja, sete n\u00fameros de uma s\u00f3 vez. No caso de um 2 ou 12, os ganhos s\u00e3o dobrados.<\/p>\n<p>A margem da casa neste tipo de aposta \u00e9 5.5%. Ela entra no grupo das\u00a0<em>Single Roll Bets<\/em>, valendo apenas para uma rolagem de dados.<\/p>\n<\/div> <div class=\"col-box--3-3 \"  style=\"\">\n<h3>Odds<\/h3>\n<p>O\u00a0<em>Take Odds<\/em>\u00a0\u00e9 uma aposta no\u00a0<em>Pass Line<\/em>\u00a0ap\u00f3s um n\u00famero\u00a0<em>Point<\/em>\u00a0ser determinado, pagando se o n\u00famero for tirado antes do 7.<\/p>\n<p>J\u00e1 o\u00a0<em>Lay Odds<\/em>\u00a0\u00e9 uma aposta que \u00e9 o inverso, ganhando se n\u00famero 7 for tirado.<\/p>\n<p>Ela \u00e9 considerada uma das melhores apostas de cassino, j\u00e1 que a margem da casa \u00e9 0%.<\/p>\n<\/div><\/div>\n<p>\n<h2 id=\"3-apostas-avancadas-em-craps-a-dinheiro-real\">Apostas avan\u00e7adas em Craps a dinheiro real<\/h2>\n<p>Pensou que tinha acabado? Nada disso! O jogo de Craps de cassino online ainda tem muitas outras op\u00e7\u00f5es de aposta para voc\u00ea explorar.<\/p>\n<p>Apostando em rolagens mais espec\u00edficas, os multiplicadores de ganhos aumentam consideravelmente, podendo chegar at\u00e9 30x o valor apostado.<\/p>\n<p>Antes de seguir em frente, sugerimos que voc\u00ea tamb\u00e9m dedique um tempo para entender as\u00a0<a href=\"https:\/\/www.sevenjackpots.com\/br\/craps-online\/regras-de-craps\/\">regras de Craps<\/a>, adicionando conhecimento de jogo.<\/p>\n<p>Confira a seguir as op\u00e7\u00f5es de apostas avan\u00e7adas no jogo Craps:<\/p>\n<h3>Any Seven<\/h3>\n<p>Apostas feitas exclusivamente no n\u00famero 7.<\/p>\n<h3>Any Craps<\/h3>\n<p>Apostas \u00fanicas que pagam se o resultado for 2, 3 ou 12.<\/p>\n<h3>Craps<\/h3>\n<p>Uma aposta em um dos n\u00fameros de Craps, sendo eles 2, 3, 11 ou 12.<\/p>\n<h3>Horn<\/h3>\n<p>Este \u00e9 um modelo de aposta que divide o valor apostado entre os quatro n\u00fameros da aposta de Craps (2, 3, 11 ou 12), com pagamentos proporcionais.<\/p>\n<h3>Big 6\/8<\/h3>\n<p>Apostas colocadas no\u00a0<em>Big 6<\/em>\u00a0ou no\u00a0<em>Big 8<\/em>\u00a0ganham se o respectivo n\u00famero for tirado antes de um n\u00famero 7.<\/p>\n<h3>Hardway<\/h3>\n<p>Estas s\u00e3o apostas feitas em resultados com dados mostrando o mesmo n\u00famero. Exemplos: 4=2+2 ou 6=3+3.<\/p>\n<h3>Eleven (11)<\/h3>\n<p>Aposta feita no n\u00famero 11.<\/p>\n<h3>C &amp; E<\/h3>\n<p>Uma aposta que cobre todos os n\u00fameros Craps (2, 3 e 12) e a aposta no 11.<\/p>\n<\/p>\n<div class=\"box-text\" style=\"\">\n<h2 class=\"bold\" id=\"4-craps-apostas-e-pagamentos\">Craps apostas e pagamentos<\/h2>\n<table class=\"table-responsive table-responsive--theme\">\n<tbody>\n<tr>\n<th>Aposta<\/th>\n<th>Pagamento<\/th>\n<\/tr>\n<tr>\n<td>Pass Line \/ Don\u2019t Pass Line<\/td>\n<td>1:1<\/td>\n<\/tr>\n<tr>\n<td>Come \/ Don\u2019t Come<\/td>\n<td>1:1<\/td>\n<\/tr>\n<tr>\n<td>Take Odds Pass Line \/ Come<\/td>\n<td>4\/10 = 2:1, 5\/9 = 3:2, 6\/8 = 5:6<\/td>\n<\/tr>\n<tr>\n<td>Place Bet 4 ou 10<\/td>\n<td>9:5<\/td>\n<\/tr>\n<tr>\n<td>Place Bet 5 ou 9<\/td>\n<td>7:5<\/td>\n<\/tr>\n<tr>\n<td>Place Bet 6 ou 8<\/td>\n<td>7:6<\/td>\n<\/tr>\n<tr>\n<td>Place to Lose 4 ou 10<\/td>\n<td>5:11<\/td>\n<\/tr>\n<tr>\n<td>Place to Lose 5 ou 9<\/td>\n<td>5:8<\/td>\n<\/tr>\n<tr>\n<td>Place to Lose 6 ou 8<\/td>\n<td>4:5<\/td>\n<\/tr>\n<tr>\n<td>Hard 4 ou 10<\/td>\n<td>7:1<\/td>\n<\/tr>\n<tr>\n<td>Hard 6 ou 8<\/td>\n<td>9:1<\/td>\n<\/tr>\n<tr>\n<td>Field 3, 4, 9, 10, 11<\/td>\n<td>1:1<\/td>\n<\/tr>\n<tr>\n<td>Field 2 ou 12<\/td>\n<td>2:1<\/td>\n<\/tr>\n<tr>\n<td>N\u00famero 7<\/td>\n<td>4:1<\/td>\n<\/tr>\n<tr>\n<td>Craps<\/td>\n<td>7:1<\/td>\n<\/tr>\n<tr>\n<td>Craps 2<\/td>\n<td>30:1<\/td>\n<\/tr>\n<tr>\n<td>Craps 3<\/td>\n<td>15:1<\/td>\n<\/tr>\n<tr>\n<td>Craps 12<\/td>\n<td>30:1<\/td>\n<\/tr>\n<tr>\n<td>Craps<\/td>\n<td>7:1<\/td>\n<\/tr>\n<tr>\n<td>N\u00famero 11<\/td>\n<td>15:1<\/td>\n<\/tr>\n<tr>\n<td>C&amp;E<\/td>\n<td>2, 3 e 12 = 3:1 ou 11 = 7:1<\/td>\n<\/tr>\n<\/tbody>\n<\/table>\n<\/div>\n<p>\n<h2 id=\"5-qual-melhor-aposta-em-craps\">Qual melhor aposta em Craps?<\/h2>\n<p>Jogos de cassino online como Craps\u00a0<a href=\"https:\/\/www.sevenjackpots.com\/br\/cassino-ao-vivo\/\">ao vivo<\/a>\u00a0possuem apostas para todos os perfis de jogador.<\/p>\n<p>Aqueles que est\u00e3o iniciando ou que preferem manter um jogo mais simples costumam focar suas apostas apenas no\u00a0<em>Pass Line<\/em>\u00a0ou no\u00a0<em>Don\u2019t Pass Line<\/em>.<\/p>\n<p>Este tipo de aposta tem uma grande chance de acerto e uma baixa margem para a casa de apostas.<\/p>\n<p>Jogadores que buscam ainda mais emo\u00e7\u00e3o e diferentes chances de ganhar devem aproveitar as melhores\u00a0<a href=\"https:\/\/www.sevenjackpots.com\/br\/craps-online\/estrategia-de-craps\/\">estrat\u00e9gias de Craps<\/a>\u00a0e usar todo arsenal de apostas avan\u00e7adas a sua disposi\u00e7\u00e3o.<\/p>\n<p>Estas apostas possuem uma menor chance de acerto, mas os ganhos expressivos podem compensar o alto risco.<\/p>\n<h2 id=\"6-guias-de-craps-online\">Guias de Craps Online<\/h2>\n\n","protected":false},"excerpt":{"rendered":"<p>Melhores Cassinos Para Jogar Craps Apostas avan\u00e7adas em Craps a dinheiro real Pensou que tinha [&hellip;]<\/p>\n","protected":false},"author":4,"featured_media":23627,"parent":33758,"menu_order":0,"comment_status":"closed","ping_status":"closed","template":"","meta":{"_acf_changed":false,"footnotes":""},"categories":[812],"tags":[1361],"class_list":["post-33779","page","type-page","status-publish","has-post-thumbnail","hentry","category-uncategorized-br","tag-craps-br"],"yoast_head":"<!-- This site is optimized with the Yoast SEO Premium plugin v26.0 (Yoast SEO v27.5) - https:\/\/yoast.com\/product\/yoast-seo-premium-wordpress\/ -->\n<title>Apostas em Craps - SevenJackpots<\/title>\n<meta name=\"description\" content=\"Neste guia de Craps voc\u00ea vai aprender todas as apostas dispon\u00edveis no jogo. Aprenda a fazer apostas e maximize sua chance de vencer!\" \/>\n<meta name=\"robots\" content=\"index, follow, max-snippet:-1, max-image-preview:large, max-video-preview:-1\" \/>\n<link rel=\"canonical\" href=\"https:\/\/www.sevenjackpots.com\/br\/craps-online\/apostas-em-craps\/\" \/>\n<meta property=\"og:locale\" content=\"en_US\" \/>\n<meta property=\"og:type\" content=\"article\" \/>\n<meta property=\"og:title\" content=\"Apostas em Craps\" \/>\n<meta property=\"og:description\" content=\"Melhores Cassinos Para Jogar Craps Apostas avan\u00e7adas em Craps a dinheiro real Pensou que tinha acabado? Nada disso! O jogo de Craps de cassino online\" \/>\n<meta property=\"og:url\" content=\"https:\/\/www.sevenjackpots.com\/br\/craps-online\/apostas-em-craps\/\" \/>\n<meta property=\"og:site_name\" content=\"SevenJackpots - India&#039;s Best Online Casino Guide\" \/>\n<meta property=\"article:publisher\" content=\"https:\/\/www.facebook.com\/Sevenjackpots.in\/\" \/>\n<meta property=\"article:modified_time\" content=\"2025-04-24T11:30:10+00:00\" \/>\n<meta property=\"og:image\" content=\"https:\/\/www.sevenjackpots.com\/wp-content\/uploads\/2021\/04\/craps-bets-banner.png\" \/>\n\t<meta property=\"og:image:width\" content=\"1280\" \/>\n\t<meta property=\"og:image:height\" content=\"720\" \/>\n\t<meta property=\"og:image:type\" content=\"image\/png\" \/>\n<meta name=\"twitter:card\" content=\"summary_large_image\" \/>\n<meta name=\"twitter:label1\" content=\"Est. tempo de leitura\" \/>\n\t<meta name=\"twitter:data1\" content=\"5 minutos\" \/>\n<script type=\"application\/ld+json\" class=\"yoast-schema-graph\">{\"@context\":\"https:\\\/\\\/schema.org\",\"@graph\":[{\"@type\":\"WebPage\",\"@id\":\"https:\\\/\\\/www.sevenjackpots.com\\\/br\\\/craps-online\\\/apostas-em-craps\\\/\",\"url\":\"https:\\\/\\\/www.sevenjackpots.com\\\/br\\\/craps-online\\\/apostas-em-craps\\\/\",\"name\":\"Apostas em Craps - SevenJackpots\",\"isPartOf\":{\"@id\":\"https:\\\/\\\/www.sevenjackpots.com\\\/br\\\/#website\"},\"primaryImageOfPage\":{\"@id\":\"https:\\\/\\\/www.sevenjackpots.com\\\/br\\\/craps-online\\\/apostas-em-craps\\\/#primaryimage\"},\"image\":{\"@id\":\"https:\\\/\\\/www.sevenjackpots.com\\\/br\\\/craps-online\\\/apostas-em-craps\\\/#primaryimage\"},\"thumbnailUrl\":\"https:\\\/\\\/www.sevenjackpots.com\\\/wp-content\\\/uploads\\\/2021\\\/04\\\/craps-bets-banner.png\",\"datePublished\":\"2024-06-14T08:59:33+00:00\",\"dateModified\":\"2025-04-24T11:30:10+00:00\",\"description\":\"Neste guia de Craps voc\u00ea vai aprender todas as apostas dispon\u00edveis no jogo. Aprenda a fazer apostas e maximize sua chance de vencer!\",\"inLanguage\":\"pt-BR\",\"potentialAction\":[{\"@type\":\"ReadAction\",\"target\":[\"https:\\\/\\\/www.sevenjackpots.com\\\/br\\\/craps-online\\\/apostas-em-craps\\\/\"]}]},{\"@type\":\"ImageObject\",\"inLanguage\":\"pt-BR\",\"@id\":\"https:\\\/\\\/www.sevenjackpots.com\\\/br\\\/craps-online\\\/apostas-em-craps\\\/#primaryimage\",\"url\":\"https:\\\/\\\/www.sevenjackpots.com\\\/wp-content\\\/uploads\\\/2021\\\/04\\\/craps-bets-banner.png\",\"contentUrl\":\"https:\\\/\\\/www.sevenjackpots.com\\\/wp-content\\\/uploads\\\/2021\\\/04\\\/craps-bets-banner.png\",\"width\":1280,\"height\":720},{\"@type\":\"BreadcrumbList\",\"@id\":\"https:\\\/\\\/www.sevenjackpots.com\\\/br\\\/craps-online\\\/apostas-em-craps\\\/#breadcrumb\",\"itemListElement\":[{\"@type\":\"ListItem\",\"position\":1,\"name\":\"Home\",\"item\":\"https:\\\/\\\/www.sevenjackpots.com\\\/br\\\/\"},{\"@type\":\"ListItem\",\"position\":2,\"name\":\"Craps\",\"item\":\"https:\\\/\\\/www.sevenjackpots.com\\\/br\\\/craps-online\\\/\"},{\"@type\":\"ListItem\",\"position\":3,\"name\":\"Apostas em Craps\"}]},{\"@type\":\"WebSite\",\"@id\":\"https:\\\/\\\/www.sevenjackpots.com\\\/br\\\/#website\",\"url\":\"https:\\\/\\\/www.sevenjackpots.com\\\/br\\\/\",\"name\":\"SevenJackpots - India's Best Online Casino Guide\",\"description\":\"\",\"publisher\":{\"@id\":\"https:\\\/\\\/www.sevenjackpots.com\\\/br\\\/#organization\"},\"potentialAction\":[{\"@type\":\"SearchAction\",\"target\":{\"@type\":\"EntryPoint\",\"urlTemplate\":\"https:\\\/\\\/www.sevenjackpots.com\\\/br\\\/?s={search_term_string}\"},\"query-input\":{\"@type\":\"PropertyValueSpecification\",\"valueRequired\":true,\"valueName\":\"search_term_string\"}}],\"inLanguage\":\"pt-BR\"},{\"@type\":\"Organization\",\"@id\":\"https:\\\/\\\/www.sevenjackpots.com\\\/br\\\/#organization\",\"name\":\"SevenJackpots\",\"url\":\"https:\\\/\\\/www.sevenjackpots.com\\\/br\\\/\",\"logo\":{\"@type\":\"ImageObject\",\"inLanguage\":\"pt-BR\",\"@id\":\"https:\\\/\\\/www.sevenjackpots.com\\\/br\\\/#\\\/schema\\\/logo\\\/image\\\/\",\"url\":\"https:\\\/\\\/www.sevenjackpots.com\\\/wp-content\\\/uploads\\\/2024\\\/09\\\/sevenjackpots-yoast.png\",\"contentUrl\":\"https:\\\/\\\/www.sevenjackpots.com\\\/wp-content\\\/uploads\\\/2024\\\/09\\\/sevenjackpots-yoast.png\",\"width\":750,\"height\":750,\"caption\":\"SevenJackpots\"},\"image\":{\"@id\":\"https:\\\/\\\/www.sevenjackpots.com\\\/br\\\/#\\\/schema\\\/logo\\\/image\\\/\"},\"sameAs\":[\"https:\\\/\\\/www.facebook.com\\\/Sevenjackpots.in\\\/\",\"https:\\\/\\\/www.youtube.com\\\/channel\\\/UCn-K2LNaXT1XckDT1l8MnfA\",\"https:\\\/\\\/www.instagram.com\\\/sevenjackpots\\\/\"]}]}<\/script>\n<!-- \/ Yoast SEO Premium plugin. -->","yoast_head_json":{"title":"Apostas em Craps - SevenJackpots","description":"Neste guia de Craps voc\u00ea vai aprender todas as apostas dispon\u00edveis no jogo. Aprenda a fazer apostas e maximize sua chance de vencer!","robots":{"index":"index","follow":"follow","max-snippet":"max-snippet:-1","max-image-preview":"max-image-preview:large","max-video-preview":"max-video-preview:-1"},"canonical":"https:\/\/www.sevenjackpots.com\/br\/craps-online\/apostas-em-craps\/","og_locale":"en_US","og_type":"article","og_title":"Apostas em Craps","og_description":"Melhores Cassinos Para Jogar Craps Apostas avan\u00e7adas em Craps a dinheiro real Pensou que tinha acabado? Nada disso! O jogo de Craps de cassino online","og_url":"https:\/\/www.sevenjackpots.com\/br\/craps-online\/apostas-em-craps\/","og_site_name":"SevenJackpots - India&#039;s Best Online Casino Guide","article_publisher":"https:\/\/www.facebook.com\/Sevenjackpots.in\/","article_modified_time":"2025-04-24T11:30:10+00:00","og_image":[{"width":1280,"height":720,"url":"https:\/\/www.sevenjackpots.com\/wp-content\/uploads\/2021\/04\/craps-bets-banner.png","type":"image\/png"}],"twitter_card":"summary_large_image","twitter_misc":{"Est. tempo de leitura":"5 minutos"},"schema":{"@context":"https:\/\/schema.org","@graph":[{"@type":"WebPage","@id":"https:\/\/www.sevenjackpots.com\/br\/craps-online\/apostas-em-craps\/","url":"https:\/\/www.sevenjackpots.com\/br\/craps-online\/apostas-em-craps\/","name":"Apostas em Craps - SevenJackpots","isPartOf":{"@id":"https:\/\/www.sevenjackpots.com\/br\/#website"},"primaryImageOfPage":{"@id":"https:\/\/www.sevenjackpots.com\/br\/craps-online\/apostas-em-craps\/#primaryimage"},"image":{"@id":"https:\/\/www.sevenjackpots.com\/br\/craps-online\/apostas-em-craps\/#primaryimage"},"thumbnailUrl":"https:\/\/www.sevenjackpots.com\/wp-content\/uploads\/2021\/04\/craps-bets-banner.png","datePublished":"2024-06-14T08:59:33+00:00","dateModified":"2025-04-24T11:30:10+00:00","description":"Neste guia de Craps voc\u00ea vai aprender todas as apostas dispon\u00edveis no jogo. Aprenda a fazer apostas e maximize sua chance de vencer!","inLanguage":"pt-BR","potentialAction":[{"@type":"ReadAction","target":["https:\/\/www.sevenjackpots.com\/br\/craps-online\/apostas-em-craps\/"]}]},{"@type":"ImageObject","inLanguage":"pt-BR","@id":"https:\/\/www.sevenjackpots.com\/br\/craps-online\/apostas-em-craps\/#primaryimage","url":"https:\/\/www.sevenjackpots.com\/wp-content\/uploads\/2021\/04\/craps-bets-banner.png","contentUrl":"https:\/\/www.sevenjackpots.com\/wp-content\/uploads\/2021\/04\/craps-bets-banner.png","width":1280,"height":720},{"@type":"BreadcrumbList","@id":"https:\/\/www.sevenjackpots.com\/br\/craps-online\/apostas-em-craps\/#breadcrumb","itemListElement":[{"@type":"ListItem","position":1,"name":"Home","item":"https:\/\/www.sevenjackpots.com\/br\/"},{"@type":"ListItem","position":2,"name":"Craps","item":"https:\/\/www.sevenjackpots.com\/br\/craps-online\/"},{"@type":"ListItem","position":3,"name":"Apostas em Craps"}]},{"@type":"WebSite","@id":"https:\/\/www.sevenjackpots.com\/br\/#website","url":"https:\/\/www.sevenjackpots.com\/br\/","name":"SevenJackpots - India's Best Online Casino Guide","description":"","publisher":{"@id":"https:\/\/www.sevenjackpots.com\/br\/#organization"},"potentialAction":[{"@type":"SearchAction","target":{"@type":"EntryPoint","urlTemplate":"https:\/\/www.sevenjackpots.com\/br\/?s={search_term_string}"},"query-input":{"@type":"PropertyValueSpecification","valueRequired":true,"valueName":"search_term_string"}}],"inLanguage":"pt-BR"},{"@type":"Organization","@id":"https:\/\/www.sevenjackpots.com\/br\/#organization","name":"SevenJackpots","url":"https:\/\/www.sevenjackpots.com\/br\/","logo":{"@type":"ImageObject","inLanguage":"pt-BR","@id":"https:\/\/www.sevenjackpots.com\/br\/#\/schema\/logo\/image\/","url":"https:\/\/www.sevenjackpots.com\/wp-content\/uploads\/2024\/09\/sevenjackpots-yoast.png","contentUrl":"https:\/\/www.sevenjackpots.com\/wp-content\/uploads\/2024\/09\/sevenjackpots-yoast.png","width":750,"height":750,"caption":"SevenJackpots"},"image":{"@id":"https:\/\/www.sevenjackpots.com\/br\/#\/schema\/logo\/image\/"},"sameAs":["https:\/\/www.facebook.com\/Sevenjackpots.in\/","https:\/\/www.youtube.com\/channel\/UCn-K2LNaXT1XckDT1l8MnfA","https:\/\/www.instagram.com\/sevenjackpots\/"]}]}},"acf":[],"_links":{"self":[{"href":"https:\/\/www.sevenjackpots.com\/br\/wp-json\/wp\/v2\/pages\/33779","targetHints":{"allow":["GET"]}}],"collection":[{"href":"https:\/\/www.sevenjackpots.com\/br\/wp-json\/wp\/v2\/pages"}],"about":[{"href":"https:\/\/www.sevenjackpots.com\/br\/wp-json\/wp\/v2\/types\/page"}],"author":[{"embeddable":true,"href":"https:\/\/www.sevenjackpots.com\/br\/wp-json\/wp\/v2\/users\/4"}],"replies":[{"embeddable":true,"href":"https:\/\/www.sevenjackpots.com\/br\/wp-json\/wp\/v2\/comments?post=33779"}],"version-history":[{"count":6,"href":"https:\/\/www.sevenjackpots.com\/br\/wp-json\/wp\/v2\/pages\/33779\/revisions"}],"predecessor-version":[{"id":38750,"href":"https:\/\/www.sevenjackpots.com\/br\/wp-json\/wp\/v2\/pages\/33779\/revisions\/38750"}],"up":[{"embeddable":true,"href":"https:\/\/www.sevenjackpots.com\/br\/wp-json\/wp\/v2\/pages\/33758"}],"wp:featuredmedia":[{"embeddable":true,"href":"https:\/\/www.sevenjackpots.com\/br\/wp-json\/wp\/v2\/media\/23627"}],"wp:attachment":[{"href":"https:\/\/www.sevenjackpots.com\/br\/wp-json\/wp\/v2\/media?parent=33779"}],"wp:term":[{"taxonomy":"category","embeddable":true,"href":"https:\/\/www.sevenjackpots.com\/br\/wp-json\/wp\/v2\/categories?post=33779"},{"taxonomy":"post_tag","embeddable":true,"href":"https:\/\/www.sevenjackpots.com\/br\/wp-json\/wp\/v2\/tags?post=33779"}],"curies":[{"name":"wp","href":"https:\/\/api.w.org\/{rel}","templated":true}]}}