{"id":33783,"date":"2024-06-14T09:04:05","date_gmt":"2024-06-14T09:04:05","guid":{"rendered":"https:\/\/www.sevenjackpots.com\/?page_id=33783"},"modified":"2024-11-29T10:34:51","modified_gmt":"2024-11-29T10:34:51","slug":"como-jogar-craps","status":"publish","type":"page","link":"https:\/\/www.sevenjackpots.com\/br\/craps-online\/como-jogar-craps\/","title":{"rendered":"Como Jogar Craps"},"content":{"rendered":"<h2 id=\"1-melhores-cassinos-para-jogar-craps\">Melhores Cassinos Para Jogar Craps<\/h2>\n<\/p>\n<h2 id=\"2-passo-a-passo-de-como-jogar-craps\">Passo-a-passo de como jogar Craps<\/h2>\n<p>O jogo de Craps em cassinos pode ser intimidador. Dezenas de pessoas ao redor da mesa, v\u00e1rios crupi\u00eas para organizar o jogo, pulos, gritos.<\/p>\n<p>J\u00e1 para fazer apostas em Craps em\u00a0<a href=\"https:\/\/www.sevenjackpots.com\/br\/cassinos-online\/\">cassinos online<\/a>, voc\u00ea tem a tranquilidade de jogar sozinho de sua casa ou de seu celular, podendo focar sua aten\u00e7\u00e3o no jogo e aprender suas peculiaridades.<\/p>\n<p>Garantimos que \u00e9 mais f\u00e1cil do que parece!<\/p>\n<div class=\"box-text\" style=\"\">\n<h3>Veja como jogar Craps online:<\/h3>\n<ol>\n<li>Encontre um cassino Craps e se registre, caso ainda n\u00e3o tenha uma conta.<\/li>\n<li>Fa\u00e7a um dep\u00f3sito para apostar dinheiro real.<\/li>\n<li>Aguarde a placa ficar em \u201cOFF\u201d e fa\u00e7a uma aposta na\u00a0<em>Pass Line<\/em>.<\/li>\n<li>Observe a rolagem. Ela pode ser uma vit\u00f3ria (7 ou 11), uma derrota (2, 3 e 12) ou um\u00a0<em>Point<\/em>\u00a0(4, 5, 6, 8, 9 e 10).<\/li>\n<li>Se um\u00a0<em>Point<\/em>\u00a0foi rolado, voc\u00ea poder\u00e1 fazer apostas adicionais.<\/li>\n<li>Deixe o dado rolar at\u00e9 que o resultado de sua aposta seja definido.<\/li>\n<li>Jogue novamente e teste novas op\u00e7\u00f5es de aposta!<\/li>\n<\/ol>\n<\/div>\n<p>\n<h2 id=\"3-regras-de-craps-a-dinheiro-real\">Regras de Craps a dinheiro real<\/h2>\n<p>Apesar de ser poss\u00edvel jogar Craps sem se aprofundar muito nas mec\u00e2nicas do jogo, voc\u00ea certamente ter\u00e1 um melhor desempenho conhecendo as\u00a0<a href=\"https:\/\/www.sevenjackpots.com\/br\/craps-online\/regras-de-craps\/\">regras de Craps<\/a>.<\/p>\n<p>O jogo tem como foco a soma obtida na rolagem de dois dados, onde para vencer \u00e9 necess\u00e1rio acertar o n\u00famero obtido.<\/p>\n<p>Se por um lado, \u00e9 poss\u00edvel fazer apostas simples, onde voc\u00ea ganha com apenas um n\u00famero, o jogo de Craps tamb\u00e9m possibilita apostas m\u00faltiplas, em combina\u00e7\u00f5es de n\u00fameros e resultados diferentes.<\/p>\n<p>O resultado de uma aposta pode at\u00e9 mesmo mudar ao longo do jogo, onde o n\u00famero vencedor muda a cada nova rolagem.<\/p>\n<p>Se quiser se tornar um mestre de Craps a dinheiro real, acompanhe todos os nossos artigos sobre o jogo. Garantimos que voc\u00ea vai ficar fera!<\/p>\n<div class=\"box-text\" style=\"\">\n<h3>O jogo de Craps \u00e9 legalizado?<\/h3>\n<p>A lei de cassinos f\u00edsicos no Brasil ainda est\u00e1 em forma\u00e7\u00e3o, mas tudo indica que as casas de apostas nos estados brasileiros poder\u00e3o ter mesas de Craps.<\/p>\n<p>J\u00e1 em cassinos online, mesas de Craps podem ser oferecidas livremente desde que estejam em casas de apostas licenciadas e dentro das regras da\u00a0<a href=\"https:\/\/www.sevenjackpots.com\/br\/legalidade-de-apostas\/\">nova lei de cassinos<\/a>.<\/p>\n<p>\u00c9 sempre importante lembrar que apostas online envolvem dinheiro real e a troca de dados pessoais. Por isso, aposte apenas em cassinos online seguros, como aqueles encontrados aqui na SevenJackpots.<\/p>\n<\/div>\n<h2 id=\"4-como-vencer-no-craps\">Como vencer no Craps<\/h2>\n<p>Vencer no Craps \u00e9 muito similar a vencer em uma mesa de\u00a0<a href=\"https:\/\/www.sevenjackpots.com\/br\/roleta\/\">roleta online<\/a>. Voc\u00ea precisa usar a intui\u00e7\u00e3o e escolher um local de aposta, baseado no n\u00famero que voc\u00ea acredita que sair\u00e1 na rolagem de dados.<\/p>\n<p>Na hora de fazer apostas em Craps, voc\u00ea ter\u00e1 uma grande gama de op\u00e7\u00f5es de apostas, incluindo algumas que consideram v\u00e1rios n\u00fameros de uma vez.<\/p>\n<p>Fazendo a aposta\u00a0<em>Pass Line<\/em>, por exemplo, voc\u00ea ganha se o resultado for 7 ou 11, mas n\u00e3o perde imediatamente caso o total seja 4, 5, 6, 8, 9 ou 10.<\/p>\n<p>Para vencer, n\u00e3o esque\u00e7a tamb\u00e9m de utilizar as estrat\u00e9gias de Craps, mencionadas a seguir.<\/p>\n<p>\n<h2 id=\"5-como-usar-estrategias-de-craps\">Como usar estrat\u00e9gias de Craps<\/h2>\n<p>Apesar de ter muitas op\u00e7\u00f5es de aposta, o jogo de Craps tem uma vantagem sobre jogos como o\u00a0<a href=\"https:\/\/www.sevenjackpots.com\/br\/bacara\/\">bacar\u00e1<\/a>: voc\u00ea n\u00e3o precisa contar cartas ou ficar tentando decifrar a ordem do baralho.<\/p>\n<p>Voc\u00ea pode usar toda sua aten\u00e7\u00e3o e energia para escolher as melhores op\u00e7\u00f5es de aposta e cobrir com efetividade a maior quantidade de n\u00fameros poss\u00edvel.<\/p>\n<p>Para fazer combina\u00e7\u00f5es robustas, use nossas\u00a0<a href=\"https:\/\/www.sevenjackpots.com\/br\/craps-online\/estrategia-de-craps\/\">estrat\u00e9gias de Craps<\/a>\u00a0que permitem manter ganhos muito mais frequentes!<\/p>\n<h2 id=\"6-entendendo-a-mesa-de-craps\">Entendendo a mesa de Craps<\/h2>\n<p><img decoding=\"async\" class=\"aligncenter wp-image-23625 size-large\" src=\"https:\/\/www.sevenjackpots.com\/wp-content\/uploads\/2021\/04\/craps-table-interface-1024x626.png\" alt=\"mesa de RNG Craps.\" width=\"1024\" height=\"626\" srcset=\"https:\/\/www.sevenjackpots.com\/wp-content\/uploads\/2021\/04\/craps-table-interface-1024x626.png 1024w, https:\/\/www.sevenjackpots.com\/wp-content\/uploads\/2021\/04\/craps-table-interface-300x183.png 300w, https:\/\/www.sevenjackpots.com\/wp-content\/uploads\/2021\/04\/craps-table-interface-768x470.png 768w, https:\/\/www.sevenjackpots.com\/wp-content\/uploads\/2021\/04\/craps-table-interface-114x70.png 114w, https:\/\/www.sevenjackpots.com\/wp-content\/uploads\/2021\/04\/craps-table-interface-150x92.png 150w, https:\/\/www.sevenjackpots.com\/wp-content\/uploads\/2021\/04\/craps-table-interface-147x90.png 147w, https:\/\/www.sevenjackpots.com\/wp-content\/uploads\/2021\/04\/craps-table-interface-294x180.png 294w, https:\/\/www.sevenjackpots.com\/wp-content\/uploads\/2021\/04\/craps-table-interface-350x214.png 350w, https:\/\/www.sevenjackpots.com\/wp-content\/uploads\/2021\/04\/craps-table-interface-80x49.png 80w, https:\/\/www.sevenjackpots.com\/wp-content\/uploads\/2021\/04\/craps-table-interface.png 1475w\" sizes=\"(max-width: 1024px) 100vw, 1024px\" \/><\/p>\n<p>A imagem acima \u00e9 de uma mesa de Craps. Colado na parte de baixo temos a\u00a0<em>Pass Line<\/em>\u00a0e a Don\u2019t Pass Line. Logo acima podemos ver a \u00e1rea das\u00a0<em>Field Bets<\/em>\u00a0e das\u00a0<em>Come Bets<\/em>. No topo, os n\u00fameros separados ficam dispon\u00edveis para as\u00a0<em>Place Bets<\/em>.<\/p>\n<p>Note do seu lado direito uma grade com as\u00a0<em>Hardline Bets<\/em>. Se segu\u00edssemos mais para a direita, todo esse padr\u00e3o se repetiria. Isso \u00e9 feito para que v\u00e1rios jogadores possam enxergar e fazer suas apostas em uma mesa de cassino f\u00edsico lotada.<\/p>\n<div class=\"box-text\" style=\"\">\n<h3>Come Out Roll<\/h3>\n<p>Se o marcador do jogo estiver em \u201cOFF\u201d, o jogo estar\u00e1 na fase de\u00a0<em>Come Out<\/em>. Nesta fase, jogadores fazem apostas na\u00a0<em>Pass Line<\/em>\u00a0ou na\u00a0<em>Don\u2019t Pass Line<\/em>, onde um 7 e um 11 ganham na primeira e um 2, 3 ou 12 ganham na segunda.<\/p>\n<p>Estas apostas perdem com resultados invertidos, ou seja: uma aposta\u00a0<em>Pass Line<\/em>\u00a0perde caso o resultado d\u00ea 2, 3 ou 12. Da mesma forma, uma aposta na\u00a0<em>Don\u2019t Pass Line<\/em>\u00a0perde com um 7 ou 11.<\/p>\n<p>Qualquer outro n\u00famero se torna um\u00a0<em>Point<\/em>.<\/p>\n<\/div>\n<div class=\"box-text\" style=\"\">\n<h3>Point<\/h3>\n<p>Se um 4, 5, 6, 8, 9 ou 10 foi tirado, ent\u00e3o temos um\u00a0<em>Point<\/em>!<\/p>\n<p>O n\u00famero tirado se torna o\u00a0<em>Point<\/em>, o que significa que o jogo s\u00f3 acabar\u00e1 quando aquele n\u00famero ou um n\u00famero 7 for tirado.<\/p>\n<p>Em cada rodada\u00a0<em>Point<\/em>, novas op\u00e7\u00f5es de aposta estar\u00e3o dispon\u00edveis. \u00c9 poss\u00edvel, por exemplo, fazer uma aposta\u00a0<em>Place<\/em>, em um n\u00famero espec\u00edfico que deve sair antes do 7 e antes do\u00a0<em>Point<\/em>.<\/p>\n<p>Confira todas as op\u00e7\u00f5es de apostas em nosso guia de\u00a0<a href=\"https:\/\/www.sevenjackpots.com\/br\/craps-online\/apostas-em-craps\/\">apostas em Craps<\/a>.<\/p>\n<\/div>\n<h2 id=\"7-saques-e-depositos-para-jogar-craps\">Saques e dep\u00f3sitos para jogar Craps<\/h2>\n<p>Apostar em Craps em cassinos online \u00e9 muito mais f\u00e1cil do que em um cassino f\u00edsico. Com suas fichas em formato digital, voc\u00ea coloca sua aposta no lugar certo, sem precisar se preocupar com algu\u00e9m tirando ela do lugar.<\/p>\n<p>Todos os c\u00e1lculos s\u00e3o feitos de forma autom\u00e1tica, com seus ganhos indo direto para a conta do seu cassino.<\/p>\n<p>Se quiser sacar seu saldo, basta entrar na \u00e1rea de saques do cassino e solicitar a transfer\u00eancia.<\/p>\n<p>O bom de apostar nos cassinos da SevenJackpots \u00e9 poder contar com uma grande variedade de\u00a0<a href=\"https:\/\/www.sevenjackpots.com\/br\/metodo-de-pagamento\/\">m\u00e9todos de pagamento<\/a>. Para seus ganhos no Craps online, sugerimos que use o\u00a0<a href=\"https:\/\/www.sevenjackpots.com\/br\/metodo-de-pagamento\/pix\/\">Pix<\/a>.<\/p>\n<p>\n<h2 id=\"8-vantagens-de-jogar-craps-em-cassinos-online\">Vantagens de jogar Craps em cassinos online<\/h2>\n<p>Nem todas as pessoas podem apostar em um cassino f\u00edsico, mas esta n\u00e3o \u00e9 a \u00fanica raz\u00e3o para escolher apostar em cassinos online.<\/p>\n<p>Na verdade, temos muitas raz\u00f5es para que voc\u00ea escolha apostar de sua casa ou atrav\u00e9s de um\u00a0<a href=\"https:\/\/www.sevenjackpots.com\/br\/app-de-cassino\/\">app de cassino<\/a>\u00a0para celular.<\/p>\n<h3>B\u00f4nus de Cassino Craps<\/h3>\n<p>Apenas cassinos online possuem uma ampla oferta de\u00a0<a href=\"https:\/\/www.sevenjackpots.com\/br\/jogos-de-cassino-online-no-brasil\/o-valor-real-do-bonus-de-boas-vindas-revelado\/\">b\u00f4nus de cassino<\/a>. Estes b\u00f4nus podem te trazer a coragem necess\u00e1ria para iniciar no mundo das apostas online ou dar aquele empurr\u00e3ozinho para voc\u00ea conquistar uma grande vit\u00f3ria.<\/p>\n<p>Se estiver atento nas promo\u00e7\u00f5es de cassino que divulgamos semanalmente aqui em nosso site, voc\u00ea pode faturar at\u00e9 mesmo pr\u00eamios em dinheiro!<\/p>\n<h3>Intera\u00e7\u00e3o na Medida<\/h3>\n<p>\u00c9 verdade que mesas de Craps em cassinos f\u00edsicos s\u00e3o muito animadas, mas \u00e0s vezes, animadas at\u00e9 demais.<\/p>\n<p>Mesas tumultuadas e gritarias podem atrapalhar seu jogo, algo que jamais acontecer\u00e1 em uma mesa online.<\/p>\n<p>Voc\u00ea ainda pode interagir com outros jogadores, conversando pelo chat. Tamb\u00e9m \u00e9 poss\u00edvel mandar mensagens para o crupi\u00ea, que responde ao vivo pelo microfone.<\/p>\n<p>Se n\u00e3o estiver afim de papo, basta fechar o chat e\/ou desligar o \u00e1udio do est\u00fadio.<\/p>\n<h3>Apostas Justas e Imparciais<\/h3>\n<p>Uma parte importante das apostas de Craps online \u00e9 a total imparcialidade do jogo.<\/p>\n<p>Enquanto em cassinos f\u00edsicos temos v\u00e1rias pessoas diferentes lan\u00e7ando os dados, com regras espec\u00edficas de como eles devem rolar, em cassinos online temos uma opera\u00e7\u00e3o automatizada, garantindo o equil\u00edbrio e a isonomia das partidas.<\/p>\n<p>Em mesas de\u00a0<a href=\"https:\/\/www.sevenjackpots.com\/br\/cassino-ao-vivo\/\">cassino ao vivo<\/a>, como da Evolution, os dados s\u00e3o lan\u00e7ados por um bra\u00e7o mec\u00e2nico.<\/p>\n<p>J\u00e1 em mesas RNG, como o First Person Craps, que tamb\u00e9m \u00e9 da Evolution, ou o Craps da Play\u2019n Go, o lan\u00e7amento \u00e9 gerado aleatoriamente, por um sistema comprovadamente justo.<\/p>\n<h2 id=\"9-guias-de-craps-online\">Guias de Craps Online<\/h2>\n\n","protected":false},"excerpt":{"rendered":"<p>Melhores Cassinos Para Jogar Craps Regras de Craps a dinheiro real Apesar de ser poss\u00edvel [&hellip;]<\/p>\n","protected":false},"author":4,"featured_media":23624,"parent":33758,"menu_order":0,"comment_status":"closed","ping_status":"closed","template":"","meta":{"_acf_changed":false,"footnotes":""},"categories":[812],"tags":[1361],"class_list":["post-33783","page","type-page","status-publish","has-post-thumbnail","hentry","category-uncategorized-br","tag-craps-br"],"yoast_head":"<!-- This site is optimized with the Yoast SEO Premium plugin v26.0 (Yoast SEO v27.6) - https:\/\/yoast.com\/product\/yoast-seo-premium-wordpress\/ -->\n<title>Como Jogar Craps - SevenJackpots<\/title>\n<meta name=\"description\" content=\"Aprenda a jogar Craps, o mais emocionante jogo de dados de cassinos online. Veja dicas e estrat\u00e9gias de Craps para melhorar seu jogo!\" \/>\n<meta name=\"robots\" content=\"index, follow, max-snippet:-1, max-image-preview:large, max-video-preview:-1\" \/>\n<link rel=\"canonical\" href=\"https:\/\/www.sevenjackpots.com\/br\/craps-online\/como-jogar-craps\/\" \/>\n<meta property=\"og:locale\" content=\"en_US\" \/>\n<meta property=\"og:type\" content=\"article\" \/>\n<meta property=\"og:title\" content=\"Como Jogar Craps\" \/>\n<meta property=\"og:description\" content=\"Melhores Cassinos Para Jogar Craps Regras de Craps a dinheiro real Apesar de ser poss\u00edvel jogar Craps sem se aprofundar muito nas mec\u00e2nicas do jogo, voc\u00ea\" \/>\n<meta property=\"og:url\" content=\"https:\/\/www.sevenjackpots.com\/br\/craps-online\/como-jogar-craps\/\" \/>\n<meta property=\"og:site_name\" content=\"SevenJackpots - India&#039;s Best Online Casino Guide\" \/>\n<meta property=\"article:publisher\" content=\"https:\/\/www.facebook.com\/Sevenjackpots.in\/\" \/>\n<meta property=\"article:modified_time\" content=\"2024-11-29T10:34:51+00:00\" \/>\n<meta property=\"og:image\" content=\"https:\/\/www.sevenjackpots.com\/wp-content\/uploads\/2021\/04\/online-craps-how-to-play-banner.jpg\" \/>\n\t<meta property=\"og:image:width\" content=\"1800\" \/>\n\t<meta property=\"og:image:height\" content=\"966\" \/>\n\t<meta property=\"og:image:type\" content=\"image\/jpeg\" \/>\n<meta name=\"twitter:card\" content=\"summary_large_image\" \/>\n<meta name=\"twitter:label1\" content=\"Est. tempo de leitura\" \/>\n\t<meta name=\"twitter:data1\" content=\"7 minutos\" \/>\n<script type=\"application\/ld+json\" class=\"yoast-schema-graph\">{\"@context\":\"https:\\\/\\\/schema.org\",\"@graph\":[{\"@type\":\"WebPage\",\"@id\":\"https:\\\/\\\/www.sevenjackpots.com\\\/br\\\/craps-online\\\/como-jogar-craps\\\/\",\"url\":\"https:\\\/\\\/www.sevenjackpots.com\\\/br\\\/craps-online\\\/como-jogar-craps\\\/\",\"name\":\"Como Jogar Craps - SevenJackpots\",\"isPartOf\":{\"@id\":\"https:\\\/\\\/www.sevenjackpots.com\\\/br\\\/#website\"},\"primaryImageOfPage\":{\"@id\":\"https:\\\/\\\/www.sevenjackpots.com\\\/br\\\/craps-online\\\/como-jogar-craps\\\/#primaryimage\"},\"image\":{\"@id\":\"https:\\\/\\\/www.sevenjackpots.com\\\/br\\\/craps-online\\\/como-jogar-craps\\\/#primaryimage\"},\"thumbnailUrl\":\"https:\\\/\\\/www.sevenjackpots.com\\\/wp-content\\\/uploads\\\/2021\\\/04\\\/online-craps-how-to-play-banner.jpg\",\"datePublished\":\"2024-06-14T09:04:05+00:00\",\"dateModified\":\"2024-11-29T10:34:51+00:00\",\"description\":\"Aprenda a jogar Craps, o mais emocionante jogo de dados de cassinos online. Veja dicas e estrat\u00e9gias de Craps para melhorar seu jogo!\",\"inLanguage\":\"pt-BR\",\"potentialAction\":[{\"@type\":\"ReadAction\",\"target\":[\"https:\\\/\\\/www.sevenjackpots.com\\\/br\\\/craps-online\\\/como-jogar-craps\\\/\"]}]},{\"@type\":\"ImageObject\",\"inLanguage\":\"pt-BR\",\"@id\":\"https:\\\/\\\/www.sevenjackpots.com\\\/br\\\/craps-online\\\/como-jogar-craps\\\/#primaryimage\",\"url\":\"https:\\\/\\\/www.sevenjackpots.com\\\/wp-content\\\/uploads\\\/2021\\\/04\\\/online-craps-how-to-play-banner.jpg\",\"contentUrl\":\"https:\\\/\\\/www.sevenjackpots.com\\\/wp-content\\\/uploads\\\/2021\\\/04\\\/online-craps-how-to-play-banner.jpg\",\"width\":1800,\"height\":966},{\"@type\":\"BreadcrumbList\",\"@id\":\"https:\\\/\\\/www.sevenjackpots.com\\\/br\\\/craps-online\\\/como-jogar-craps\\\/#breadcrumb\",\"itemListElement\":[{\"@type\":\"ListItem\",\"position\":1,\"name\":\"Home\",\"item\":\"https:\\\/\\\/www.sevenjackpots.com\\\/br\\\/\"},{\"@type\":\"ListItem\",\"position\":2,\"name\":\"Craps\",\"item\":\"https:\\\/\\\/www.sevenjackpots.com\\\/br\\\/craps-online\\\/\"},{\"@type\":\"ListItem\",\"position\":3,\"name\":\"Como Jogar Craps\"}]},{\"@type\":\"WebSite\",\"@id\":\"https:\\\/\\\/www.sevenjackpots.com\\\/br\\\/#website\",\"url\":\"https:\\\/\\\/www.sevenjackpots.com\\\/br\\\/\",\"name\":\"SevenJackpots - India's Best Online Casino Guide\",\"description\":\"\",\"publisher\":{\"@id\":\"https:\\\/\\\/www.sevenjackpots.com\\\/br\\\/#organization\"},\"potentialAction\":[{\"@type\":\"SearchAction\",\"target\":{\"@type\":\"EntryPoint\",\"urlTemplate\":\"https:\\\/\\\/www.sevenjackpots.com\\\/br\\\/?s={search_term_string}\"},\"query-input\":{\"@type\":\"PropertyValueSpecification\",\"valueRequired\":true,\"valueName\":\"search_term_string\"}}],\"inLanguage\":\"pt-BR\"},{\"@type\":\"Organization\",\"@id\":\"https:\\\/\\\/www.sevenjackpots.com\\\/br\\\/#organization\",\"name\":\"SevenJackpots\",\"url\":\"https:\\\/\\\/www.sevenjackpots.com\\\/br\\\/\",\"logo\":{\"@type\":\"ImageObject\",\"inLanguage\":\"pt-BR\",\"@id\":\"https:\\\/\\\/www.sevenjackpots.com\\\/br\\\/#\\\/schema\\\/logo\\\/image\\\/\",\"url\":\"https:\\\/\\\/www.sevenjackpots.com\\\/wp-content\\\/uploads\\\/2024\\\/09\\\/sevenjackpots-yoast.png\",\"contentUrl\":\"https:\\\/\\\/www.sevenjackpots.com\\\/wp-content\\\/uploads\\\/2024\\\/09\\\/sevenjackpots-yoast.png\",\"width\":750,\"height\":750,\"caption\":\"SevenJackpots\"},\"image\":{\"@id\":\"https:\\\/\\\/www.sevenjackpots.com\\\/br\\\/#\\\/schema\\\/logo\\\/image\\\/\"},\"sameAs\":[\"https:\\\/\\\/www.facebook.com\\\/Sevenjackpots.in\\\/\",\"https:\\\/\\\/www.youtube.com\\\/channel\\\/UCn-K2LNaXT1XckDT1l8MnfA\",\"https:\\\/\\\/www.instagram.com\\\/sevenjackpots\\\/\"]}]}<\/script>\n<!-- \/ Yoast SEO Premium plugin. -->","yoast_head_json":{"title":"Como Jogar Craps - SevenJackpots","description":"Aprenda a jogar Craps, o mais emocionante jogo de dados de cassinos online. Veja dicas e estrat\u00e9gias de Craps para melhorar seu jogo!","robots":{"index":"index","follow":"follow","max-snippet":"max-snippet:-1","max-image-preview":"max-image-preview:large","max-video-preview":"max-video-preview:-1"},"canonical":"https:\/\/www.sevenjackpots.com\/br\/craps-online\/como-jogar-craps\/","og_locale":"en_US","og_type":"article","og_title":"Como Jogar Craps","og_description":"Melhores Cassinos Para Jogar Craps Regras de Craps a dinheiro real Apesar de ser poss\u00edvel jogar Craps sem se aprofundar muito nas mec\u00e2nicas do jogo, voc\u00ea","og_url":"https:\/\/www.sevenjackpots.com\/br\/craps-online\/como-jogar-craps\/","og_site_name":"SevenJackpots - India&#039;s Best Online Casino Guide","article_publisher":"https:\/\/www.facebook.com\/Sevenjackpots.in\/","article_modified_time":"2024-11-29T10:34:51+00:00","og_image":[{"width":1800,"height":966,"url":"https:\/\/www.sevenjackpots.com\/wp-content\/uploads\/2021\/04\/online-craps-how-to-play-banner.jpg","type":"image\/jpeg"}],"twitter_card":"summary_large_image","twitter_misc":{"Est. tempo de leitura":"7 minutos"},"schema":{"@context":"https:\/\/schema.org","@graph":[{"@type":"WebPage","@id":"https:\/\/www.sevenjackpots.com\/br\/craps-online\/como-jogar-craps\/","url":"https:\/\/www.sevenjackpots.com\/br\/craps-online\/como-jogar-craps\/","name":"Como Jogar Craps - SevenJackpots","isPartOf":{"@id":"https:\/\/www.sevenjackpots.com\/br\/#website"},"primaryImageOfPage":{"@id":"https:\/\/www.sevenjackpots.com\/br\/craps-online\/como-jogar-craps\/#primaryimage"},"image":{"@id":"https:\/\/www.sevenjackpots.com\/br\/craps-online\/como-jogar-craps\/#primaryimage"},"thumbnailUrl":"https:\/\/www.sevenjackpots.com\/wp-content\/uploads\/2021\/04\/online-craps-how-to-play-banner.jpg","datePublished":"2024-06-14T09:04:05+00:00","dateModified":"2024-11-29T10:34:51+00:00","description":"Aprenda a jogar Craps, o mais emocionante jogo de dados de cassinos online. Veja dicas e estrat\u00e9gias de Craps para melhorar seu jogo!","inLanguage":"pt-BR","potentialAction":[{"@type":"ReadAction","target":["https:\/\/www.sevenjackpots.com\/br\/craps-online\/como-jogar-craps\/"]}]},{"@type":"ImageObject","inLanguage":"pt-BR","@id":"https:\/\/www.sevenjackpots.com\/br\/craps-online\/como-jogar-craps\/#primaryimage","url":"https:\/\/www.sevenjackpots.com\/wp-content\/uploads\/2021\/04\/online-craps-how-to-play-banner.jpg","contentUrl":"https:\/\/www.sevenjackpots.com\/wp-content\/uploads\/2021\/04\/online-craps-how-to-play-banner.jpg","width":1800,"height":966},{"@type":"BreadcrumbList","@id":"https:\/\/www.sevenjackpots.com\/br\/craps-online\/como-jogar-craps\/#breadcrumb","itemListElement":[{"@type":"ListItem","position":1,"name":"Home","item":"https:\/\/www.sevenjackpots.com\/br\/"},{"@type":"ListItem","position":2,"name":"Craps","item":"https:\/\/www.sevenjackpots.com\/br\/craps-online\/"},{"@type":"ListItem","position":3,"name":"Como Jogar Craps"}]},{"@type":"WebSite","@id":"https:\/\/www.sevenjackpots.com\/br\/#website","url":"https:\/\/www.sevenjackpots.com\/br\/","name":"SevenJackpots - India's Best Online Casino Guide","description":"","publisher":{"@id":"https:\/\/www.sevenjackpots.com\/br\/#organization"},"potentialAction":[{"@type":"SearchAction","target":{"@type":"EntryPoint","urlTemplate":"https:\/\/www.sevenjackpots.com\/br\/?s={search_term_string}"},"query-input":{"@type":"PropertyValueSpecification","valueRequired":true,"valueName":"search_term_string"}}],"inLanguage":"pt-BR"},{"@type":"Organization","@id":"https:\/\/www.sevenjackpots.com\/br\/#organization","name":"SevenJackpots","url":"https:\/\/www.sevenjackpots.com\/br\/","logo":{"@type":"ImageObject","inLanguage":"pt-BR","@id":"https:\/\/www.sevenjackpots.com\/br\/#\/schema\/logo\/image\/","url":"https:\/\/www.sevenjackpots.com\/wp-content\/uploads\/2024\/09\/sevenjackpots-yoast.png","contentUrl":"https:\/\/www.sevenjackpots.com\/wp-content\/uploads\/2024\/09\/sevenjackpots-yoast.png","width":750,"height":750,"caption":"SevenJackpots"},"image":{"@id":"https:\/\/www.sevenjackpots.com\/br\/#\/schema\/logo\/image\/"},"sameAs":["https:\/\/www.facebook.com\/Sevenjackpots.in\/","https:\/\/www.youtube.com\/channel\/UCn-K2LNaXT1XckDT1l8MnfA","https:\/\/www.instagram.com\/sevenjackpots\/"]}]}},"acf":[],"_links":{"self":[{"href":"https:\/\/www.sevenjackpots.com\/br\/wp-json\/wp\/v2\/pages\/33783","targetHints":{"allow":["GET"]}}],"collection":[{"href":"https:\/\/www.sevenjackpots.com\/br\/wp-json\/wp\/v2\/pages"}],"about":[{"href":"https:\/\/www.sevenjackpots.com\/br\/wp-json\/wp\/v2\/types\/page"}],"author":[{"embeddable":true,"href":"https:\/\/www.sevenjackpots.com\/br\/wp-json\/wp\/v2\/users\/4"}],"replies":[{"embeddable":true,"href":"https:\/\/www.sevenjackpots.com\/br\/wp-json\/wp\/v2\/comments?post=33783"}],"version-history":[{"count":10,"href":"https:\/\/www.sevenjackpots.com\/br\/wp-json\/wp\/v2\/pages\/33783\/revisions"}],"predecessor-version":[{"id":38751,"href":"https:\/\/www.sevenjackpots.com\/br\/wp-json\/wp\/v2\/pages\/33783\/revisions\/38751"}],"up":[{"embeddable":true,"href":"https:\/\/www.sevenjackpots.com\/br\/wp-json\/wp\/v2\/pages\/33758"}],"wp:featuredmedia":[{"embeddable":true,"href":"https:\/\/www.sevenjackpots.com\/br\/wp-json\/wp\/v2\/media\/23624"}],"wp:attachment":[{"href":"https:\/\/www.sevenjackpots.com\/br\/wp-json\/wp\/v2\/media?parent=33783"}],"wp:term":[{"taxonomy":"category","embeddable":true,"href":"https:\/\/www.sevenjackpots.com\/br\/wp-json\/wp\/v2\/categories?post=33783"},{"taxonomy":"post_tag","embeddable":true,"href":"https:\/\/www.sevenjackpots.com\/br\/wp-json\/wp\/v2\/tags?post=33783"}],"curies":[{"name":"wp","href":"https:\/\/api.w.org\/{rel}","templated":true}]}}