{"id":40915,"date":"2025-04-22T14:58:41","date_gmt":"2025-04-22T14:58:41","guid":{"rendered":"https:\/\/www.sevenjackpots.com\/?page_id=40915"},"modified":"2025-04-23T12:46:43","modified_gmt":"2025-04-23T12:46:43","slug":"lucas-d","status":"publish","type":"page","link":"https:\/\/www.sevenjackpots.com\/br\/sobre-nos\/lucas-d\/","title":{"rendered":"Lucas D"},"content":{"rendered":"<div class=\"note\">\n<p><strong>SOBRE O LUCAS<\/strong><\/p>\n<p>Lucas \u00e9 o mais novo refor\u00e7o do time de especialistas da SevenJackpots. Brasileiro, ga\u00facho, traz 9 anos de experi\u00eancia em diversos segmentos da escrita criativa: roteiros para v\u00eddeos e filmes curtos, artigos, mat\u00e9rias, conte\u00fados para redes sociais e performance.<\/p>\n<p>Nos \u00faltimos 5 anos, direcionou sua carreira para o entretenimento esportivo e o iGaming. Iniciou no segmento com intera\u00e7\u00f5es com o p\u00fablico, produ\u00e7\u00f5es para redes sociais com influenciadores de alcance nacional, campanhas de lan\u00e7amento de jogos slots e conte\u00fados criativos voltados ao universo dos jogos.<\/p>\n<p>Agora, como novo integrante da nossa equipe, Lucas vai colaborar na adapta\u00e7\u00e3o e amplia\u00e7\u00e3o das nossas p\u00e1ginas internacionais para o p\u00fablico brasileiro \u2014 do qual ele faz parte e pelo qual tem grande apre\u00e7o.<\/p>\n<\/div>\n<div class=\"note\">\n<p><strong>REDE SOCIAL E CONTATO<\/strong><\/p>\n<p>O perfil de Lucas est\u00e1 dispon\u00edvel diretamente pelo LinkedIn:<\/p>\n<p><a style=\"text-decoration: unset;\" href=\"http:\/\/www.linkedin.com\/in\/lucasbdalenogare\" target=\"_blank\" rel=\"noopener\"><img decoding=\"async\" style=\"margin-right: 10px;\" src=\"https:\/\/www.sevenjackpots.com\/wp-content\/uploads\/\/2021\/04\/linkedin-icon.svg\" width=\"20\" height=\"20\" \/>LinkedIn <\/a><\/p>\n<\/div>\n","protected":false},"excerpt":{"rendered":"","protected":false},"author":4,"featured_media":40919,"parent":24824,"menu_order":0,"comment_status":"closed","ping_status":"closed","template":"","meta":{"_acf_changed":false,"footnotes":""},"categories":[],"tags":[],"class_list":["post-40915","page","type-page","status-publish","has-post-thumbnail","hentry"],"yoast_head":"<!-- This site is optimized with the Yoast SEO Premium plugin v26.0 (Yoast SEO v27.4) - https:\/\/yoast.com\/product\/yoast-seo-premium-wordpress\/ -->\n<title>Sobre n\u00f3s - Lucas D, Escritor do SevenJackpots<\/title>\n<meta name=\"description\" content=\"Conhe\u00e7a a Lucas Dalenogare, Escritor do SevenJackpots.\" \/>\n<meta name=\"robots\" content=\"index, follow, max-snippet:-1, max-image-preview:large, max-video-preview:-1\" \/>\n<link rel=\"canonical\" href=\"https:\/\/www.sevenjackpots.com\/br\/sobre-nos\/lucas-d\/\" \/>\n<meta property=\"og:locale\" content=\"en_US\" \/>\n<meta property=\"og:type\" content=\"article\" \/>\n<meta property=\"og:title\" content=\"Lucas D\" \/>\n<meta property=\"og:url\" content=\"https:\/\/www.sevenjackpots.com\/br\/sobre-nos\/lucas-d\/\" \/>\n<meta property=\"og:site_name\" content=\"SevenJackpots - India&#039;s Best Online Casino Guide\" \/>\n<meta property=\"article:publisher\" content=\"https:\/\/www.facebook.com\/Sevenjackpots.in\/\" \/>\n<meta property=\"article:modified_time\" content=\"2025-04-23T12:46:43+00:00\" \/>\n<meta property=\"og:image\" content=\"https:\/\/www.sevenjackpots.com\/wp-content\/uploads\/2025\/04\/lucas-dalenogare-profile-picture-700x700-1.png\" \/>\n\t<meta property=\"og:image:width\" content=\"700\" \/>\n\t<meta property=\"og:image:height\" content=\"731\" \/>\n\t<meta property=\"og:image:type\" content=\"image\/png\" \/>\n<meta name=\"twitter:card\" content=\"summary_large_image\" \/>\n<meta name=\"twitter:label1\" content=\"Est. tempo de leitura\" \/>\n\t<meta name=\"twitter:data1\" content=\"1 minuto\" \/>\n<script type=\"application\/ld+json\" class=\"yoast-schema-graph\">{\"@context\":\"https:\\\/\\\/schema.org\",\"@graph\":[{\"@type\":\"WebPage\",\"@id\":\"https:\\\/\\\/www.sevenjackpots.com\\\/br\\\/sobre-nos\\\/lucas-d\\\/\",\"url\":\"https:\\\/\\\/www.sevenjackpots.com\\\/br\\\/sobre-nos\\\/lucas-d\\\/\",\"name\":\"Sobre n\u00f3s - Lucas D, Escritor do SevenJackpots\",\"isPartOf\":{\"@id\":\"https:\\\/\\\/www.sevenjackpots.com\\\/br\\\/#website\"},\"primaryImageOfPage\":{\"@id\":\"https:\\\/\\\/www.sevenjackpots.com\\\/br\\\/sobre-nos\\\/lucas-d\\\/#primaryimage\"},\"image\":{\"@id\":\"https:\\\/\\\/www.sevenjackpots.com\\\/br\\\/sobre-nos\\\/lucas-d\\\/#primaryimage\"},\"thumbnailUrl\":\"https:\\\/\\\/www.sevenjackpots.com\\\/wp-content\\\/uploads\\\/2025\\\/04\\\/lucas-dalenogare-profile-picture-700x700-1.png\",\"datePublished\":\"2025-04-22T14:58:41+00:00\",\"dateModified\":\"2025-04-23T12:46:43+00:00\",\"description\":\"Conhe\u00e7a a Lucas Dalenogare, Escritor do SevenJackpots.\",\"inLanguage\":\"pt-BR\",\"potentialAction\":[{\"@type\":\"ReadAction\",\"target\":[\"https:\\\/\\\/www.sevenjackpots.com\\\/br\\\/sobre-nos\\\/lucas-d\\\/\"]}]},{\"@type\":\"ImageObject\",\"inLanguage\":\"pt-BR\",\"@id\":\"https:\\\/\\\/www.sevenjackpots.com\\\/br\\\/sobre-nos\\\/lucas-d\\\/#primaryimage\",\"url\":\"https:\\\/\\\/www.sevenjackpots.com\\\/wp-content\\\/uploads\\\/2025\\\/04\\\/lucas-dalenogare-profile-picture-700x700-1.png\",\"contentUrl\":\"https:\\\/\\\/www.sevenjackpots.com\\\/wp-content\\\/uploads\\\/2025\\\/04\\\/lucas-dalenogare-profile-picture-700x700-1.png\",\"width\":700,\"height\":731},{\"@type\":\"BreadcrumbList\",\"@id\":\"https:\\\/\\\/www.sevenjackpots.com\\\/br\\\/sobre-nos\\\/lucas-d\\\/#breadcrumb\",\"itemListElement\":[{\"@type\":\"ListItem\",\"position\":1,\"name\":\"Home\",\"item\":\"https:\\\/\\\/www.sevenjackpots.com\\\/br\\\/\"},{\"@type\":\"ListItem\",\"position\":2,\"name\":\"Sobre n\u00f3s\",\"item\":\"https:\\\/\\\/www.sevenjackpots.com\\\/br\\\/sobre-nos\\\/\"},{\"@type\":\"ListItem\",\"position\":3,\"name\":\"Lucas D\"}]},{\"@type\":\"WebSite\",\"@id\":\"https:\\\/\\\/www.sevenjackpots.com\\\/br\\\/#website\",\"url\":\"https:\\\/\\\/www.sevenjackpots.com\\\/br\\\/\",\"name\":\"SevenJackpots - India's Best Online Casino Guide\",\"description\":\"\",\"publisher\":{\"@id\":\"https:\\\/\\\/www.sevenjackpots.com\\\/br\\\/#organization\"},\"potentialAction\":[{\"@type\":\"SearchAction\",\"target\":{\"@type\":\"EntryPoint\",\"urlTemplate\":\"https:\\\/\\\/www.sevenjackpots.com\\\/br\\\/?s={search_term_string}\"},\"query-input\":{\"@type\":\"PropertyValueSpecification\",\"valueRequired\":true,\"valueName\":\"search_term_string\"}}],\"inLanguage\":\"pt-BR\"},{\"@type\":\"Organization\",\"@id\":\"https:\\\/\\\/www.sevenjackpots.com\\\/br\\\/#organization\",\"name\":\"SevenJackpots\",\"url\":\"https:\\\/\\\/www.sevenjackpots.com\\\/br\\\/\",\"logo\":{\"@type\":\"ImageObject\",\"inLanguage\":\"pt-BR\",\"@id\":\"https:\\\/\\\/www.sevenjackpots.com\\\/br\\\/#\\\/schema\\\/logo\\\/image\\\/\",\"url\":\"https:\\\/\\\/www.sevenjackpots.com\\\/wp-content\\\/uploads\\\/2024\\\/09\\\/sevenjackpots-yoast.png\",\"contentUrl\":\"https:\\\/\\\/www.sevenjackpots.com\\\/wp-content\\\/uploads\\\/2024\\\/09\\\/sevenjackpots-yoast.png\",\"width\":750,\"height\":750,\"caption\":\"SevenJackpots\"},\"image\":{\"@id\":\"https:\\\/\\\/www.sevenjackpots.com\\\/br\\\/#\\\/schema\\\/logo\\\/image\\\/\"},\"sameAs\":[\"https:\\\/\\\/www.facebook.com\\\/Sevenjackpots.in\\\/\",\"https:\\\/\\\/www.youtube.com\\\/channel\\\/UCn-K2LNaXT1XckDT1l8MnfA\",\"https:\\\/\\\/www.instagram.com\\\/sevenjackpots\\\/\"]}]}<\/script>\n<!-- \/ Yoast SEO Premium plugin. -->","yoast_head_json":{"title":"Sobre n\u00f3s - Lucas D, Escritor do SevenJackpots","description":"Conhe\u00e7a a Lucas Dalenogare, Escritor do SevenJackpots.","robots":{"index":"index","follow":"follow","max-snippet":"max-snippet:-1","max-image-preview":"max-image-preview:large","max-video-preview":"max-video-preview:-1"},"canonical":"https:\/\/www.sevenjackpots.com\/br\/sobre-nos\/lucas-d\/","og_locale":"en_US","og_type":"article","og_title":"Lucas D","og_url":"https:\/\/www.sevenjackpots.com\/br\/sobre-nos\/lucas-d\/","og_site_name":"SevenJackpots - India&#039;s Best Online Casino Guide","article_publisher":"https:\/\/www.facebook.com\/Sevenjackpots.in\/","article_modified_time":"2025-04-23T12:46:43+00:00","og_image":[{"width":700,"height":731,"url":"https:\/\/www.sevenjackpots.com\/wp-content\/uploads\/2025\/04\/lucas-dalenogare-profile-picture-700x700-1.png","type":"image\/png"}],"twitter_card":"summary_large_image","twitter_misc":{"Est. tempo de leitura":"1 minuto"},"schema":{"@context":"https:\/\/schema.org","@graph":[{"@type":"WebPage","@id":"https:\/\/www.sevenjackpots.com\/br\/sobre-nos\/lucas-d\/","url":"https:\/\/www.sevenjackpots.com\/br\/sobre-nos\/lucas-d\/","name":"Sobre n\u00f3s - Lucas D, Escritor do SevenJackpots","isPartOf":{"@id":"https:\/\/www.sevenjackpots.com\/br\/#website"},"primaryImageOfPage":{"@id":"https:\/\/www.sevenjackpots.com\/br\/sobre-nos\/lucas-d\/#primaryimage"},"image":{"@id":"https:\/\/www.sevenjackpots.com\/br\/sobre-nos\/lucas-d\/#primaryimage"},"thumbnailUrl":"https:\/\/www.sevenjackpots.com\/wp-content\/uploads\/2025\/04\/lucas-dalenogare-profile-picture-700x700-1.png","datePublished":"2025-04-22T14:58:41+00:00","dateModified":"2025-04-23T12:46:43+00:00","description":"Conhe\u00e7a a Lucas Dalenogare, Escritor do SevenJackpots.","inLanguage":"pt-BR","potentialAction":[{"@type":"ReadAction","target":["https:\/\/www.sevenjackpots.com\/br\/sobre-nos\/lucas-d\/"]}]},{"@type":"ImageObject","inLanguage":"pt-BR","@id":"https:\/\/www.sevenjackpots.com\/br\/sobre-nos\/lucas-d\/#primaryimage","url":"https:\/\/www.sevenjackpots.com\/wp-content\/uploads\/2025\/04\/lucas-dalenogare-profile-picture-700x700-1.png","contentUrl":"https:\/\/www.sevenjackpots.com\/wp-content\/uploads\/2025\/04\/lucas-dalenogare-profile-picture-700x700-1.png","width":700,"height":731},{"@type":"BreadcrumbList","@id":"https:\/\/www.sevenjackpots.com\/br\/sobre-nos\/lucas-d\/#breadcrumb","itemListElement":[{"@type":"ListItem","position":1,"name":"Home","item":"https:\/\/www.sevenjackpots.com\/br\/"},{"@type":"ListItem","position":2,"name":"Sobre n\u00f3s","item":"https:\/\/www.sevenjackpots.com\/br\/sobre-nos\/"},{"@type":"ListItem","position":3,"name":"Lucas D"}]},{"@type":"WebSite","@id":"https:\/\/www.sevenjackpots.com\/br\/#website","url":"https:\/\/www.sevenjackpots.com\/br\/","name":"SevenJackpots - India's Best Online Casino Guide","description":"","publisher":{"@id":"https:\/\/www.sevenjackpots.com\/br\/#organization"},"potentialAction":[{"@type":"SearchAction","target":{"@type":"EntryPoint","urlTemplate":"https:\/\/www.sevenjackpots.com\/br\/?s={search_term_string}"},"query-input":{"@type":"PropertyValueSpecification","valueRequired":true,"valueName":"search_term_string"}}],"inLanguage":"pt-BR"},{"@type":"Organization","@id":"https:\/\/www.sevenjackpots.com\/br\/#organization","name":"SevenJackpots","url":"https:\/\/www.sevenjackpots.com\/br\/","logo":{"@type":"ImageObject","inLanguage":"pt-BR","@id":"https:\/\/www.sevenjackpots.com\/br\/#\/schema\/logo\/image\/","url":"https:\/\/www.sevenjackpots.com\/wp-content\/uploads\/2024\/09\/sevenjackpots-yoast.png","contentUrl":"https:\/\/www.sevenjackpots.com\/wp-content\/uploads\/2024\/09\/sevenjackpots-yoast.png","width":750,"height":750,"caption":"SevenJackpots"},"image":{"@id":"https:\/\/www.sevenjackpots.com\/br\/#\/schema\/logo\/image\/"},"sameAs":["https:\/\/www.facebook.com\/Sevenjackpots.in\/","https:\/\/www.youtube.com\/channel\/UCn-K2LNaXT1XckDT1l8MnfA","https:\/\/www.instagram.com\/sevenjackpots\/"]}]}},"acf":[],"_links":{"self":[{"href":"https:\/\/www.sevenjackpots.com\/br\/wp-json\/wp\/v2\/pages\/40915","targetHints":{"allow":["GET"]}}],"collection":[{"href":"https:\/\/www.sevenjackpots.com\/br\/wp-json\/wp\/v2\/pages"}],"about":[{"href":"https:\/\/www.sevenjackpots.com\/br\/wp-json\/wp\/v2\/types\/page"}],"author":[{"embeddable":true,"href":"https:\/\/www.sevenjackpots.com\/br\/wp-json\/wp\/v2\/users\/4"}],"replies":[{"embeddable":true,"href":"https:\/\/www.sevenjackpots.com\/br\/wp-json\/wp\/v2\/comments?post=40915"}],"version-history":[{"count":3,"href":"https:\/\/www.sevenjackpots.com\/br\/wp-json\/wp\/v2\/pages\/40915\/revisions"}],"predecessor-version":[{"id":40980,"href":"https:\/\/www.sevenjackpots.com\/br\/wp-json\/wp\/v2\/pages\/40915\/revisions\/40980"}],"up":[{"embeddable":true,"href":"https:\/\/www.sevenjackpots.com\/br\/wp-json\/wp\/v2\/pages\/24824"}],"wp:featuredmedia":[{"embeddable":true,"href":"https:\/\/www.sevenjackpots.com\/br\/wp-json\/wp\/v2\/media\/40919"}],"wp:attachment":[{"href":"https:\/\/www.sevenjackpots.com\/br\/wp-json\/wp\/v2\/media?parent=40915"}],"wp:term":[{"taxonomy":"category","embeddable":true,"href":"https:\/\/www.sevenjackpots.com\/br\/wp-json\/wp\/v2\/categories?post=40915"},{"taxonomy":"post_tag","embeddable":true,"href":"https:\/\/www.sevenjackpots.com\/br\/wp-json\/wp\/v2\/tags?post=40915"}],"curies":[{"name":"wp","href":"https:\/\/api.w.org\/{rel}","templated":true}]}}